{"id":180,"date":"2025-03-18T12:44:50","date_gmt":"2025-03-18T12:44:50","guid":{"rendered":"https:\/\/zen-box.pro\/?page_id=180"},"modified":"2025-07-30T13:50:06","modified_gmt":"2025-07-30T13:50:06","slug":"%e7%ab%8b%e5%8d%b3%e8%b3%bc%e8%b2%b7","status":"publish","type":"page","link":"https:\/\/zen-box.pro\/zh_tw\/%e7%ab%8b%e5%8d%b3%e8%b3%bc%e8%b2%b7\/","title":{"rendered":"\u7acb\u5373\u8cfc\u8cb7"},"content":{"rendered":"<div data-elementor-type=\"wp-page\" data-elementor-id=\"180\" class=\"elementor elementor-180\" data-elementor-post-type=\"page\">\n\t\t\t\t<div class=\"elementor-element elementor-element-4544ea1 e-flex e-con-boxed e-con e-parent\" data-id=\"4544ea1\" data-element_type=\"container\" data-e-type=\"container\" data-settings=\"{&quot;background_background&quot;:&quot;classic&quot;}\">\n\t\t\t\t\t<div class=\"e-con-inner\">\n\t\t<div class=\"elementor-element elementor-element-12dcf99 e-con-full e-flex e-con e-child\" data-id=\"12dcf99\" data-element_type=\"container\" data-e-type=\"container\">\n\t\t\t\t<div class=\"elementor-element elementor-element-284690f elementor-widget elementor-widget-heading\" data-id=\"284690f\" data-element_type=\"widget\" data-e-type=\"widget\" data-widget_type=\"heading.default\">\n\t\t\t\t<div class=\"elementor-widget-container\">\n\t\t\t\t\t<h1 class=\"elementor-heading-title elementor-size-large\">\u7acb\u5373\u8a02\u8cfc<\/h1>\t\t\t\t<\/div>\n\t\t\t\t<\/div>\n\t\t\t\t<\/div>\n\t\t<div class=\"elementor-element elementor-element-6ea8ad4 elementor-hidden-mobile e-con-full e-flex e-con e-child\" data-id=\"6ea8ad4\" data-element_type=\"container\" data-e-type=\"container\">\n\t\t\t\t<\/div>\n\t\t\t\t\t<\/div>\n\t\t\t\t<\/div>\n\t\t<div class=\"elementor-element elementor-element-d1912f6 e-flex e-con-boxed e-con e-parent\" data-id=\"d1912f6\" data-element_type=\"container\" data-e-type=\"container\">\n\t\t\t\t\t<div class=\"e-con-inner\">\n\t\t<div class=\"elementor-element elementor-element-b25b5ed e-con-full e-flex e-con e-child\" data-id=\"b25b5ed\" data-element_type=\"container\" data-e-type=\"container\">\n\t\t\t\t<div class=\"elementor-element elementor-element-f2b22d2 elementor-widget elementor-widget-image\" data-id=\"f2b22d2\" data-element_type=\"widget\" data-e-type=\"widget\" data-widget_type=\"image.default\">\n\t\t\t\t<div class=\"elementor-widget-container\">\n\t\t\t\t\t\t\t\t\t\t\t\t\t\t\t<img fetchpriority=\"high\" decoding=\"async\" width=\"800\" height=\"800\" src=\"https:\/\/zen-box.pro\/wp-content\/uploads\/2025\/03\/zenbox-pro-disable-start-stop-rsa-isa-1024x1024.jpg\" class=\"attachment-large size-large wp-image-671\" alt=\"\" srcset=\"https:\/\/zen-box.pro\/wp-content\/uploads\/2025\/03\/zenbox-pro-disable-start-stop-rsa-isa-1024x1024.jpg 1024w, https:\/\/zen-box.pro\/wp-content\/uploads\/2025\/03\/zenbox-pro-disable-start-stop-rsa-isa-300x300.jpg 300w, https:\/\/zen-box.pro\/wp-content\/uploads\/2025\/03\/zenbox-pro-disable-start-stop-rsa-isa-150x150.jpg 150w, https:\/\/zen-box.pro\/wp-content\/uploads\/2025\/03\/zenbox-pro-disable-start-stop-rsa-isa-768x768.jpg 768w, https:\/\/zen-box.pro\/wp-content\/uploads\/2025\/03\/zenbox-pro-disable-start-stop-rsa-isa-1536x1536.jpg 1536w, https:\/\/zen-box.pro\/wp-content\/uploads\/2025\/03\/zenbox-pro-disable-start-stop-rsa-isa.jpg 1600w\" sizes=\"(max-width: 800px) 100vw, 800px\" \/>\t\t\t\t\t\t\t\t\t\t\t\t\t\t\t<\/div>\n\t\t\t\t<\/div>\n\t\t\t\t<\/div>\n\t\t<div class=\"elementor-element elementor-element-7d2d847 e-con-full e-flex e-con e-child\" data-id=\"7d2d847\" data-element_type=\"container\" data-e-type=\"container\">\n\t\t\t\t<div class=\"elementor-element elementor-element-fdb8c6e elementor-widget elementor-widget-heading\" data-id=\"fdb8c6e\" data-element_type=\"widget\" data-e-type=\"widget\" data-widget_type=\"heading.default\">\n\t\t\t\t<div class=\"elementor-widget-container\">\n\t\t\t\t\t<h4 class=\"elementor-heading-title elementor-size-default\">ZENBOX PRO<\/h4>\t\t\t\t<\/div>\n\t\t\t\t<\/div>\n\t\t\t\t<div class=\"elementor-element elementor-element-0c949f1 elementor-widget elementor-widget-heading\" data-id=\"0c949f1\" data-element_type=\"widget\" data-e-type=\"widget\" data-widget_type=\"heading.default\">\n\t\t\t\t<div class=\"elementor-widget-container\">\n\t\t\t\t\t<h3 class=\"elementor-heading-title elementor-size-default\">\u6c38\u4e45\u95dc\u9589\u7cfb\u7d71\uff1a\u555f\u52d5-\u505c\u6b62\u3001RSA\u3001TSR\u3001ISA<\/h3>\t\t\t\t<\/div>\n\t\t\t\t<\/div>\n\t\t\t\t<div class=\"elementor-element elementor-element-54df1d4 elementor-icon-list--layout-traditional elementor-list-item-link-full_width elementor-widget elementor-widget-icon-list\" data-id=\"54df1d4\" data-element_type=\"widget\" data-e-type=\"widget\" data-widget_type=\"icon-list.default\">\n\t\t\t\t<div class=\"elementor-widget-container\">\n\t\t\t\t\t\t\t<ul class=\"elementor-icon-list-items\">\n\t\t\t\t\t\t\t<li class=\"elementor-icon-list-item\">\n\t\t\t\t\t\t\t\t\t\t\t<span class=\"elementor-icon-list-icon\">\n\t\t\t\t\t\t\t<svg aria-hidden=\"true\" class=\"e-font-icon-svg e-fas-check\" viewbox=\"0 0 512 512\" xmlns=\"http:\/\/www.w3.org\/2000\/svg\"><path d=\"M173.898 439.404l-166.4-166.4c-9.997-9.997-9.997-26.206 0-36.204l36.203-36.204c9.997-9.998 26.207-9.998 36.204 0L192 312.69 432.095 72.596c9.997-9.997 26.207-9.997 36.204 0l36.203 36.204c9.997 9.997 9.997 26.206 0 36.204l-294.4 294.401c-9.998 9.997-26.207 9.997-36.204-.001z\"><\/path><\/svg>\t\t\t\t\t\t<\/span>\n\t\t\t\t\t\t\t\t\t\t<span class=\"elementor-icon-list-text\">\u4f60\u78ba\u4fdd100%\u5728\u8def\u4e0a\u5b89\u5168<\/span>\n\t\t\t\t\t\t\t\t\t<\/li>\n\t\t\t\t\t\t\t\t<li class=\"elementor-icon-list-item\">\n\t\t\t\t\t\t\t\t\t\t\t<span class=\"elementor-icon-list-icon\">\n\t\t\t\t\t\t\t<svg aria-hidden=\"true\" class=\"e-font-icon-svg e-fas-check\" viewbox=\"0 0 512 512\" xmlns=\"http:\/\/www.w3.org\/2000\/svg\"><path d=\"M173.898 439.404l-166.4-166.4c-9.997-9.997-9.997-26.206 0-36.204l36.203-36.204c9.997-9.998 26.207-9.998 36.204 0L192 312.69 432.095 72.596c9.997-9.997 26.207-9.997 36.204 0l36.203 36.204c9.997 9.997 9.997 26.206 0 36.204l-294.4 294.401c-9.998 9.997-26.207 9.997-36.204-.001z\"><\/path><\/svg>\t\t\t\t\t\t<\/span>\n\t\t\t\t\t\t\t\t\t\t<span class=\"elementor-icon-list-text\"> \u6b50\u6d32\u88fd\u9020<\/span>\n\t\t\t\t\t\t\t\t\t<\/li>\n\t\t\t\t\t\t\t\t<li class=\"elementor-icon-list-item\">\n\t\t\t\t\t\t\t\t\t\t\t<span class=\"elementor-icon-list-icon\">\n\t\t\t\t\t\t\t<svg aria-hidden=\"true\" class=\"e-font-icon-svg e-fas-check\" viewbox=\"0 0 512 512\" xmlns=\"http:\/\/www.w3.org\/2000\/svg\"><path d=\"M173.898 439.404l-166.4-166.4c-9.997-9.997-9.997-26.206 0-36.204l36.203-36.204c9.997-9.998 26.207-9.998 36.204 0L192 312.69 432.095 72.596c9.997-9.997 26.207-9.997 36.204 0l36.203 36.204c9.997 9.997 9.997 26.206 0 36.204l-294.4 294.401c-9.998 9.997-26.207 9.997-36.204-.001z\"><\/path><\/svg>\t\t\t\t\t\t<\/span>\n\t\t\t\t\t\t\t\t\t\t<span class=\"elementor-icon-list-text\"> \u60a8\u4e0d\u6703\u5931\u53bb\u8eca\u8f1b\u4fdd\u56fa<\/span>\n\t\t\t\t\t\t\t\t\t<\/li>\n\t\t\t\t\t\t\t\t<li class=\"elementor-icon-list-item\">\n\t\t\t\t\t\t\t\t\t\t\t<span class=\"elementor-icon-list-icon\">\n\t\t\t\t\t\t\t<svg aria-hidden=\"true\" class=\"e-font-icon-svg e-fas-check\" viewbox=\"0 0 512 512\" xmlns=\"http:\/\/www.w3.org\/2000\/svg\"><path d=\"M173.898 439.404l-166.4-166.4c-9.997-9.997-9.997-26.206 0-36.204l36.203-36.204c9.997-9.998 26.207-9.998 36.204 0L192 312.69 432.095 72.596c9.997-9.997 26.207-9.997 36.204 0l36.203 36.204c9.997 9.997 9.997 26.206 0 36.204l-294.4 294.401c-9.998 9.997-26.207 9.997-36.204-.001z\"><\/path><\/svg>\t\t\t\t\t\t<\/span>\n\t\t\t\t\t\t\t\t\t\t<span class=\"elementor-icon-list-text\"> \u60a8\u7121\u9700\u627f\u64d4\u4efb\u4f55\u98a8\u96aa\u3002<\/span>\n\t\t\t\t\t\t\t\t\t<\/li>\n\t\t\t\t\t\t\t\t<li class=\"elementor-icon-list-item\">\n\t\t\t\t\t\t\t\t\t\t\t<span class=\"elementor-icon-list-icon\">\n\t\t\t\t\t\t\t<svg aria-hidden=\"true\" class=\"e-font-icon-svg e-fas-check\" viewbox=\"0 0 512 512\" xmlns=\"http:\/\/www.w3.org\/2000\/svg\"><path d=\"M173.898 439.404l-166.4-166.4c-9.997-9.997-9.997-26.206 0-36.204l36.203-36.204c9.997-9.998 26.207-9.998 36.204 0L192 312.69 432.095 72.596c9.997-9.997 26.207-9.997 36.204 0l36.203 36.204c9.997 9.997 9.997 26.206 0 36.204l-294.4 294.401c-9.998 9.997-26.207 9.997-36.204-.001z\"><\/path><\/svg>\t\t\t\t\t\t<\/span>\n\t\t\t\t\t\t\t\t\t\t<span class=\"elementor-icon-list-text\">\u7b26\u5408\u6b50\u6d32E20\u8a8d\u8b49\u7684\u7522\u54c1<\/span>\n\t\t\t\t\t\t\t\t\t<\/li>\n\t\t\t\t\t\t\t\t<li class=\"elementor-icon-list-item\">\n\t\t\t\t\t\t\t\t\t\t\t<span class=\"elementor-icon-list-icon\">\n\t\t\t\t\t\t\t<svg aria-hidden=\"true\" class=\"e-font-icon-svg e-fas-check\" viewbox=\"0 0 512 512\" xmlns=\"http:\/\/www.w3.org\/2000\/svg\"><path d=\"M173.898 439.404l-166.4-166.4c-9.997-9.997-9.997-26.206 0-36.204l36.203-36.204c9.997-9.998 26.207-9.998 36.204 0L192 312.69 432.095 72.596c9.997-9.997 26.207-9.997 36.204 0l36.203 36.204c9.997 9.997 9.997 26.206 0 36.204l-294.4 294.401c-9.998 9.997-26.207 9.997-36.204-.001z\"><\/path><\/svg>\t\t\t\t\t\t<\/span>\n\t\t\t\t\t\t\t\t\t\t<span class=\"elementor-icon-list-text\">2\u5e74\u4fdd\u56fa<\/span>\n\t\t\t\t\t\t\t\t\t<\/li>\n\t\t\t\t\t\t<\/ul>\n\t\t\t\t\t\t<\/div>\n\t\t\t\t<\/div>\n\t\t<div class=\"elementor-element elementor-element-8286afb e-con-full e-flex e-con e-child\" data-id=\"8286afb\" data-element_type=\"container\" data-e-type=\"container\">\n\t\t<div class=\"elementor-element elementor-element-d855f78 e-con-full e-flex e-con e-child\" data-id=\"d855f78\" data-element_type=\"container\" data-e-type=\"container\">\n\t\t\t\t<div class=\"elementor-element elementor-element-962fc91 priceForPolandAndDutch elementor-widget elementor-widget-shortcode\" data-id=\"962fc91\" data-element_type=\"widget\" data-e-type=\"widget\" data-widget_type=\"shortcode.default\">\n\t\t\t\t<div class=\"elementor-widget-container\">\n\t\t\t\t\t\t\t<div class=\"elementor-shortcode\"><h2>  \n  \n\n <h2>\n<\/div>\n\t\t\t\t\t\t<\/div>\n\t\t\t\t<\/div>\n\t\t\t\t<div class=\"elementor-element elementor-element-e7694c8 elementor-widget__width-auto bruttoMontaz elementor-widget elementor-widget-shortcode\" data-id=\"e7694c8\" data-element_type=\"widget\" data-e-type=\"widget\" data-widget_type=\"shortcode.default\">\n\t\t\t\t<div class=\"elementor-widget-container\">\n\t\t\t\t\t\t\t<div class=\"elementor-shortcode\">\n\n\n<\/div>\n\t\t\t\t\t\t<\/div>\n\t\t\t\t<\/div>\n\t\t\t\t<\/div>\n\t\t\t\t<\/div>\n\t\t\t\t<\/div>\n\t\t\t\t\t<\/div>\n\t\t\t\t<\/div>\n\t\t<div class=\"elementor-element elementor-element-99487c1 e-flex e-con-boxed e-con e-parent\" data-id=\"99487c1\" data-element_type=\"container\" data-e-type=\"container\">\n\t\t\t\t\t<div class=\"e-con-inner\">\n\t\t\t\t<div class=\"elementor-element elementor-element-6106b47 elementor-widget elementor-widget-html\" data-id=\"6106b47\" data-element_type=\"widget\" data-e-type=\"widget\" data-widget_type=\"html.default\">\n\t\t\t\t<div class=\"elementor-widget-container\">\n\t\t\t\t\t<div class=\"col-md-12\" style=\"background-color: #fff9e6; padding: 15px;\">\r\n                                <div class=\"bg-warning p-2 text-dark bg-opacity-10 my-4\">\r\n                                    <h4>ZENBOX PRO \u7d44\u88dd<\/h4>\r\n                                    <br>\r\n                                    <p>\u70ba\u4e86\u78ba\u4fdd\u6700\u9ad8\u7684\u904b\u4f5c\u54c1\u8cea\u548c\u5b8c\u5168\u7b26\u5408\u6280\u8853\u6587\u4ef6\uff0c\u8a2d\u5099 <strong>\u6211\u5011\u50c5\u900f\u904e\u6388\u6b0a\u5b89\u88dd\u4eba\u54e1\u4ea4\u4ed8 ZENBOX PRO\u3002<\/strong><\/p>\r\n\r\n                                    <p>\u5982\u679c\u60a8\u60f3\u8a02\u8cfc ZENBOX PRO\uff0c\u8acb\u5411\u8eca\u9593\u63d0\u4f9b\u6211\u5011\u7684\u7db2\u7ad9\u548c\u806f\u7d61\u65b9\u5f0f\uff0c\u6211\u5011\u5c07\u63d0\u4f9b\u5fc5\u8981\u7684\u8aaa\u660e\u548c\u6587\u6a94\uff0c\u4e26\u5c07\u8a2d\u5099\u76f4\u63a5\u9001\u5230\u8eca\u9593\u3002<\/p>\r\n                                    <p>\u73fe\u5728\uff0c\u89e3\u6c7a\u65b9\u6848\u5c31\u5728\u60a8\u548c\u5b89\u88dd\u4eba\u54e1\u4e4b\u9593\u3002<\/p>\r\n                                    <p>\u9019\u4f7f\u6211\u5011\u78ba\u4fe1\u5b89\u88dd\u5c07\u6309\u7167\u6211\u5011\u7684\u6a19\u6e96\u9032\u884c\uff0c\u4e26\u4e14\u60a8\u5c07\u7372\u5f97\u7cfb\u7d71\u7684\u5168\u9762\u5b89\u5168\u6027\u3001\u4fdd\u56fa\u548c\u53ef\u9760\u6027\u3002<\/p>\r\n\r\n                                    <strong>\ud83d\udd27 \u60a8\u6709\u503c\u5f97\u4fe1\u8cf4\u7684\u88dd\u914d\u5de5\/\u6c7d\u8eca\u4fee\u7406\u5ee0\u55ce\uff1f<\/strong>\r\n                                    <p>\u5411\u8eca\u9593\u6240\u6709\u8005\/\u6c7d\u8eca\u96fb\u5b50\u8a2d\u5099\u5b89\u88dd\u4eba\u54e1\u63d0\u4f9b\u6211\u5011\u7684\u7db2\u7ad9 - \u8b93\u4ed6\u5011\u5beb\u4fe1\u7d66\u6211\u5011\u3002<\/p>\r\n\r\n                                    \u7531\u6b64\uff0c\u60a8\u5c07\u7372\u5f97\uff1a\r\n\r\n                                    <ul>\r\n                                        <li>\u5728\u60a8\u503c\u5f97\u4fe1\u8cf4\u7684\u8eca\u9593\u9032\u884c ZENBOX PRO \u7684\u5c08\u696d\u7d44\u88dd\uff0c<\/li>\r\n                                        <li>\u6309\u7167\u6211\u5011\u7684\u6a19\u6e96\u548c\u6587\u4ef6\u9032\u884c\u7d44\u88dd<\/li>\r\n                                        <li>\u5168\u9762\u7684\u6280\u8853\u652f\u63f4\u548c\u4fdd\u4fee\uff0c<\/li>\r\n                                        <li>\u4fdd\u8b49\u5f9e\u7b2c\u4e00\u5929\u8d77\u4e00\u5207\u5c31\u6309\u9810\u671f\u904b\u4f5c\u3002<\/li>\r\n                                    <\/ul>\r\n                                <\/div>\r\n                            <\/div>\t\t\t\t<\/div>\n\t\t\t\t<\/div>\n\t\t\t\t<div class=\"elementor-element elementor-element-e174d24 elementor-hidden-desktop elementor-hidden-tablet elementor-hidden-mobile elementor-widget elementor-widget-heading\" data-id=\"e174d24\" data-element_type=\"widget\" data-e-type=\"widget\" data-widget_type=\"heading.default\">\n\t\t\t\t<div class=\"elementor-widget-container\">\n\t\t\t\t\t<h4 class=\"elementor-heading-title elementor-size-default\">Skontaktuj si\u0119 z nami !<\/h4>\t\t\t\t<\/div>\n\t\t\t\t<\/div>\n\t\t\t\t<div class=\"elementor-element elementor-element-7dc51ea elementor-align-left goto-contact-form elementor-mobile-align-center elementor-widget__width-auto elementor-widget elementor-widget-button\" data-id=\"7dc51ea\" data-element_type=\"widget\" data-e-type=\"widget\" data-widget_type=\"button.default\">\n\t\t\t\t<div class=\"elementor-widget-container\">\n\t\t\t\t\t\t\t\t\t<div class=\"elementor-button-wrapper\">\n\t\t\t\t\t<a class=\"elementor-button elementor-button-link elementor-size-lg\" href=\"https:\/\/zen-box.pro\/zh_tw\/%e6%8e%a5%e8%a7%b8\/\">\n\t\t\t\t\t\t<span class=\"elementor-button-content-wrapper\">\n\t\t\t\t\t\t<span class=\"elementor-button-icon\">\n\t\t\t\t<svg aria-hidden=\"true\" class=\"e-font-icon-svg e-far-paper-plane\" viewbox=\"0 0 512 512\" xmlns=\"http:\/\/www.w3.org\/2000\/svg\"><path d=\"M440 6.5L24 246.4c-34.4 19.9-31.1 70.8 5.7 85.9L144 379.6V464c0 46.4 59.2 65.5 86.6 28.6l43.8-59.1 111.9 46.2c5.9 2.4 12.1 3.6 18.3 3.6 8.2 0 16.3-2.1 23.6-6.2 12.8-7.2 21.6-20 23.9-34.5l59.4-387.2c6.1-40.1-36.9-68.8-71.5-48.9zM192 464v-64.6l36.6 15.1L192 464zm212.6-28.7l-153.8-63.5L391 169.5c10.7-15.5-9.5-33.5-23.7-21.2L155.8 332.6 48 288 464 48l-59.4 387.3z\"><\/path><\/svg>\t\t\t<\/span>\n\t\t\t\t\t\t\t\t\t<span class=\"elementor-button-text\">\u63a5\u89f8<\/span>\n\t\t\t\t\t<\/span>\n\t\t\t\t\t<\/a>\n\t\t\t\t<\/div>\n\t\t\t\t\t\t\t\t<\/div>\n\t\t\t\t<\/div>\n\t\t\t\t\t<\/div>\n\t\t\t\t<\/div>\n\t\t<div class=\"elementor-element elementor-element-ead53b7 e-flex e-con-boxed e-con e-parent\" data-id=\"ead53b7\" data-element_type=\"container\" data-e-type=\"container\">\n\t\t\t\t\t<div class=\"e-con-inner\">\n\t\t<div class=\"elementor-element elementor-element-839d005 e-con-full e-flex e-con e-child\" data-id=\"839d005\" data-element_type=\"container\" data-e-type=\"container\">\n\t\t\t\t<div class=\"elementor-element elementor-element-f60e411 elementor-widget elementor-widget-shortcode\" data-id=\"f60e411\" data-element_type=\"widget\" data-e-type=\"widget\" data-no-translation=\"\" data-widget_type=\"shortcode.default\">\n\t\t\t\t<div class=\"elementor-widget-container\">\n\t\t\t\t\t<style>.elementor-element-f60e411{display:none !important}<\/style>\t\t\t\t<\/div>\n\t\t\t\t<\/div>\n\t\t\t\t<\/div>\n\t\t\t\t\t<\/div>\n\t\t\t\t<\/div>\n\t\t<div class=\"elementor-element elementor-element-73bbb8f e-flex e-con-boxed e-con e-parent\" data-id=\"73bbb8f\" data-element_type=\"container\" data-e-type=\"container\">\n\t\t\t\t\t<div class=\"e-con-inner\">\n\t\t\t\t<div class=\"elementor-element elementor-element-67c8601 elementor-widget elementor-widget-html\" data-id=\"67c8601\" data-element_type=\"widget\" data-e-type=\"widget\" data-widget_type=\"html.default\">\n\t\t\t\t<div class=\"elementor-widget-container\">\n\t\t\t\t\t<script>\r\nwindow.dataLayer = window.dataLayer || [];\r\n\r\ndocument.addEventListener('DOMContentLoaded', function(){\r\n  var form = document.querySelector('form.needs-validation');\r\n  if (!form) return;\r\n\r\n  function savePurchaseToSession(){\r\n    var transactionId = 'zb-' + Date.now();\r\n    var priceText     = document.querySelector('.razem-brutto')?.textContent || '';\r\n    var value         = parseFloat(priceText.replace(\/[^\\d\\.]\/g, '')) || 0;\r\n\r\n    var payload = {\r\n      transaction_id: transactionId,\r\n      value:          value,\r\n      currency:       'PLN',\r\n      items: [{\r\n        item_id:   'zenbox_pro',\r\n        item_name: 'ZenBOX PRO',\r\n        price:     value,\r\n        quantity:  1\r\n      }]\r\n    };\r\n\r\n    \/\/ zapisujemy do sessionStorage\r\n    sessionStorage.setItem('purchasePayload', JSON.stringify(payload));\r\n    console.debug('Saved purchase to sessionStorage \u2192', payload);\r\n  }\r\n\r\n  \/\/ przed submitem i przy klikni\u0119ciu\r\n  form.addEventListener('submit', savePurchaseToSession);\r\n  form.querySelector('[type=\"submit\"]')?.addEventListener('click', savePurchaseToSession);\r\n});\r\n<\/script>\r\n\t\t\t\t<\/div>\n\t\t\t\t<\/div>\n\t\t\t\t\t<\/div>\n\t\t\t\t<\/div>\n\t\t\t\t<\/div>","protected":false},"excerpt":{"rendered":"<p>ZAM\u00d3W TERAZ ZENBOX PRO Trwa\u0142e wy\u0142\u0105czanie system\u00f3w: start-stop, RSA, TSR, ISA Zachowujesz 100% bezpiecze\u0144stwa na drodze Wyprodukowany w Polsce Nie tracisz gwarancji pojazdu Nic nie ryzykujesz. Masz 30 dni na zwrot Produkt z Europejsk\u0105 Homologacj\u0105 E20 2 lata gwarancji ZENBOX PRO Distributeur Tuning\u2011Shop is uw vertrouwde partner in Nederland als offici\u00eble distributeur van het merk\u00a0ZENBOX\u202fPRO. [&hellip;]<\/p>","protected":false},"author":1,"featured_media":0,"parent":0,"menu_order":0,"comment_status":"closed","ping_status":"closed","template":"","meta":{"_joinchat":[],"footnotes":""},"class_list":["post-180","page","type-page","status-publish","hentry"],"_links":{"self":[{"href":"https:\/\/zen-box.pro\/zh_tw\/wp-json\/wp\/v2\/pages\/180","targetHints":{"allow":["GET"]}}],"collection":[{"href":"https:\/\/zen-box.pro\/zh_tw\/wp-json\/wp\/v2\/pages"}],"about":[{"href":"https:\/\/zen-box.pro\/zh_tw\/wp-json\/wp\/v2\/types\/page"}],"author":[{"embeddable":true,"href":"https:\/\/zen-box.pro\/zh_tw\/wp-json\/wp\/v2\/users\/1"}],"replies":[{"embeddable":true,"href":"https:\/\/zen-box.pro\/zh_tw\/wp-json\/wp\/v2\/comments?post=180"}],"version-history":[{"count":189,"href":"https:\/\/zen-box.pro\/zh_tw\/wp-json\/wp\/v2\/pages\/180\/revisions"}],"predecessor-version":[{"id":2647,"href":"https:\/\/zen-box.pro\/zh_tw\/wp-json\/wp\/v2\/pages\/180\/revisions\/2647"}],"wp:attachment":[{"href":"https:\/\/zen-box.pro\/zh_tw\/wp-json\/wp\/v2\/media?parent=180"}],"curies":[{"name":"\u53ef\u6fd5\u6027\u7c89\u5291","href":"https:\/\/api.w.org\/{rel}","templated":true}]}}