{"id":180,"date":"2025-03-18T12:44:50","date_gmt":"2025-03-18T12:44:50","guid":{"rendered":"https:\/\/zen-box.pro\/?page_id=180"},"modified":"2025-07-30T13:50:06","modified_gmt":"2025-07-30T13:50:06","slug":"mua-ngay","status":"publish","type":"page","link":"https:\/\/zen-box.pro\/vi\/mua-ngay\/","title":{"rendered":"Mua ngay"},"content":{"rendered":"<div data-elementor-type=\"wp-page\" data-elementor-id=\"180\" class=\"elementor elementor-180\" data-elementor-post-type=\"page\">\n\t\t\t\t<div class=\"elementor-element elementor-element-4544ea1 e-flex e-con-boxed e-con e-parent\" data-id=\"4544ea1\" data-element_type=\"container\" data-e-type=\"container\" data-settings=\"{&quot;background_background&quot;:&quot;classic&quot;}\">\n\t\t\t\t\t<div class=\"e-con-inner\">\n\t\t<div class=\"elementor-element elementor-element-12dcf99 e-con-full e-flex e-con e-child\" data-id=\"12dcf99\" data-element_type=\"container\" data-e-type=\"container\">\n\t\t\t\t<div class=\"elementor-element elementor-element-284690f elementor-widget elementor-widget-heading\" data-id=\"284690f\" data-element_type=\"widget\" data-e-type=\"widget\" data-widget_type=\"heading.default\">\n\t\t\t\t<div class=\"elementor-widget-container\">\n\t\t\t\t\t<h1 class=\"elementor-heading-title elementor-size-large\">\u0110\u1eb6T H\u00c0NG NGAY<\/h1>\t\t\t\t<\/div>\n\t\t\t\t<\/div>\n\t\t\t\t<\/div>\n\t\t<div class=\"elementor-element elementor-element-6ea8ad4 elementor-hidden-mobile e-con-full e-flex e-con e-child\" data-id=\"6ea8ad4\" data-element_type=\"container\" data-e-type=\"container\">\n\t\t\t\t<\/div>\n\t\t\t\t\t<\/div>\n\t\t\t\t<\/div>\n\t\t<div class=\"elementor-element elementor-element-d1912f6 e-flex e-con-boxed e-con e-parent\" data-id=\"d1912f6\" data-element_type=\"container\" data-e-type=\"container\">\n\t\t\t\t\t<div class=\"e-con-inner\">\n\t\t<div class=\"elementor-element elementor-element-b25b5ed e-con-full e-flex e-con e-child\" data-id=\"b25b5ed\" data-element_type=\"container\" data-e-type=\"container\">\n\t\t\t\t<div class=\"elementor-element elementor-element-f2b22d2 elementor-widget elementor-widget-image\" data-id=\"f2b22d2\" data-element_type=\"widget\" data-e-type=\"widget\" data-widget_type=\"image.default\">\n\t\t\t\t<div class=\"elementor-widget-container\">\n\t\t\t\t\t\t\t\t\t\t\t\t\t\t\t<img fetchpriority=\"high\" decoding=\"async\" width=\"800\" height=\"800\" src=\"https:\/\/zen-box.pro\/wp-content\/uploads\/2025\/03\/zenbox-pro-disable-start-stop-rsa-isa-1024x1024.jpg\" class=\"attachment-large size-large wp-image-671\" alt=\"\" srcset=\"https:\/\/zen-box.pro\/wp-content\/uploads\/2025\/03\/zenbox-pro-disable-start-stop-rsa-isa-1024x1024.jpg 1024w, https:\/\/zen-box.pro\/wp-content\/uploads\/2025\/03\/zenbox-pro-disable-start-stop-rsa-isa-300x300.jpg 300w, https:\/\/zen-box.pro\/wp-content\/uploads\/2025\/03\/zenbox-pro-disable-start-stop-rsa-isa-150x150.jpg 150w, https:\/\/zen-box.pro\/wp-content\/uploads\/2025\/03\/zenbox-pro-disable-start-stop-rsa-isa-768x768.jpg 768w, https:\/\/zen-box.pro\/wp-content\/uploads\/2025\/03\/zenbox-pro-disable-start-stop-rsa-isa-1536x1536.jpg 1536w, https:\/\/zen-box.pro\/wp-content\/uploads\/2025\/03\/zenbox-pro-disable-start-stop-rsa-isa.jpg 1600w\" sizes=\"(max-width: 800px) 100vw, 800px\" \/>\t\t\t\t\t\t\t\t\t\t\t\t\t\t\t<\/div>\n\t\t\t\t<\/div>\n\t\t\t\t<\/div>\n\t\t<div class=\"elementor-element elementor-element-7d2d847 e-con-full e-flex e-con e-child\" data-id=\"7d2d847\" data-element_type=\"container\" data-e-type=\"container\">\n\t\t\t\t<div class=\"elementor-element elementor-element-fdb8c6e elementor-widget elementor-widget-heading\" data-id=\"fdb8c6e\" data-element_type=\"widget\" data-e-type=\"widget\" data-widget_type=\"heading.default\">\n\t\t\t\t<div class=\"elementor-widget-container\">\n\t\t\t\t\t<h4 class=\"elementor-heading-title elementor-size-default\">ZENBOX PRO<\/h4>\t\t\t\t<\/div>\n\t\t\t\t<\/div>\n\t\t\t\t<div class=\"elementor-element elementor-element-0c949f1 elementor-widget elementor-widget-heading\" data-id=\"0c949f1\" data-element_type=\"widget\" data-e-type=\"widget\" data-widget_type=\"heading.default\">\n\t\t\t\t<div class=\"elementor-widget-container\">\n\t\t\t\t\t<h3 class=\"elementor-heading-title elementor-size-default\">T\u1eaft h\u1ec7 th\u1ed1ng v\u0129nh vi\u1ec5n: start-stop, RSA, TSR, ISA<\/h3>\t\t\t\t<\/div>\n\t\t\t\t<\/div>\n\t\t\t\t<div class=\"elementor-element elementor-element-54df1d4 elementor-icon-list--layout-traditional elementor-list-item-link-full_width elementor-widget elementor-widget-icon-list\" data-id=\"54df1d4\" data-element_type=\"widget\" data-e-type=\"widget\" data-widget_type=\"icon-list.default\">\n\t\t\t\t<div class=\"elementor-widget-container\">\n\t\t\t\t\t\t\t<ul class=\"elementor-icon-list-items\">\n\t\t\t\t\t\t\t<li class=\"elementor-icon-list-item\">\n\t\t\t\t\t\t\t\t\t\t\t<span class=\"elementor-icon-list-icon\">\n\t\t\t\t\t\t\t<svg aria-hidden=\"true\" class=\"e-font-icon-svg e-fas-check\" viewbox=\"0 0 512 512\" xmlns=\"http:\/\/www.w3.org\/2000\/svg\"><path d=\"M173.898 439.404l-166.4-166.4c-9.997-9.997-9.997-26.206 0-36.204l36.203-36.204c9.997-9.998 26.207-9.998 36.204 0L192 312.69 432.095 72.596c9.997-9.997 26.207-9.997 36.204 0l36.203 36.204c9.997 9.997 9.997 26.206 0 36.204l-294.4 294.401c-9.998 9.997-26.207 9.997-36.204-.001z\"><\/path><\/svg>\t\t\t\t\t\t<\/span>\n\t\t\t\t\t\t\t\t\t\t<span class=\"elementor-icon-list-text\">B\u1ea1n gi\u1eef 100% an to\u00e0n tr\u00ean \u0111\u01b0\u1eddng<\/span>\n\t\t\t\t\t\t\t\t\t<\/li>\n\t\t\t\t\t\t\t\t<li class=\"elementor-icon-list-item\">\n\t\t\t\t\t\t\t\t\t\t\t<span class=\"elementor-icon-list-icon\">\n\t\t\t\t\t\t\t<svg aria-hidden=\"true\" class=\"e-font-icon-svg e-fas-check\" viewbox=\"0 0 512 512\" xmlns=\"http:\/\/www.w3.org\/2000\/svg\"><path d=\"M173.898 439.404l-166.4-166.4c-9.997-9.997-9.997-26.206 0-36.204l36.203-36.204c9.997-9.998 26.207-9.998 36.204 0L192 312.69 432.095 72.596c9.997-9.997 26.207-9.997 36.204 0l36.203 36.204c9.997 9.997 9.997 26.206 0 36.204l-294.4 294.401c-9.998 9.997-26.207 9.997-36.204-.001z\"><\/path><\/svg>\t\t\t\t\t\t<\/span>\n\t\t\t\t\t\t\t\t\t\t<span class=\"elementor-icon-list-text\"> S\u1ea3n xu\u1ea5t t\u1ea1i Ch\u00e2u \u00c2u<\/span>\n\t\t\t\t\t\t\t\t\t<\/li>\n\t\t\t\t\t\t\t\t<li class=\"elementor-icon-list-item\">\n\t\t\t\t\t\t\t\t\t\t\t<span class=\"elementor-icon-list-icon\">\n\t\t\t\t\t\t\t<svg aria-hidden=\"true\" class=\"e-font-icon-svg e-fas-check\" viewbox=\"0 0 512 512\" xmlns=\"http:\/\/www.w3.org\/2000\/svg\"><path d=\"M173.898 439.404l-166.4-166.4c-9.997-9.997-9.997-26.206 0-36.204l36.203-36.204c9.997-9.998 26.207-9.998 36.204 0L192 312.69 432.095 72.596c9.997-9.997 26.207-9.997 36.204 0l36.203 36.204c9.997 9.997 9.997 26.206 0 36.204l-294.4 294.401c-9.998 9.997-26.207 9.997-36.204-.001z\"><\/path><\/svg>\t\t\t\t\t\t<\/span>\n\t\t\t\t\t\t\t\t\t\t<span class=\"elementor-icon-list-text\"> B\u1ea1n kh\u00f4ng m\u1ea5t quy\u1ec1n b\u1ea3o h\u00e0nh xe c\u1ee7a m\u00ecnh<\/span>\n\t\t\t\t\t\t\t\t\t<\/li>\n\t\t\t\t\t\t\t\t<li class=\"elementor-icon-list-item\">\n\t\t\t\t\t\t\t\t\t\t\t<span class=\"elementor-icon-list-icon\">\n\t\t\t\t\t\t\t<svg aria-hidden=\"true\" class=\"e-font-icon-svg e-fas-check\" viewbox=\"0 0 512 512\" xmlns=\"http:\/\/www.w3.org\/2000\/svg\"><path d=\"M173.898 439.404l-166.4-166.4c-9.997-9.997-9.997-26.206 0-36.204l36.203-36.204c9.997-9.998 26.207-9.998 36.204 0L192 312.69 432.095 72.596c9.997-9.997 26.207-9.997 36.204 0l36.203 36.204c9.997 9.997 9.997 26.206 0 36.204l-294.4 294.401c-9.998 9.997-26.207 9.997-36.204-.001z\"><\/path><\/svg>\t\t\t\t\t\t<\/span>\n\t\t\t\t\t\t\t\t\t\t<span class=\"elementor-icon-list-text\"> B\u1ea1n kh\u00f4ng ph\u1ea3i m\u1ea1o hi\u1ec3m g\u00ec c\u1ea3.<\/span>\n\t\t\t\t\t\t\t\t\t<\/li>\n\t\t\t\t\t\t\t\t<li class=\"elementor-icon-list-item\">\n\t\t\t\t\t\t\t\t\t\t\t<span class=\"elementor-icon-list-icon\">\n\t\t\t\t\t\t\t<svg aria-hidden=\"true\" class=\"e-font-icon-svg e-fas-check\" viewbox=\"0 0 512 512\" xmlns=\"http:\/\/www.w3.org\/2000\/svg\"><path d=\"M173.898 439.404l-166.4-166.4c-9.997-9.997-9.997-26.206 0-36.204l36.203-36.204c9.997-9.998 26.207-9.998 36.204 0L192 312.69 432.095 72.596c9.997-9.997 26.207-9.997 36.204 0l36.203 36.204c9.997 9.997 9.997 26.206 0 36.204l-294.4 294.401c-9.998 9.997-26.207 9.997-36.204-.001z\"><\/path><\/svg>\t\t\t\t\t\t<\/span>\n\t\t\t\t\t\t\t\t\t\t<span class=\"elementor-icon-list-text\">S\u1ea3n ph\u1ea9m \u0111\u1ea1t chu\u1ea9n Ch\u00e2u \u00c2u E20<\/span>\n\t\t\t\t\t\t\t\t\t<\/li>\n\t\t\t\t\t\t\t\t<li class=\"elementor-icon-list-item\">\n\t\t\t\t\t\t\t\t\t\t\t<span class=\"elementor-icon-list-icon\">\n\t\t\t\t\t\t\t<svg aria-hidden=\"true\" class=\"e-font-icon-svg e-fas-check\" viewbox=\"0 0 512 512\" xmlns=\"http:\/\/www.w3.org\/2000\/svg\"><path d=\"M173.898 439.404l-166.4-166.4c-9.997-9.997-9.997-26.206 0-36.204l36.203-36.204c9.997-9.998 26.207-9.998 36.204 0L192 312.69 432.095 72.596c9.997-9.997 26.207-9.997 36.204 0l36.203 36.204c9.997 9.997 9.997 26.206 0 36.204l-294.4 294.401c-9.998 9.997-26.207 9.997-36.204-.001z\"><\/path><\/svg>\t\t\t\t\t\t<\/span>\n\t\t\t\t\t\t\t\t\t\t<span class=\"elementor-icon-list-text\">B\u1ea3o h\u00e0nh 2 n\u0103m<\/span>\n\t\t\t\t\t\t\t\t\t<\/li>\n\t\t\t\t\t\t<\/ul>\n\t\t\t\t\t\t<\/div>\n\t\t\t\t<\/div>\n\t\t<div class=\"elementor-element elementor-element-8286afb e-con-full e-flex e-con e-child\" data-id=\"8286afb\" data-element_type=\"container\" data-e-type=\"container\">\n\t\t<div class=\"elementor-element elementor-element-d855f78 e-con-full e-flex e-con e-child\" data-id=\"d855f78\" data-element_type=\"container\" data-e-type=\"container\">\n\t\t\t\t<div class=\"elementor-element elementor-element-962fc91 priceForPolandAndDutch elementor-widget elementor-widget-shortcode\" data-id=\"962fc91\" data-element_type=\"widget\" data-e-type=\"widget\" data-widget_type=\"shortcode.default\">\n\t\t\t\t<div class=\"elementor-widget-container\">\n\t\t\t\t\t\t\t<div class=\"elementor-shortcode\"><h2>  \n  \n\n <h2>\n<\/div>\n\t\t\t\t\t\t<\/div>\n\t\t\t\t<\/div>\n\t\t\t\t<div class=\"elementor-element elementor-element-e7694c8 elementor-widget__width-auto bruttoMontaz elementor-widget elementor-widget-shortcode\" data-id=\"e7694c8\" data-element_type=\"widget\" data-e-type=\"widget\" data-widget_type=\"shortcode.default\">\n\t\t\t\t<div class=\"elementor-widget-container\">\n\t\t\t\t\t\t\t<div class=\"elementor-shortcode\">\n\n\n<\/div>\n\t\t\t\t\t\t<\/div>\n\t\t\t\t<\/div>\n\t\t\t\t<\/div>\n\t\t\t\t<\/div>\n\t\t\t\t<\/div>\n\t\t\t\t\t<\/div>\n\t\t\t\t<\/div>\n\t\t<div class=\"elementor-element elementor-element-99487c1 e-flex e-con-boxed e-con e-parent\" data-id=\"99487c1\" data-element_type=\"container\" data-e-type=\"container\">\n\t\t\t\t\t<div class=\"e-con-inner\">\n\t\t\t\t<div class=\"elementor-element elementor-element-6106b47 elementor-widget elementor-widget-html\" data-id=\"6106b47\" data-element_type=\"widget\" data-e-type=\"widget\" data-widget_type=\"html.default\">\n\t\t\t\t<div class=\"elementor-widget-container\">\n\t\t\t\t\t<div class=\"col-md-12\" style=\"background-color: #fff9e6; padding: 15px;\">\r\n                                <div class=\"bg-warning p-2 text-dark bg-opacity-10 my-4\">\r\n                                    <h4>L\u1eafp r\u00e1p ZENBOX PRO<\/h4>\r\n                                    <br>\r\n                                    <p>\u0110\u1ec3 \u0111\u1ea3m b\u1ea3o ch\u1ea5t l\u01b0\u1ee3ng ho\u1ea1t \u0111\u1ed9ng cao nh\u1ea5t v\u00e0 tu\u00e2n th\u1ee7 \u0111\u1ea7y \u0111\u1ee7 c\u00e1c t\u00e0i li\u1ec7u k\u1ef9 thu\u1eadt, c\u00e1c thi\u1ebft b\u1ecb <strong>Ch\u00fang t\u00f4i ch\u1ec9 ph\u00e2n ph\u1ed1i ZENBOX PRO th\u00f4ng qua c\u00e1c \u0111\u01a1n v\u1ecb l\u1eafp \u0111\u1eb7t \u0111\u01b0\u1ee3c \u1ee7y quy\u1ec1n.<\/strong><\/p>\r\n\r\n                                    <p>N\u1ebfu b\u1ea1n mu\u1ed1n \u0111\u1eb7t mua ZENBOX PRO, vui l\u00f2ng cung c\u1ea5p cho x\u01b0\u1edfng s\u1ea3n xu\u1ea5t trang web v\u00e0 th\u00f4ng tin li\u00ean l\u1ea1c c\u1ee7a ch\u00fang t\u00f4i, ch\u00fang t\u00f4i s\u1ebd cung c\u1ea5p h\u01b0\u1edbng d\u1eabn v\u00e0 t\u00e0i li\u1ec7u c\u1ea7n thi\u1ebft, \u0111\u1ed3ng th\u1eddi giao thi\u1ebft b\u1ecb tr\u1ef1c ti\u1ebfp \u0111\u1ebfn x\u01b0\u1edfng s\u1ea3n xu\u1ea5t.<\/p>\r\n                                    <p>Vi\u1ec7c gi\u1ea3i quy\u1ebft b\u00e2y gi\u1edd l\u00e0 gi\u1eefa b\u1ea1n v\u00e0 ng\u01b0\u1eddi c\u00e0i \u0111\u1eb7t.<\/p>\r\n                                    <p>\u0110i\u1ec1u n\u00e0y gi\u00fap ch\u00fang t\u00f4i ch\u1eafc ch\u1eafn r\u1eb1ng vi\u1ec7c l\u1eafp \u0111\u1eb7t s\u1ebd \u0111\u01b0\u1ee3c th\u1ef1c hi\u1ec7n theo \u0111\u00fang ti\u00eau chu\u1ea9n c\u1ee7a ch\u00fang t\u00f4i v\u00e0 b\u1ea1n s\u1ebd c\u00f3 \u0111\u01b0\u1ee3c s\u1ef1 an to\u00e0n, b\u1ea3o h\u00e0nh v\u00e0 \u0111\u1ed9 tin c\u1eady ho\u00e0n to\u00e0n c\u1ee7a h\u1ec7 th\u1ed1ng.<\/p>\r\n\r\n                                    <strong>\ud83d\udd27 B\u1ea1n c\u00f3 th\u1ee3 l\u1eafp r\u00e1p\/x\u01b0\u1edfng s\u1eeda \u00f4 t\u00f4 \u0111\u00e1ng tin c\u1eady kh\u00f4ng?<\/strong>\r\n                                    <p>Cung c\u1ea5p trang web c\u1ee7a ch\u00fang t\u00f4i cho ch\u1ee7 x\u01b0\u1edfng\/ng\u01b0\u1eddi l\u1eafp \u0111\u1eb7t thi\u1ebft b\u1ecb \u0111i\u1ec7n t\u1eed tr\u00ean \u00f4 t\u00f4 - \u0111\u1ec3 h\u1ecd vi\u1ebft th\u01b0 cho ch\u00fang t\u00f4i.<\/p>\r\n\r\n                                    Nh\u1edd \u0111\u00f3, b\u1ea1n s\u1ebd \u0111\u1ea1t \u0111\u01b0\u1ee3c:\r\n\r\n                                    <ul>\r\n                                        <li>l\u1eafp r\u00e1p chuy\u00ean nghi\u1ec7p ZENBOX PRO t\u1ea1i x\u01b0\u1edfng \u0111\u00e1ng tin c\u1eady c\u1ee7a b\u1ea1n,<\/li>\r\n                                        <li>l\u1eafp r\u00e1p theo ti\u00eau chu\u1ea9n v\u00e0 t\u00e0i li\u1ec7u c\u1ee7a ch\u00fang t\u00f4i<\/li>\r\n                                        <li>h\u1ed7 tr\u1ee3 k\u1ef9 thu\u1eadt v\u00e0 b\u1ea3o h\u00e0nh \u0111\u1ea7y \u0111\u1ee7,<\/li>\r\n                                        <li>\u0111\u1ea3m b\u1ea3o m\u1ecdi th\u1ee9 ho\u1ea1t \u0111\u1ed9ng nh\u01b0 mong \u0111\u1ee3i \u2013 ngay t\u1eeb ng\u00e0y \u0111\u1ea7u ti\u00ean.<\/li>\r\n                                    <\/ul>\r\n                                <\/div>\r\n                            <\/div>\t\t\t\t<\/div>\n\t\t\t\t<\/div>\n\t\t\t\t<div class=\"elementor-element elementor-element-e174d24 elementor-hidden-desktop elementor-hidden-tablet elementor-hidden-mobile elementor-widget elementor-widget-heading\" data-id=\"e174d24\" data-element_type=\"widget\" data-e-type=\"widget\" data-widget_type=\"heading.default\">\n\t\t\t\t<div class=\"elementor-widget-container\">\n\t\t\t\t\t<h4 class=\"elementor-heading-title elementor-size-default\">Skontaktuj si\u0119 z nami !<\/h4>\t\t\t\t<\/div>\n\t\t\t\t<\/div>\n\t\t\t\t<div class=\"elementor-element elementor-element-7dc51ea elementor-align-left goto-contact-form elementor-mobile-align-center elementor-widget__width-auto elementor-widget elementor-widget-button\" data-id=\"7dc51ea\" data-element_type=\"widget\" data-e-type=\"widget\" data-widget_type=\"button.default\">\n\t\t\t\t<div class=\"elementor-widget-container\">\n\t\t\t\t\t\t\t\t\t<div class=\"elementor-button-wrapper\">\n\t\t\t\t\t<a class=\"elementor-button elementor-button-link elementor-size-lg\" href=\"https:\/\/zen-box.pro\/vi\/lien-he\/\">\n\t\t\t\t\t\t<span class=\"elementor-button-content-wrapper\">\n\t\t\t\t\t\t<span class=\"elementor-button-icon\">\n\t\t\t\t<svg aria-hidden=\"true\" class=\"e-font-icon-svg e-far-paper-plane\" viewbox=\"0 0 512 512\" xmlns=\"http:\/\/www.w3.org\/2000\/svg\"><path d=\"M440 6.5L24 246.4c-34.4 19.9-31.1 70.8 5.7 85.9L144 379.6V464c0 46.4 59.2 65.5 86.6 28.6l43.8-59.1 111.9 46.2c5.9 2.4 12.1 3.6 18.3 3.6 8.2 0 16.3-2.1 23.6-6.2 12.8-7.2 21.6-20 23.9-34.5l59.4-387.2c6.1-40.1-36.9-68.8-71.5-48.9zM192 464v-64.6l36.6 15.1L192 464zm212.6-28.7l-153.8-63.5L391 169.5c10.7-15.5-9.5-33.5-23.7-21.2L155.8 332.6 48 288 464 48l-59.4 387.3z\"><\/path><\/svg>\t\t\t<\/span>\n\t\t\t\t\t\t\t\t\t<span class=\"elementor-button-text\">LI\u00caN H\u1ec6<\/span>\n\t\t\t\t\t<\/span>\n\t\t\t\t\t<\/a>\n\t\t\t\t<\/div>\n\t\t\t\t\t\t\t\t<\/div>\n\t\t\t\t<\/div>\n\t\t\t\t\t<\/div>\n\t\t\t\t<\/div>\n\t\t<div class=\"elementor-element elementor-element-ead53b7 e-flex e-con-boxed e-con e-parent\" data-id=\"ead53b7\" data-element_type=\"container\" data-e-type=\"container\">\n\t\t\t\t\t<div class=\"e-con-inner\">\n\t\t<div class=\"elementor-element elementor-element-839d005 e-con-full e-flex e-con e-child\" data-id=\"839d005\" data-element_type=\"container\" data-e-type=\"container\">\n\t\t\t\t<div class=\"elementor-element elementor-element-f60e411 elementor-widget elementor-widget-shortcode\" data-id=\"f60e411\" data-element_type=\"widget\" data-e-type=\"widget\" data-no-translation=\"\" data-widget_type=\"shortcode.default\">\n\t\t\t\t<div class=\"elementor-widget-container\">\n\t\t\t\t\t<style>.elementor-element-f60e411{display:none !important}<\/style>\t\t\t\t<\/div>\n\t\t\t\t<\/div>\n\t\t\t\t<\/div>\n\t\t\t\t\t<\/div>\n\t\t\t\t<\/div>\n\t\t<div class=\"elementor-element elementor-element-73bbb8f e-flex e-con-boxed e-con e-parent\" data-id=\"73bbb8f\" data-element_type=\"container\" data-e-type=\"container\">\n\t\t\t\t\t<div class=\"e-con-inner\">\n\t\t\t\t<div class=\"elementor-element elementor-element-67c8601 elementor-widget elementor-widget-html\" data-id=\"67c8601\" data-element_type=\"widget\" data-e-type=\"widget\" data-widget_type=\"html.default\">\n\t\t\t\t<div class=\"elementor-widget-container\">\n\t\t\t\t\t<script>\r\nwindow.dataLayer = window.dataLayer || [];\r\n\r\ndocument.addEventListener('DOMContentLoaded', function(){\r\n  var form = document.querySelector('form.needs-validation');\r\n  if (!form) return;\r\n\r\n  function savePurchaseToSession(){\r\n    var transactionId = 'zb-' + Date.now();\r\n    var priceText     = document.querySelector('.razem-brutto')?.textContent || '';\r\n    var value         = parseFloat(priceText.replace(\/[^\\d\\.]\/g, '')) || 0;\r\n\r\n    var payload = {\r\n      transaction_id: transactionId,\r\n      value:          value,\r\n      currency:       'PLN',\r\n      items: [{\r\n        item_id:   'zenbox_pro',\r\n        item_name: 'ZenBOX PRO',\r\n        price:     value,\r\n        quantity:  1\r\n      }]\r\n    };\r\n\r\n    \/\/ zapisujemy do sessionStorage\r\n    sessionStorage.setItem('purchasePayload', JSON.stringify(payload));\r\n    console.debug('Saved purchase to sessionStorage \u2192', payload);\r\n  }\r\n\r\n  \/\/ przed submitem i przy klikni\u0119ciu\r\n  form.addEventListener('submit', savePurchaseToSession);\r\n  form.querySelector('[type=\"submit\"]')?.addEventListener('click', savePurchaseToSession);\r\n});\r\n<\/script>\r\n\t\t\t\t<\/div>\n\t\t\t\t<\/div>\n\t\t\t\t\t<\/div>\n\t\t\t\t<\/div>\n\t\t\t\t<\/div>","protected":false},"excerpt":{"rendered":"<p>\u0110\u1eb6T H\u00c0NG NGAY ZENBOX PRO V\u00f4 hi\u1ec7u h\u00f3a v\u0129nh vi\u1ec5n c\u00e1c h\u1ec7 th\u1ed1ng sau: start-stop, RSA, TSR, ISA B\u1ea1n gi\u1eef cho chi\u1ebfc 100% c\u1ee7a m\u00ecnh an to\u00e0n tr\u00ean \u0111\u01b0\u1eddng S\u1ea3n xu\u1ea5t t\u1ea1i Ba Lan B\u1ea1n kh\u00f4ng m\u1ea5t b\u1ea3o h\u00e0nh xe B\u1ea1n kh\u00f4ng ph\u1ea3i lo l\u1eafng g\u00ec. B\u1ea1n c\u00f3 30 ng\u00e0y \u0111\u1ec3 tr\u1ea3 l\u1ea1i S\u1ea3n ph\u1ea9m \u0111\u1ea1t chu\u1ea9n E20 c\u1ee7a Ch\u00e2u \u00c2u B\u1ea3o h\u00e0nh 2 n\u0103m ZENBOX PRO Nh\u00e0 ph\u00e2n ph\u1ed1i Tuning\u2011Shop l\u00e0 \u0111\u1ed1i t\u00e1c c\u1ee7a ch\u00fang t\u00f4i t\u1ea1i H\u00e0 Lan v\u1edbi t\u01b0 c\u00e1ch l\u00e0 nh\u00e0 ph\u00e2n ph\u1ed1i ch\u00ednh th\u1ee9c th\u01b0\u01a1ng hi\u1ec7u ZENBOX PRO. [\u2026]<\/p>","protected":false},"author":1,"featured_media":0,"parent":0,"menu_order":0,"comment_status":"closed","ping_status":"closed","template":"","meta":{"_joinchat":[],"footnotes":""},"class_list":["post-180","page","type-page","status-publish","hentry"],"_links":{"self":[{"href":"https:\/\/zen-box.pro\/vi\/wp-json\/wp\/v2\/pages\/180","targetHints":{"allow":["GET"]}}],"collection":[{"href":"https:\/\/zen-box.pro\/vi\/wp-json\/wp\/v2\/pages"}],"about":[{"href":"https:\/\/zen-box.pro\/vi\/wp-json\/wp\/v2\/types\/page"}],"author":[{"embeddable":true,"href":"https:\/\/zen-box.pro\/vi\/wp-json\/wp\/v2\/users\/1"}],"replies":[{"embeddable":true,"href":"https:\/\/zen-box.pro\/vi\/wp-json\/wp\/v2\/comments?post=180"}],"version-history":[{"count":189,"href":"https:\/\/zen-box.pro\/vi\/wp-json\/wp\/v2\/pages\/180\/revisions"}],"predecessor-version":[{"id":2647,"href":"https:\/\/zen-box.pro\/vi\/wp-json\/wp\/v2\/pages\/180\/revisions\/2647"}],"wp:attachment":[{"href":"https:\/\/zen-box.pro\/vi\/wp-json\/wp\/v2\/media?parent=180"}],"curies":[{"name":"wp","href":"https:\/\/api.w.org\/{rel}","templated":true}]}}