{"id":874,"date":"2025-03-31T10:47:54","date_gmt":"2025-03-31T10:47:54","guid":{"rendered":"https:\/\/zen-box.pro\/?page_id=874"},"modified":"2025-10-15T11:01:07","modified_gmt":"2025-10-15T11:01:07","slug":"stadga","status":"publish","type":"page","link":"https:\/\/zen-box.pro\/sv\/stadga\/","title":{"rendered":"Stadga"},"content":{"rendered":"<div data-elementor-type=\"wp-page\" data-elementor-id=\"874\" class=\"elementor elementor-874\" data-elementor-post-type=\"page\">\n\t\t\t\t<div class=\"elementor-element elementor-element-49b7fcb e-flex e-con-boxed e-con e-parent\" data-id=\"49b7fcb\" data-element_type=\"container\" data-e-type=\"container\" data-settings=\"{&quot;background_background&quot;:&quot;classic&quot;}\">\n\t\t\t\t\t<div class=\"e-con-inner\">\n\t\t<div class=\"elementor-element elementor-element-92afc7b e-con-full e-flex e-con e-child\" data-id=\"92afc7b\" data-element_type=\"container\" data-e-type=\"container\">\n\t\t\t\t<div class=\"elementor-element elementor-element-b84a38c elementor-widget elementor-widget-heading\" data-id=\"b84a38c\" data-element_type=\"widget\" data-e-type=\"widget\" data-widget_type=\"heading.default\">\n\t\t\t\t<div class=\"elementor-widget-container\">\n\t\t\t\t\t<div class=\"elementor-heading-title elementor-size-large\">Stadga<\/div>\t\t\t\t<\/div>\n\t\t\t\t<\/div>\n\t\t\t\t<\/div>\n\t\t<div class=\"elementor-element elementor-element-6bde8e8 elementor-hidden-mobile e-con-full e-flex e-con e-child\" data-id=\"6bde8e8\" data-element_type=\"container\" data-e-type=\"container\">\n\t\t\t\t<\/div>\n\t\t\t\t\t<\/div>\n\t\t\t\t<\/div>\n\t\t<div class=\"elementor-element elementor-element-14182772 e-flex e-con-boxed e-con e-parent\" data-id=\"14182772\" data-element_type=\"container\" data-e-type=\"container\">\n\t\t\t\t\t<div class=\"e-con-inner\">\n\t\t\t\t<div class=\"elementor-element elementor-element-2eb03911 elementor-widget elementor-widget-text-editor\" data-id=\"2eb03911\" data-element_type=\"widget\" data-e-type=\"widget\" data-widget_type=\"text-editor.default\">\n\t\t\t\t<div class=\"elementor-widget-container\">\n\t\t\t\t\t\t\t\t\t\n<h1 class=\"wp-block-heading\">ZENBOX PRO Anv\u00e4ndarvillkor<\/h1>\n\n\n\n<p>Dessa f\u00f6reskrifter definierar villkoren f\u00f6r k\u00f6p, installation, garanti, returer och ansvarsregler f\u00f6r enheten. <strong>ZENBOX PRO<\/strong>, finns att k\u00f6pa via hemsidan <strong>zen-box.pro<\/strong>. F\u00f6reskrifterna har utarbetats p\u00e5 polska, i en formell form, med h\u00e4nsyn till till\u00e4mpliga r\u00e4ttsliga best\u00e4mmelser, s\u00e4rskilt best\u00e4mmelser som skyddar konsumenternas r\u00e4ttigheter. L\u00e4s best\u00e4mmelserna noggrant innan du k\u00f6per ZENBOX PRO-enheten.<\/p>\n\n\n\n<h2 class=\"wp-block-heading\">1. K\u00f6p- och installationsvillkor<\/h2>\n\n\n\n<ul class=\"wp-block-list\">\n<li><strong>K\u00f6p av enhet:<\/strong> K\u00f6pet av ZENBOX PRO sker via hemsidan zen-box.pro, vilket \u00e4r likv\u00e4rdigt med att ing\u00e5 ett f\u00f6rs\u00e4ljningsavtal mellan K\u00f6paren och S\u00e4ljaren (operat\u00f6ren av Zen-Box webbutik). Efter att ha lagt best\u00e4llningen och gjort betalningen bekr\u00e4ftar S\u00e4ljaren godk\u00e4nnande av best\u00e4llningen f\u00f6r utf\u00f6rande. S\u00e4ljaren levererar enheten till angiven adress eller g\u00f6r den tillg\u00e4nglig f\u00f6r installation i enlighet med valt installationsalternativ.<\/li>\n\n\n\n<li><strong>S\u00e4tt att installera enheten:<\/strong> K\u00f6paren har tv\u00e5 alternativ att v\u00e4lja mellan n\u00e4r du installerar ZENBOX PRO-enheten:<br><strong>a) Sj\u00e4lvinstallation<\/strong> \u2013 K\u00f6paren kan sj\u00e4lv installera enheten. S\u00e4ljaren tillhandah\u00e5ller detaljerade monterings- och bruksanvisningar med enheten. K\u00f6paren \u00e4r skyldig att utf\u00f6ra monteringen strikt i enlighet med instruktionerna. S\u00e4ljaren ansvarar inte f\u00f6r eventuella skador p\u00e5 enheten eller fordonet till f\u00f6ljd av felaktig sj\u00e4lvinstallation.<br><strong>b) Installation av en certifierad installat\u00f6r<\/strong> \u2013 K\u00f6paren kan anv\u00e4nda tj\u00e4nsterna fr\u00e5n ett certifierat n\u00e4tverk av installat\u00f6rer som samarbetar med S\u00e4ljaren. Beroende p\u00e5 k\u00f6parens plats kommer installationstj\u00e4nsten att utf\u00f6ras av ett av tre utsedda partnerf\u00f6retag (t.ex. f\u00f6retag X, Y eller Z). Detaljerad information om den tilldelade installat\u00f6ren och kontaktuppgifter kommer att ges till k\u00f6paren efter best\u00e4llning. <strong>Installationsserviceavtal<\/strong> ing\u00e5s direkt mellan K\u00f6paren och valt installationsf\u00f6retag - detta inneb\u00e4r att ansvarig f\u00f6r installationen och dess eventuella brister \u00e4r detta f\u00f6retag. S\u00e4ljaren agerar endast som mellanhand i att s\u00e4tta K\u00f6paren i kontakt med en certifierad installat\u00f6r och ansvarar inte f\u00f6r f\u00f6rloppet eller resultatet av installationstj\u00e4nsten som tillhandah\u00e5lls av en extern partner.<\/li>\n\n\n\n<li><strong>Insamling och start av enheter:<\/strong> Efter leverans av enheten (och eventuell installation av installat\u00f6ren) b\u00f6r K\u00f6paren kontrollera om produkten \u00e4r komplett och oskadad. I h\u00e4ndelse av skador som uppst\u00e5r under transporten eller saknade f\u00f6rem\u00e5l ska k\u00f6paren omedelbart kontakta s\u00e4ljaren. ZENBOX PRO-enheten f\u00e5r endast anv\u00e4ndas i fordon och p\u00e5 ett s\u00e4tt som \u00f6verensst\u00e4mmer med bruksanvisningen. Alla f\u00f6rs\u00f6k att modifiera enheten sj\u00e4lv \u00e4r f\u00f6rbjudna och kan leda till f\u00f6rlust av garanti och ansvar f\u00f6r eventuella skador.<\/li>\n<\/ul>\n\n\n\n<h2 class=\"wp-block-heading\">2. Garantivillkor<\/h2>\n\n\n\n<ul class=\"wp-block-list\">\n<li><strong>Garantiperiod:<\/strong> ZENBOX PRO t\u00e4cks av en garanti under en period av <strong>24 m\u00e5nader<\/strong> (2 \u00e5r) fr\u00e5n datumet f\u00f6r leverans av enheten till k\u00f6paren (dvs. fr\u00e5n datumet f\u00f6r mottagandet av leveransen med enheten eller datumet f\u00f6r installationen av enheten - beroende p\u00e5 vilken h\u00e4ndelse som intr\u00e4ffar f\u00f6rst). Det \u00e4r m\u00f6jligt att f\u00f6rl\u00e4nga garantiperioden med ytterligare en period (t.ex. med 1, 2 eller 3 \u00e5r) p\u00e5 villkor som \u00f6verenskommits individuellt med S\u00e4ljaren - i ett s\u00e5dant fall kommer villkoren f\u00f6r den ut\u00f6kade garantin att specificeras i ett separat dokument eller bilaga.<\/li>\n\n\n\n<li><strong>Omfattning av garantin:<\/strong> Garantin t\u00e4cker tillverkningsfel p\u00e5 enheten och fel som uppst\u00e5r p\u00e5 grund av orsaker som \u00e4r inneboende i ZENBOX PRO-enheten, avsl\u00f6jade under korrekt anv\u00e4ndning. Under garantiperioden \u00e5tar sig S\u00e4ljaren (eller en av S\u00e4ljaren auktoriserad enhet, t.ex. enhetstillverkaren) att kostnadsfritt reparera eller byta ut enheten mot en defektfri, om s\u00e5dana defekter rapporteras i enlighet med reklamationsf\u00f6rfarandet. Garantin g\u00e4ller inom Republiken Polens territorium. Eventuella garantireparationer kommer att utf\u00f6ras s\u00e5 snart som m\u00f6jligt, dock inte l\u00e4ngre \u00e4n 14 arbetsdagar fr\u00e5n dagen f\u00f6r leverans av den defekta utrustningen till servicest\u00e4llet (denna period kan f\u00f6rl\u00e4ngas i motiverade fall, vilket k\u00f6paren kommer att informeras om).<\/li>\n\n\n\n<li><strong>Garantiundantag:<\/strong> Garantin t\u00e4cker inte skador eller defekter p\u00e5 enheten som beror p\u00e5 andra omst\u00e4ndigheter \u00e4n defekter som \u00e4r inneboende i den s\u00e5lda produkten. I synnerhet t\u00e4cker inte garantin defekter som beror p\u00e5:<ul><li class=\"\"><strong>Felaktig installation<\/strong> enhet (inklusive installation i strid med bruksanvisningen eller utf\u00f6rd av icke-certifierad personal).<\/li><li class=\"\"><strong>Felaktig anv\u00e4ndning<\/strong> eller anv\u00e4ndning av enheten f\u00f6r andra \u00e4ndam\u00e5l \u00e4n de som den var avsedd f\u00f6r (t.ex. anv\u00e4ndning p\u00e5 ett s\u00e4tt som inte \u00e4r avsett av tillverkaren, i fordon som inte omfattas av kompatibilitetslistan, eller st\u00f6rning av enheten).<\/li><li class=\"\"><strong>G\u00f6r-det-sj\u00e4lv modifieringar eller reparationer<\/strong> gjorda av obeh\u00f6riga. Att \u00f6ppna enhetens h\u00f6lje, modifiera fordonets elektriska system ut\u00f6ver monteringsanvisningen eller g\u00f6ra andra ingrepp g\u00f6r garantin ogiltig.<\/li><li class=\"\"><strong>Mekanisk eller extern skada<\/strong> faktorer utanf\u00f6r S\u00e4ljarens kontroll (s\u00e5som v\u00e4tske\u00f6versv\u00e4mning, brand, trafikolycka, sp\u00e4nningsst\u00f6tar i fordonets installation, force majeure, etc.).<\/li><li class=\"\"><strong>Naturligt slitage<\/strong> komponenter som slits ut vid normal anv\u00e4ndning av enheten.<\/li><\/ul>Om n\u00e5gon av ovanst\u00e5ende omst\u00e4ndigheter, exklusive garantiansvar, intr\u00e4ffar, har s\u00e4ljaren r\u00e4tt att v\u00e4gra att reparera eller byta ut enheten utan kostnad. Garantir\u00e4ttigheterna utesluter, begr\u00e4nsar eller upph\u00e4ver inte K\u00f6parens r\u00e4ttigheter som f\u00f6ljer av best\u00e4mmelserna om garanti f\u00f6r defekter i den s\u00e5lda varan (om till\u00e4mpligt).<\/li>\n\n\n\n<li><strong>Klagom\u00e5lsf\u00f6rfarande:<\/strong> I h\u00e4ndelse av ett fel som omfattas av garantin b\u00f6r K\u00f6paren omedelbart (senast inom 14 dagar fr\u00e5n det att felet uppm\u00e4rksammats) framf\u00f6ra en reklamation till S\u00e4ljaren. Klagom\u00e5let ska l\u00e4mnas skriftligen eller elektroniskt (e-post) till s\u00e4ljarens kontaktuppgifter som anges i dessa regler, som beskriver det identifierade felet och omst\u00e4ndigheterna kring dess uppkomst. S\u00e4ljaren kan be dig att leverera enheten till ett utsett servicecenter eller peka f\u00f6r att verifiera defekten. Kostnaderna f\u00f6r att skicka tillbaka enheten f\u00f6r garantireparation b\u00e4rs av S\u00e4ljaren om reklamationen anses ber\u00e4ttigad (dvs defekten t\u00e4cks av garantin). Om reklamationen accepteras kommer s\u00e4ljaren att reparera enheten eller ers\u00e4tta den med en ny och skicka tillbaka den till k\u00f6paren p\u00e5 egen bekostnad. Om reklamationen avsl\u00e5s (t.ex. fastst\u00e4lls att skadan inte t\u00e4cks av garantin), kommer S\u00e4ljaren att informera K\u00f6paren om detta, motivera avslaget, och vid behov returnera enheten p\u00e5 K\u00f6parens bekostnad eller, med K\u00f6parens medgivande, utf\u00f6ra en betald reparation p\u00e5 separata villkor.<\/li>\n<\/ul>\n\n\n\n<h2 class=\"wp-block-heading\">3. Returpolicy<\/h2>\n\n\n\n<ul class=\"wp-block-list\">\n<li><strong>\u00c5ngerr\u00e4tt (retur av enhet):<\/strong> K\u00f6paren som \u00e4r konsument har r\u00e4tt att fr\u00e5ntr\u00e4da ZENBOX PRO-f\u00f6rs\u00e4ljningsavtalet som ing\u00e5tts p\u00e5 distans, utan att ange n\u00e5gon anledning, inom <strong>14 dagar<\/strong> fr\u00e5n det datum du tar emot enheten. S\u00e4ljaren ut\u00f6kar frivilligt denna r\u00e4ttighet genom att erbjuda programmet &quot;N\u00f6jdhetsgaranti eller pengarna tillbaka&quot;, enligt vilket k\u00f6paren kan fr\u00e5ntr\u00e4da avtalet inom <strong>30 dagar<\/strong> fr\u00e5n datumet f\u00f6r installationen av enheten (eller om enheten inte installerades av ett n\u00e4tverk av installat\u00f6rer \u2013 fr\u00e5n datumet f\u00f6r enhetens leverans). Du kan dra nytta av den f\u00f6rl\u00e4ngda 30-dagars returperioden f\u00f6rutsatt att du uppfyller alla krav som beskrivs nedan. R\u00e4tten till \u00e5terbetalning \u00e4r inte tillg\u00e4nglig f\u00f6r en k\u00f6pare som inte \u00e4r konsument i lagens mening, om inte parterna kommer \u00f6verens om annat.<\/li>\n\n\n\n<li><strong>Villkor f\u00f6r returacceptans:<\/strong> Den returnerade enheten m\u00e5ste vara i of\u00f6r\u00e4ndrat skick, det vill s\u00e4ga den f\u00e5r inte visa n\u00e5gra sp\u00e5r av anv\u00e4ndning som g\u00e5r ut\u00f6ver det normala omfattningen av produkttestning. K\u00f6paren b\u00f6r l\u00e4mna tillbaka enheten till <strong>originalf\u00f6rpackning<\/strong>, med en komplett upps\u00e4ttning mottagna tillbeh\u00f6r, kablar, instruktioner och ink\u00f6psbevis (kvitto eller faktura). Det \u00e4r till\u00e5tet att f\u00f6rsiktigt packa upp och installera enheten i fordonet f\u00f6r att kontrollera dess funktion, men i h\u00e4ndelse av fr\u00e5ntr\u00e4de fr\u00e5n avtalet \u00e4r k\u00f6paren skyldig att \u00e5terst\u00e4lla enheten till dess ursprungliga skick och s\u00e4kra den ordentligt under hela returtransporten. Om enheten har installerats av en certifierad installat\u00f6r m\u00e5ste k\u00f6paren till\u00e5ta att enheten demonteras innan den returneras (det rekommenderas att g\u00f6ra detta p\u00e5 en auktoriserad installationsplats). Eventuella skador p\u00e5 enheten eller fordonet till f\u00f6ljd av demontering av obeh\u00f6riga ska b\u00e4ras av k\u00f6paren. S\u00e4ljaren f\u00f6rbeh\u00e5ller sig r\u00e4tten att v\u00e4gra retur eller minska \u00e5terbetalningsbeloppet om den finner att enheten skadades p\u00e5 grund av k\u00f6parens fel eller \u00e4r ofullst\u00e4ndig.<\/li>\n\n\n\n<li><strong>\u00c5terkallelsef\u00f6rfarande:<\/strong> F\u00f6r att ut\u00f6va returr\u00e4tten m\u00e5ste K\u00f6paren till S\u00e4ljaren l\u00e4mna en otvetydig f\u00f6rklaring om fr\u00e5ntr\u00e4de fr\u00e5n avtalet f\u00f6re utg\u00e5ngen av den g\u00e4llande perioden (14 eller 30 dagar, beroende p\u00e5 fallet). Denna f\u00f6rklaring kan skickas skriftligen till S\u00e4ljarens registrerade adress eller elektroniskt till den e-postadress som anges f\u00f6r kontakt. S\u00e4ljaren kommer omedelbart att bekr\u00e4fta mottagandet av \u00e5ngerf\u00f6rklaringen (om den skickades via e-post \u2013 genom att skicka ett svarsmeddelande). D\u00e5 \u00e4r k\u00f6paren skyldig att returnera enheten till s\u00e4ljaren \u2013 den ska skickas till den lager- eller kontorsadress som s\u00e4ljaren har angett. <strong>Kostnaden f\u00f6r att returnera varorna<\/strong> vid fr\u00e5ntr\u00e4de fr\u00e5n avtalet (retur) b\u00e4rs kostnaderna i allm\u00e4nhet av K\u00f6paren, s\u00e5vida inte separata best\u00e4mmelser f\u00f6reskriver annat eller S\u00e4ljaren samtycker till att t\u00e4cka dessa kostnader. Det rekommenderas att f\u00f6rs\u00e4kra returf\u00f6rs\u00e4ndelsen mot f\u00f6rlust eller skada under transporten.<\/li>\n\n\n\n<li><strong>\u00c5terbetalning av betalning:<\/strong> I h\u00e4ndelse av ett effektivt fr\u00e5ntr\u00e4de fr\u00e5n avtalet anses avtalet inte ha ing\u00e5tts och parterna \u00e5terbetalar erh\u00e5llna f\u00f6rm\u00e5ner till varandra. S\u00e4ljaren kommer att \u00e5terbetala det pris som betalats f\u00f6r enheten (och eventuella leveranskostnader till k\u00f6paren) inom h\u00f6gst 14 dagar fr\u00e5n dagen f\u00f6r mottagandet av f\u00f6rklaringen om fr\u00e5ntr\u00e4dande fr\u00e5n avtalet. S\u00e4ljaren kan h\u00e5lla inne \u00e5terbetalningen tills enheten har mottagits tillbaka eller k\u00f6paren tillhandah\u00e5ller bevis p\u00e5 att den har skickats tillbaka, beroende p\u00e5 vilken h\u00e4ndelse som intr\u00e4ffar f\u00f6rst. \u00c5terbetalning kommer att g\u00f6ras med samma betalningsmetod som anv\u00e4ndes av k\u00f6paren i den ursprungliga transaktionen, s\u00e5vida inte k\u00f6paren uttryckligen samtycker till en annan form av \u00e5terbetalning. Om betalningen f\u00f6r enheten reglerades direkt mellan k\u00f6paren och en certifierad installat\u00f6r (t.ex. som en del av en monteringstj\u00e4nst), kan detaljerna f\u00f6r att reglera \u00e5terbetalningen f\u00f6r installationstj\u00e4nsten beh\u00f6va komma \u00f6verens med det relevanta installationsf\u00f6retaget i enlighet med villkoren i ett separat serviceavtal.<\/li>\n<\/ul>\n\n\n\n<h2 class=\"wp-block-heading\">4. Ansvar f\u00f6r fel och funktionsbegr\u00e4nsningar<\/h2>\n\n\n\n<ul class=\"wp-block-list\">\n<li><strong>Enhetens egenskaper:<\/strong> ZENBOX PRO \u00e4r en elektronisk enhet som integreras med fordonets elektroniska system f\u00f6r att <strong>permanent avaktivering av Start-Stop-systemet och RSA-systemet<\/strong> (Road Sign Assist) p\u00e5 utvalda bilmodeller. Installation av enheten avsiktligt och permanent inaktiverar de specificerade fordonsfunktionerna, vilket \u00e4r den avsedda effekten av dess drift. K\u00f6paren bekr\u00e4ftar att installationen av enheten \u00e4ndrar fordonets fabriksinst\u00e4llningar avseende driften av Start-Stop- och\/eller RSA-systemen. ZENBOX PRO ska endast anv\u00e4ndas i fordon som anges i produktspecifikationerna som st\u00f6dda modeller.<\/li>\n\n\n\n<li><strong>Kompatibilitetsbegr\u00e4nsningar:<\/strong> \u00c4ven om ZENBOX PRO \u00e4r designad f\u00f6r att vara kompatibel med ett brett utbud av fordonsm\u00e4rken och -modeller, kan det finnas tillf\u00e4llen d\u00e4r enhetens funktionalitet kommer att vara begr\u00e4nsad. F\u00f6r vissa fordonsmodeller eller deras specifika utrustningsversioner kanske Start-Stop- eller RSA-systemet inte \u00e4r helt avaktiverat, eller s\u00e5 kan fordonet visa felaktiga meddelanden eller f\u00e5 andra of\u00f6rutsedda biverkningar som ett resultat av enhetens funktion. S\u00e5dana situationer kan bero p\u00e5 individuella skillnader i fordonets programvara ombord, design\u00e4ndringar som inf\u00f6rts av fordonstillverkaren eller andra faktorer utanf\u00f6r S\u00e4ljarens kontroll. S\u00e4ljaren g\u00f6r allt f\u00f6r att tillhandah\u00e5lla en uppdaterad lista \u00f6ver kompatibla fordon och k\u00e4nda funktionsbegr\u00e4nsningar p\u00e5 produktsidan. Det rekommenderas att k\u00f6paren, innan du k\u00f6per, f\u00f6rs\u00e4krar sig (t.ex. genom att r\u00e5dfr\u00e5ga s\u00e4ljaren) att hans fordon \u00e4r bland de modeller som st\u00f6ds av ZENBOX PRO.<\/li>\n\n\n\n<li><strong>Inget ansvar f\u00f6r inkompatibilitet:<\/strong> S\u00e4ljaren ska inte h\u00e5llas ansvarig f\u00f6r eventuell inkompatibilitet mellan ZENBOX PRO-enheten med ett specifikt fordon av k\u00f6paren eller f\u00f6r ofullst\u00e4ndig funktion av enhetens funktioner i ett givet fordon, s\u00e5vida inte orsaken till s\u00e5dan inkompatibilitet eller begr\u00e4nsningar beror p\u00e5 en defekt i sj\u00e4lva enheten. Med andra ord, om anordningen som s\u00e5dan \u00e4r funktionell men inte fullt ut uppfyller sina syften p\u00e5 grund av egenskaperna hos en given fordonsmodell, utg\u00f6r detta inte grund f\u00f6r n\u00e5gra anspr\u00e5k mot S\u00e4ljaren, f\u00f6rutom K\u00f6parens eventuella ut\u00f6vande av returr\u00e4tten inom f\u00f6reskriven tid (i enlighet med punkt 3 ovan). S\u00e4ljarens ansvar i h\u00e4ndelse av fysiska defekter p\u00e5 enheten \u00e4r begr\u00e4nsat till skyldigheterna enligt den beviljade garantin (punkt 2 ovan) och garantibest\u00e4mmelserna, om till\u00e4mpligt.<\/li>\n\n\n\n<li><strong>Defekter och skador orsakade under anv\u00e4ndning:<\/strong> S\u00e4ljaren ansvarar inte f\u00f6r eventuella skador p\u00e5 fordonet eller f\u00f6r kroppsskador p\u00e5 tredje part till f\u00f6ljd av anv\u00e4ndningen av fordonet. <strong>felaktig anv\u00e4ndning<\/strong> ZENBOX PRO-enheter. I synnerhet \u00e4r S\u00e4ljarens ansvar uteslutet om K\u00f6paren: (a) anv\u00e4nde enheten i strid med instruktionerna eller dess avsedda syfte, (b) ignorerade varningar eller rekommendationer ang\u00e5ende installation och anv\u00e4ndning, (c) gjorde otill\u00e5tna \u00e4ndringar av fordonsinstallationen eller sj\u00e4lva enheten. S\u00e4ljaren ansvarar inte heller f\u00f6r <strong>indirekta effekter<\/strong> avaktivering av Start-Stop- eller RSA-systemen, s\u00e5som f\u00f6r\u00e4ndringar i br\u00e4nslef\u00f6rbrukning, avgasutsl\u00e4pp, drift av andra k\u00f6rhj\u00e4lpssystem eller ett eventuellt brott mot fordonstillverkarens garanti. K\u00f6paren \u00e4r medveten om att eventuella konsekvenser till f\u00f6ljd av avsiktlig inaktivering av fordonss\u00e4kerhets- eller effektivitetssystem (Start-Stop, RSA, etc.) med anv\u00e4ndning av ZENBOX PRO-enheten \u00e4r k\u00f6parens ansvar som medveten anv\u00e4ndare av denna enhet. Ingenting i dessa Regler begr\u00e4nsar S\u00e4ljarens ansvar i den m\u00e5n s\u00e5dant ansvar inte kan uteslutas eller begr\u00e4nsas enligt till\u00e4mplig lag (t.ex. i h\u00e4ndelse av skada orsakad avsiktligt av S\u00e4ljaren).<\/li>\n<\/ul>\n\n\n\n<h2 class=\"wp-block-heading\">5. Slutbest\u00e4mmelser<\/h2>\n\n\n\n<ul class=\"wp-block-list\">\n<li><strong>\u00c4ndringar av best\u00e4mmelserna:<\/strong> S\u00e4ljaren f\u00f6rbeh\u00e5ller sig r\u00e4tten att g\u00f6ra \u00e4ndringar i dessa Regler av viktiga sk\u00e4l, s\u00e5som \u00e4ndringar i juridiska regler, utvidgning eller f\u00f6r\u00e4ndring av produkterbjudandet, f\u00f6r\u00e4ndringar i betalnings- eller leveranss\u00e4tt eller behovet av att f\u00f6rtydliga reglernas best\u00e4mmelser. K\u00f6pare kommer att informeras om eventuella planerade \u00e4ndringar av Reglerna genom ett meddelande som publiceras p\u00e5 S\u00e4ljarens hemsida (zen-box.pro) eller via e-post (vid kundkonto eller prenumeration p\u00e5 nyhetsbrev) minst 14 dagar i f\u00f6rv\u00e4g innan datumet f\u00f6r \u00e4ndringarnas ikrafttr\u00e4dande. Best\u00e4llningar som g\u00f6rs f\u00f6re dagen f\u00f6r ikrafttr\u00e4dandet av den nya lydelsen av best\u00e4mmelserna kommer att uppfyllas enligt de tidigare principerna, s\u00e5vida inte best\u00e4mmelserna i de \u00e4ndrade best\u00e4mmelserna \u00e4r mer f\u00f6rm\u00e5nliga f\u00f6r k\u00f6paren (i vilket fall de kan g\u00e4lla \u00e4ven best\u00e4llningar som gjorts tidigare med k\u00f6parens samtycke).<\/li>\n\n\n\n<li><strong>Till\u00e4mpliga lagbest\u00e4mmelser:<\/strong> I fr\u00e5gor som inte regleras av dessa f\u00f6reskrifter ska relevanta best\u00e4mmelser g\u00e4lla. <strong>best\u00e4mmelser i polsk lag<\/strong>, s\u00e4rskilt lagen av den 23 april 1964 \u2013 civillagen (lagtidningen 1964, nr 16, punkt 93, i \u00e4ndrad lydelse) och \u2013 i f\u00f6rh\u00e5llande till k\u00f6pare som \u00e4r konsumenter \u2013 lagen av den 30 maj 2014 om konsumentr\u00e4ttigheter (lagtidningen 2014, \u00e4ndrad punkt 827). Best\u00e4mmelserna i f\u00f6rordningarna \u00e4r inte avsedda att utesluta eller begr\u00e4nsa n\u00e5gra konsumentr\u00e4ttigheter som tillerk\u00e4nns honom enligt tvingande lagbest\u00e4mmelser - i h\u00e4ndelse av konflikt mellan best\u00e4mmelserna i f\u00f6rordningarna och dessa best\u00e4mmelser ska lagbest\u00e4mmelserna ha f\u00f6retr\u00e4de.<\/li>\n\n\n\n<li><strong>Tvistl\u00f6sning:<\/strong> Eventuella tvister mellan s\u00e4ljaren och k\u00f6paren som h\u00e4rr\u00f6r fr\u00e5n f\u00f6rs\u00e4ljningskontraktet f\u00f6r ZENBOX PRO-enhet eller fr\u00e5n dessa regler kommer i f\u00f6rsta hand att l\u00f6sas i godo. K\u00f6paren kan anv\u00e4nda metoder utanf\u00f6r domstol f\u00f6r att l\u00f6sa klagom\u00e5l och driva anspr\u00e5k (t.ex. medling, skiljedom vid handelsinspektionen, ODR-plattform tillg\u00e4nglig p\u00e5 http:\/\/ec.europa.eu\/consumers\/odr). Om en uppg\u00f6relse i godo av tvisten inte \u00e4r m\u00f6jlig kommer den beh\u00f6riga domstolen att l\u00f6sa tvisten att vara den domstol med lokal och materiell jurisdiktion i enlighet med lagen.<\/li>\n\n\n\n<li><strong>Kontaktuppgifter och kundsupport:<\/strong> Vid fr\u00e5gor ang\u00e5ende produktens funktion, klagom\u00e5l, \u00f6nskem\u00e5l om att ut\u00f6va returr\u00e4tten eller andra fr\u00e5gor relaterade till k\u00f6p och anv\u00e4ndning av ZENBOX PRO, kan K\u00f6paren kontakta S\u00e4ljaren via f\u00f6ljande kanaler:<ul><li class=\"\"><strong>E-postadress:<\/strong> info@zen-box.pro<strong>Telefonjour:<\/strong> +48 732 080 889 (\u00f6ppet vardagar 9:00\u201317:00)<strong>Korrespondensadress:<\/strong> st. Mi\u0119dzyleska 4, 50-514 Wroclaw, Polen.<\/li><\/ul>S\u00e4ljaren g\u00f6r sitt yttersta f\u00f6r att kommunikationen med kunderna ska fungera smidigt och att reklamationer hanteras p\u00e5 kortast m\u00f6jliga tid. Teknisk och inneh\u00e5llsm\u00e4ssig support f\u00f6r ZENBOX PRO-anv\u00e4ndare finns tillg\u00e4nglig p\u00e5 ovanst\u00e5ende kontaktuppgifter.<\/li>\n\n\n\n<li><strong>Reglernas ikrafttr\u00e4dande:<\/strong> Dessa villkor tr\u00e4der i kraft p\u00e5 dagen f\u00f6r publicering p\u00e5 webbplatsen zen-box.pro och g\u00e4ller f\u00f6r alla best\u00e4llningar som g\u00f6rs fr\u00e5n det datumet. Reglerna utg\u00f6r en integrerad del av det f\u00f6rs\u00e4ljningsavtal som S\u00e4ljaren ing\u00e5tt med K\u00f6paren. Genom att l\u00e4gga en best\u00e4llning bekr\u00e4ftar K\u00f6paren att han eller hon har l\u00e4st Reglerna och accepterar deras best\u00e4mmelser.<\/li>\n<\/ul>\n\t\t\t\t\t\t\t\t<\/div>\n\t\t\t\t<\/div>\n\t\t\t\t\t<\/div>\n\t\t\t\t<\/div>\n\t\t\t\t<\/div>","protected":false},"excerpt":{"rendered":"<p>Allm\u00e4nna villkor ZENBOX PRO Villkor och villkor Dessa villkor definierar villkoren f\u00f6r k\u00f6p, installation, garanti, returer och ansvarsregler f\u00f6r ZENBOX PRO-enheten, tillg\u00e4ngliga f\u00f6r k\u00f6p via webbplatsen zen-box.pro. F\u00f6reskrifterna har utarbetats p\u00e5 polska, i en formell form, med h\u00e4nsyn till till\u00e4mpliga r\u00e4ttsliga best\u00e4mmelser, s\u00e4rskilt best\u00e4mmelser som skyddar konsumenternas r\u00e4ttigheter. L\u00e4s best\u00e4mmelserna noggrant innan [\u2026]<\/p>","protected":false},"author":1,"featured_media":0,"parent":0,"menu_order":0,"comment_status":"closed","ping_status":"closed","template":"","meta":{"_joinchat":[],"footnotes":""},"class_list":["post-874","page","type-page","status-publish","hentry"],"_links":{"self":[{"href":"https:\/\/zen-box.pro\/sv\/wp-json\/wp\/v2\/pages\/874","targetHints":{"allow":["GET"]}}],"collection":[{"href":"https:\/\/zen-box.pro\/sv\/wp-json\/wp\/v2\/pages"}],"about":[{"href":"https:\/\/zen-box.pro\/sv\/wp-json\/wp\/v2\/types\/page"}],"author":[{"embeddable":true,"href":"https:\/\/zen-box.pro\/sv\/wp-json\/wp\/v2\/users\/1"}],"replies":[{"embeddable":true,"href":"https:\/\/zen-box.pro\/sv\/wp-json\/wp\/v2\/comments?post=874"}],"version-history":[{"count":3,"href":"https:\/\/zen-box.pro\/sv\/wp-json\/wp\/v2\/pages\/874\/revisions"}],"predecessor-version":[{"id":2726,"href":"https:\/\/zen-box.pro\/sv\/wp-json\/wp\/v2\/pages\/874\/revisions\/2726"}],"wp:attachment":[{"href":"https:\/\/zen-box.pro\/sv\/wp-json\/wp\/v2\/media?parent=874"}],"curies":[{"name":"wp","href":"https:\/\/api.w.org\/{rel}","templated":true}]}}