{"id":874,"date":"2025-03-31T10:47:54","date_gmt":"2025-03-31T10:47:54","guid":{"rendered":"https:\/\/zen-box.pro\/?page_id=874"},"modified":"2025-10-15T11:01:07","modified_gmt":"2025-10-15T11:01:07","slug":"regolamenti","status":"publish","type":"page","link":"https:\/\/zen-box.pro\/it\/regolamenti\/","title":{"rendered":"Regolamenti"},"content":{"rendered":"<div data-elementor-type=\"wp-page\" data-elementor-id=\"874\" class=\"elementor elementor-874\" data-elementor-post-type=\"page\">\n\t\t\t\t<div class=\"elementor-element elementor-element-49b7fcb e-flex e-con-boxed e-con e-parent\" data-id=\"49b7fcb\" data-element_type=\"container\" data-e-type=\"container\" data-settings=\"{&quot;background_background&quot;:&quot;classic&quot;}\">\n\t\t\t\t\t<div class=\"e-con-inner\">\n\t\t<div class=\"elementor-element elementor-element-92afc7b e-con-full e-flex e-con e-child\" data-id=\"92afc7b\" data-element_type=\"container\" data-e-type=\"container\">\n\t\t\t\t<div class=\"elementor-element elementor-element-b84a38c elementor-widget elementor-widget-heading\" data-id=\"b84a38c\" data-element_type=\"widget\" data-e-type=\"widget\" data-widget_type=\"heading.default\">\n\t\t\t\t<div class=\"elementor-widget-container\">\n\t\t\t\t\t<div class=\"elementor-heading-title elementor-size-large\">Regolamenti<\/div>\t\t\t\t<\/div>\n\t\t\t\t<\/div>\n\t\t\t\t<\/div>\n\t\t<div class=\"elementor-element elementor-element-6bde8e8 elementor-hidden-mobile e-con-full e-flex e-con e-child\" data-id=\"6bde8e8\" data-element_type=\"container\" data-e-type=\"container\">\n\t\t\t\t<\/div>\n\t\t\t\t\t<\/div>\n\t\t\t\t<\/div>\n\t\t<div class=\"elementor-element elementor-element-14182772 e-flex e-con-boxed e-con e-parent\" data-id=\"14182772\" data-element_type=\"container\" data-e-type=\"container\">\n\t\t\t\t\t<div class=\"e-con-inner\">\n\t\t\t\t<div class=\"elementor-element elementor-element-2eb03911 elementor-widget elementor-widget-text-editor\" data-id=\"2eb03911\" data-element_type=\"widget\" data-e-type=\"widget\" data-widget_type=\"text-editor.default\">\n\t\t\t\t<div class=\"elementor-widget-container\">\n\t\t\t\t\t\t\t\t\t\n<h1 class=\"wp-block-heading\">Termini e condizioni ZENBOX PRO<\/h1>\n\n\n\n<p>I presenti Termini e condizioni stabiliscono i termini e le condizioni di acquisto, installazione, garanzia, restituzione e responsabilit\u00e0 del dispositivo. <strong>ZENBOX PRO<\/strong>disponibile per l'acquisto tramite il sito web <strong>zen-box.pro<\/strong>. I Termini e le Condizioni sono stati redatti in lingua polacca, in forma formale, tenendo conto delle disposizioni di legge applicabili, in particolare delle disposizioni a tutela dei diritti dei consumatori. Si prega di leggere attentamente i Termini e le Condizioni prima di acquistare il dispositivo ZENBOX PRO.<\/p>\n\n\n\n<h2 class=\"wp-block-heading\">1. condizioni di acquisto e di installazione<\/h2>\n\n\n\n<ul class=\"wp-block-list\">\n<li><strong>Acquisto del dispositivo:<\/strong> L'acquisto di ZENBOX PRO avviene tramite il sito zen-box.pro, che equivale alla conclusione di un contratto di compravendita tra l'Acquirente e il Venditore (gestore del negozio online Zen-Box). Una volta effettuato l'ordine e il pagamento, il Venditore conferma l'accettazione dell'ordine per l'elaborazione. Il Venditore consegna il dispositivo all'indirizzo indicato o lo mette a disposizione per l'installazione in base all'opzione di installazione scelta.<\/li>\n\n\n\n<li><strong>Modalit\u00e0 di installazione del dispositivo:<\/strong> L'acquirente pu\u00f2 scegliere tra due opzioni per l'installazione dello ZENBOX PRO:<br><strong>a) Installazione indipendente<\/strong> - L'acquirente pu\u00f2 installare l'apparecchio da solo. Il venditore fornir\u00e0 istruzioni dettagliate per l'installazione e il funzionamento insieme all'apparecchio. L'acquirente \u00e8 tenuto a eseguire l'installazione seguendo scrupolosamente le istruzioni. Il venditore non sar\u00e0 responsabile di eventuali danni all'apparecchio o al veicolo derivanti da un'errata installazione autonoma.<br><strong>(b) Installazione da parte di un installatore certificato<\/strong> - L'Acquirente pu\u00f2 avvalersi dei servizi di una rete certificata di installatori che collaborano con il Venditore. A seconda dell'ubicazione dell'Acquirente, il servizio di installazione sar\u00e0 effettuato da una delle tre aziende partner designate (ad esempio, l'azienda X, Y o Z). Le informazioni esatte sull'installatore assegnato e i dettagli di contatto saranno comunicati all'Acquirente dopo l'invio dell'ordine. <strong>Contratto di servizio per l'installazione<\/strong> \u00e8 stipulato direttamente tra l'acquirente e l'azienda di installazione selezionata - ci\u00f2 significa che l'azienda \u00e8 responsabile dell'esecuzione dell'installazione e dei suoi eventuali difetti. Il venditore funge solo da intermediario nel mettere in contatto l'acquirente con l'installatore certificato e non \u00e8 responsabile dell'andamento e dei risultati del servizio di installazione fornito dal partner esterno.<\/li>\n\n\n\n<li><strong>Accettazione e messa in servizio dell'apparecchiatura:<\/strong> Al momento della consegna (e dell'eventuale installazione da parte di un installatore), l'Acquirente deve verificare che il prodotto sia completo e non danneggiato. Nel caso in cui si riscontrino danni da trasporto o mancanze nel kit, l'acquirente deve contattare immediatamente il venditore. Lo ZENBOX PRO deve essere utilizzato solo su veicoli e in modo conforme alle istruzioni per l'uso. Qualsiasi tentativo di modifica del dispositivo da parte propria \u00e8 vietato e pu\u00f2 comportare la perdita dei diritti di garanzia e la responsabilit\u00e0 per danni.<\/li>\n<\/ul>\n\n\n\n<h2 class=\"wp-block-heading\">2 Condizioni di garanzia<\/h2>\n\n\n\n<ul class=\"wp-block-list\">\n<li><strong>Periodo di garanzia:<\/strong> Lo ZENBOX PRO \u00e8 coperto da una garanzia per il periodo di <strong>24 mesi<\/strong> (2 anni) dalla data di consegna del dispositivo all'Acquirente (ovvero dalla data di accettazione della spedizione con il dispositivo o dalla data di installazione del dispositivo - a seconda di quale evento si verifichi per primo). \u00c8 possibile estendere il periodo di garanzia di un ulteriore periodo (ad esempio di 1, 2 o 3 anni) come concordato individualmente con il Venditore - in tal caso i termini della garanzia estesa saranno specificati in un documento o allegato separato.<\/li>\n\n\n\n<li><strong>Copertura della garanzia:<\/strong> La garanzia copre i difetti di fabbricazione del dispositivo e i guasti causati da motivi inerenti al dispositivo ZENBOX PRO, evidenziati durante il suo corretto utilizzo. Durante il periodo di garanzia il Venditore (o un ente da lui autorizzato, ad esempio il produttore del dispositivo) si impegna a riparare o sostituire gratuitamente il dispositivo se i difetti vengono segnalati secondo la procedura di reclamo. La garanzia \u00e8 valida sul territorio della Repubblica di Polonia. Le eventuali riparazioni in garanzia saranno effettuate il prima possibile, ma non oltre 14 giorni lavorativi dalla data di consegna dell'apparecchio difettoso al punto di assistenza (questo periodo pu\u00f2 essere esteso in casi giustificati, di cui l'Acquirente sar\u00e0 informato).<\/li>\n\n\n\n<li><strong>Esclusioni dalla garanzia:<\/strong> La garanzia non copre i danni o i difetti dell'apparecchiatura derivanti da circostanze diverse dai difetti inerenti al prodotto venduto. In particolare, i difetti derivanti da:<ul><li class=\"\"><strong>Installazione non corretta<\/strong> l'apparecchio (compresa l'installazione contraria alle istruzioni d'uso o effettuata da personale non certificato).<\/li><li class=\"\"><strong>Uso improprio<\/strong> o uso improprio del dispositivo (ad esempio, uso non previsto dal produttore, su veicoli non inclusi nell'elenco di compatibilit\u00e0 o manomissione del dispositivo).<\/li><li class=\"\"><strong>Modifiche o riparazioni indipendenti<\/strong> eseguiti da persone non autorizzate. L'apertura dell'alloggiamento dell'unit\u00e0, la modifica dell'impianto elettrico del veicolo al di l\u00e0 delle istruzioni di installazione o altri interventi invalidano la garanzia.<\/li><li class=\"\"><strong>Danno meccanico o esterno<\/strong> fattori al di fuori del controllo del Venditore (quali inondazioni, incendi, incidenti stradali, sovratensioni nell'impianto del veicolo, forza maggiore, ecc.)<\/li><li class=\"\"><strong>Usura naturale<\/strong> componenti che si usurano nel corso del normale utilizzo.<\/li><\/ul>Se si verifica una delle suddette circostanze che escludono la responsabilit\u00e0 della garanzia, il Venditore ha il diritto di rifiutare la riparazione o la sostituzione gratuita del dispositivo. I diritti derivanti dalla garanzia non escludono, limitano o sospendono i diritti dell'Acquirente ai sensi delle norme sulla garanzia per i difetti della cosa venduta (se applicabile).<\/li>\n\n\n\n<li><strong>Procedura di reclamo:<\/strong> In caso di difetto coperto da garanzia, l'Acquirente dovr\u00e0 presentare immediatamente (entro e non oltre 14 giorni dalla scoperta del difetto) un reclamo al Venditore. Il reclamo deve essere presentato per iscritto o per via elettronica (e-mail) ai recapiti del Venditore indicati nei presenti Termini e condizioni, descrivendo il difetto riscontrato e le circostanze in cui si \u00e8 verificato. Il Venditore pu\u00f2 chiedere di consegnare il dispositivo al servizio o al punto indicato per verificare il difetto. Il costo della spedizione del dispositivo per la riparazione in garanzia sar\u00e0 a carico del Venditore se il reclamo viene riconosciuto valido (ovvero se il difetto \u00e8 coperto dalla garanzia). Se il reclamo viene accettato, il Venditore riparer\u00e0 il dispositivo o lo sostituir\u00e0 con uno nuovo e lo rispedir\u00e0 all'Acquirente a proprie spese. Se il reclamo viene respinto (ad esempio, viene stabilito che il difetto non \u00e8 coperto dalla garanzia), il Venditore ne informer\u00e0 l'Acquirente, motivando il rifiuto e, se necessario, invier\u00e0 il dispositivo a spese dell'Acquirente o, con il consenso dell'Acquirente, potr\u00e0 effettuare una riparazione a pagamento a condizioni separate.<\/li>\n<\/ul>\n\n\n\n<h2 class=\"wp-block-heading\">3 Politica di restituzione<\/h2>\n\n\n\n<ul class=\"wp-block-list\">\n<li><strong>Diritto di recesso (restituzione del dispositivo):<\/strong> L'acquirente che sia un consumatore ha il diritto di recedere dal contratto di vendita di ZENBOX PRO concluso a distanza, senza indicarne le ragioni, entro un periodo di <strong>14 giorni<\/strong> dalla data di ricevimento del dispositivo. Il venditore estende volontariamente questo diritto offrendo un programma di \"Soddisfazione garantita o rimborso\", in base al quale l'acquirente pu\u00f2 recedere dal contratto entro un periodo di <strong>30 giorni<\/strong> dalla data di installazione dell'apparecchio (o, se l'apparecchio non \u00e8 stato installato da una rete di installatori, dalla data di consegna dell'apparecchio). Il periodo di restituzione esteso a 30 giorni pu\u00f2 essere esercitato a condizione che siano soddisfatti tutti i requisiti descritti di seguito. Il diritto di recesso non si applica all'Acquirente che non sia un consumatore ai sensi della legge, salvo diverso accordo tra le parti.<\/li>\n\n\n\n<li><strong>Condizioni per l'accettazione del reso:<\/strong> Il dispositivo restituito deve essere in condizioni inalterate, cio\u00e8 non deve presentare segni di utilizzo che vadano oltre la normale gamma di test del prodotto. L'acquirente deve restituire il dispositivo in <strong>confezione originale<\/strong>con tutti gli accessori ricevuti, i cavi, le istruzioni e la prova d'acquisto (scontrino o fattura). \u00c8 consentito disimballare e installare con cura l'apparecchio nel veicolo per verificarne il funzionamento; tuttavia, in caso di recesso dal contratto, l'Acquirente \u00e8 tenuto a ripristinare l'apparecchio nel suo stato originale e a proteggerlo adeguatamente per il trasporto di ritorno. Se l'apparecchio \u00e8 stato installato da un installatore certificato, l'Acquirente deve consentire lo smontaggio dell'apparecchio prima di restituirlo (si raccomanda di farlo presso un sito di installazione autorizzato). I danni all'apparecchio o al veicolo causati da uno smontaggio non autorizzato saranno addebitati all'acquirente. Il venditore si riserva il diritto di rifiutare la restituzione o di ridurre l'importo da restituire se constata che l'apparecchio \u00e8 stato danneggiato per colpa dell'acquirente o \u00e8 incompleto.<\/li>\n\n\n\n<li><strong>Procedura di ritiro:<\/strong> Per esercitare il diritto di recesso, l'Acquirente deve presentare al Venditore una dichiarazione inequivocabile di recesso prima della scadenza del periodo applicabile (14 o 30 giorni, a seconda dei casi). Tale dichiarazione pu\u00f2 essere inviata per iscritto all'indirizzo della sede legale del Venditore o per via elettronica all'indirizzo e-mail indicato per il contatto. Il Venditore confermer\u00e0 immediatamente il ricevimento della dichiarazione di recesso (se inviata per e-mail - inviando un messaggio di risposta). L'Acquirente \u00e8 quindi tenuto a restituire al Venditore il dispositivo, che dovr\u00e0 essere inviato all'indirizzo del magazzino o dell'ufficio indicato dal Venditore. <strong>Costo di restituzione della merce<\/strong> nel contesto del recesso dal contratto (restituzione) sono in linea di principio a carico dell'Acquirente, a meno che disposizioni separate non prevedano diversamente o che il Venditore non accetti di coprire tali costi. Si raccomanda di assicurare la spedizione di ritorno in caso di perdita o danneggiamento durante il trasporto.<\/li>\n\n\n\n<li><strong>Restituzione del pagamento:<\/strong> In caso di recesso effettivo dal contratto, il contratto si considera non concluso e le parti si restituiscono reciprocamente i servizi ricevuti. Il Venditore rimborser\u00e0 il prezzo pagato per il dispositivo (e le eventuali spese di consegna all'Acquirente) entro un massimo di 14 giorni dalla data di ricevimento della dichiarazione di recesso. Il Venditore pu\u00f2 trattenere il rimborso finch\u00e9 non abbia ricevuto il dispositivo o finch\u00e9 l'Acquirente non abbia fornito la prova della restituzione, a seconda di quale evento si verifichi per primo. Il pagamento sar\u00e0 rimborsato utilizzando lo stesso metodo di pagamento utilizzato dall'Acquirente nella transazione originale, a meno che l'Acquirente non accetti espressamente un'altra forma di rimborso. Nel caso in cui il pagamento di un apparecchio sia stato regolato direttamente tra l'Acquirente e un installatore certificato (ad esempio come parte di un servizio di installazione), i dettagli del regolamento del rimborso per il servizio di installazione potrebbero dover essere concordati con la societ\u00e0 di installazione interessata in conformit\u00e0 ai termini di un contratto di servizio separato.<\/li>\n<\/ul>\n\n\n\n<h2 class=\"wp-block-heading\">4. Responsabilit\u00e0 per difetti e limitazioni funzionali<\/h2>\n\n\n\n<ul class=\"wp-block-list\">\n<li><strong>Caratteristiche del dispositivo:<\/strong> ZENBOX PRO \u00e8 un dispositivo elettronico che si integra con il sistema elettronico del veicolo al fine di <strong>la disattivazione permanente del sistema Start-Stop e del sistema RSA<\/strong> (Road Sign Assist) su modelli di auto selezionati. L'installazione del dispositivo disattiva intenzionalmente e permanentemente le funzioni del veicolo indicate, che \u00e8 l'effetto previsto del dispositivo. L'acquirente riconosce che l'installazione del dispositivo modifica le impostazioni di fabbrica del veicolo per quanto riguarda il funzionamento del sistema Start-Stop e\/o RSA. Lo ZENBOX PRO deve essere utilizzato solo sui veicoli elencati nelle specifiche del prodotto come modelli supportati.<\/li>\n\n\n\n<li><strong>Limiti di compatibilit\u00e0:<\/strong> Sebbene ZENBOX PRO sia stato progettato per essere compatibile con un'ampia gamma di marche e modelli di veicoli, in alcuni casi la funzionalit\u00e0 del dispositivo potrebbe essere limitata. Per alcuni modelli di auto o per le loro specifiche versioni di equipaggiamento, il sistema Start-Stop o RSA potrebbe non essere completamente disattivato, oppure il veicolo potrebbe ricevere messaggi errati o altri effetti collaterali imprevisti del dispositivo. Tali situazioni possono essere dovute a differenze individuali nel software di bordo del veicolo, a modifiche progettuali apportate dalla casa automobilistica o ad altri fattori al di fuori del controllo del Venditore. Il Venditore si impegna a rendere disponibile sulla pagina del prodotto un elenco aggiornato dei veicoli compatibili e delle limitazioni funzionali note. Si raccomanda all'Acquirente di accertarsi (ad esempio consultando il Venditore) che il proprio veicolo rientri tra i modelli supportati da ZENBOX PRO prima dell'acquisto.<\/li>\n\n\n\n<li><strong>Nessuna responsabilit\u00e0 per incompatibilit\u00e0:<\/strong> Il Venditore non sar\u00e0 responsabile di eventuali incompatibilit\u00e0 del dispositivo ZENBOX PRO con un particolare veicolo dell'Acquirente o di un funzionamento incompleto delle funzioni del dispositivo in un particolare veicolo, a meno che la ragione di tali incompatibilit\u00e0 o limitazioni sia un difetto del dispositivo stesso. In altre parole, se il dispositivo in quanto tale \u00e8 funzionante, ma non svolge appieno le sue funzioni a causa delle caratteristiche di un particolare modello di veicolo, ci\u00f2 non costituisce una base per un reclamo nei confronti del Venditore, a parte l'eventuale esercizio del diritto dell'Acquirente di restituirlo entro il termine stabilito (ai sensi del precedente punto 3). La responsabilit\u00e0 del Venditore in caso di difetti fisici dell'apparecchiatura sar\u00e0 limitata agli obblighi previsti dalla garanzia concessa (punto 2) e dalle disposizioni di garanzia, se applicabili.<\/li>\n\n\n\n<li><strong>Difetti e danni causati dall'uso:<\/strong> Il venditore non \u00e8 responsabile per danni al veicolo o per lesioni a terzi derivanti da <strong>abuso<\/strong> ZENBOX PRO. In particolare, \u00e8 esclusa qualsiasi responsabilit\u00e0 del Venditore se l'Acquirente: (a) abbia utilizzato il dispositivo in modo contrario alle istruzioni o all'uso previsto, (b) abbia ignorato le avvertenze o le raccomandazioni relative all'installazione e all'uso, (c) abbia apportato modifiche non autorizzate all'installazione del veicolo o al dispositivo stesso. Il Venditore non sar\u00e0 inoltre responsabile per <strong>effetti indiretti<\/strong> disabilitazione dei sistemi Start-Stop o RSA, come ad esempio variazioni del consumo di carburante, delle emissioni di scarico, del funzionamento di altri sistemi di assistenza alla guida o possibili violazioni della garanzia del produttore del veicolo. L'Acquirente riconosce che qualsiasi conseguenza derivante dalla disabilitazione intenzionale dei sistemi di sicurezza o di efficienza del veicolo (Start-Stop, RSA, ecc.) utilizzando il dispositivo ZENBOX PRO sar\u00e0 a carico dell'Acquirente in quanto utente informato del dispositivo. Nessuna disposizione dei presenti Termini e condizioni limita la responsabilit\u00e0 del Venditore nella misura in cui tale responsabilit\u00e0 non possa essere esclusa o limitata ai sensi della legge applicabile (ad esempio, nel caso di danni causati intenzionalmente dal Venditore).<\/li>\n<\/ul>\n\n\n\n<h2 class=\"wp-block-heading\">5 Disposizioni finali<\/h2>\n\n\n\n<ul class=\"wp-block-list\">\n<li><strong>Modifiche al Regolamento:<\/strong> Il Venditore si riserva il diritto di apportare modifiche ai presenti Termini e Condizioni per motivi importanti, quali ad esempio modifiche di legge, ampliamento o modifica dell'offerta di prodotti, modifiche delle modalit\u00e0 di pagamento o di consegna o necessit\u00e0 di chiarire le disposizioni dei Termini e Condizioni. Gli acquirenti saranno informati di ogni modifica prevista ai Termini e alle Condizioni mediante un avviso pubblicato sul sito Web del Venditore (zen-box.pro) o via e-mail (se dispongono di un account cliente o di un abbonamento alla newsletter) con almeno 14 giorni di anticipo rispetto alla data di entrata in vigore della modifica. Gli ordini effettuati prima della data di entrata in vigore della nuova formulazione dei Termini e delle Condizioni saranno evasi secondo i termini e le condizioni precedenti, a meno che le disposizioni dei Termini e delle Condizioni modificati non siano pi\u00f9 favorevoli all'Acquirente (nel qual caso potranno essere applicate anche agli ordini precedentemente effettuati con il consenso dell'Acquirente).<\/li>\n\n\n\n<li><strong>Legislazione applicabile:<\/strong> Le questioni non contemplate dal presente Regolamento sono disciplinate dalla normativa applicabile. <strong>disposizioni di legge polacche<\/strong>in particolare la legge del 23 aprile 1964 sul codice civile (Gazzetta Ufficiale 1964 n. 16 voce 93 e successive modifiche) e - per quanto riguarda gli Acquirenti che sono consumatori - la legge del 30 maggio 2014 sui diritti dei consumatori (Gazzetta Ufficiale 2014 voce 827 e successive modifiche). Le disposizioni dei Termini e Condizioni non intendono escludere o limitare alcun diritto del consumatore ai sensi di disposizioni di legge imperative - in caso di eventuale conflitto tra le disposizioni dei Termini e Condizioni e tali disposizioni, prevarranno le disposizioni di legge.<\/li>\n\n\n\n<li><strong>Risoluzione delle controversie:<\/strong> Eventuali controversie tra il Venditore e l'Acquirente derivanti dal contratto di vendita del dispositivo ZENBOX PRO o dai presenti Termini e condizioni saranno risolte in via amichevole. L'Acquirente pu\u00f2 ricorrere a metodi extragiudiziali per la gestione di reclami e richieste di risarcimento (ad esempio, mediazione, tribunale conciliatorio presso l'Ispezione commerciale, piattaforma ODR disponibile su http:\/\/ec.europa.eu\/consumers\/odr). Se non \u00e8 possibile una risoluzione amichevole di una controversia, il tribunale competente per giurisdizione locale e materiale, in conformit\u00e0 alle disposizioni di legge, sar\u00e0 competente a risolvere la controversia.<\/li>\n\n\n\n<li><strong>Dettagli di contatto e assistenza clienti:<\/strong> In caso di domande sul funzionamento del prodotto, reclami, desiderio di esercitare il diritto di recesso o altre questioni relative all'acquisto e all'uso di ZENBOX PRO, l'Acquirente pu\u00f2 contattare il Venditore attraverso i seguenti canali:<ul><li class=\"\"><strong>Indirizzo e-mail:<\/strong> info@zen-box.pro<strong>Linea telefonica di assistenza:<\/strong> +48 732 080 889 (aperto nei giorni feriali dalle 9:00 alle 17:00).<strong>Indirizzo per la corrispondenza:<\/strong> Via Mi\u0119dzyleska 4, 50-514 Wroc\u0142aw, Polonia.<\/li><\/ul>Il fornitore si adopera per garantire una comunicazione efficiente con i clienti e per evadere le richieste nel pi\u00f9 breve tempo possibile. Il supporto tecnico e contenutistico per gli utenti di ZENBOX PRO \u00e8 disponibile ai recapiti sopra indicati.<\/li>\n\n\n\n<li><strong>Entrata in vigore del Regolamento:<\/strong> Il presente Regolamento entra in vigore dalla data di pubblicazione sul sito zen-box.pro ed \u00e8 valido per tutti gli ordini effettuati a partire da tale data. Il Regolamento \u00e8 parte integrante del contratto di vendita concluso dal Venditore con l'Acquirente. Effettuando un ordine, l'Acquirente conferma di aver preso visione dei Termini e Condizioni e di accettarne le disposizioni.<\/li>\n<\/ul>\n\t\t\t\t\t\t\t\t<\/div>\n\t\t\t\t<\/div>\n\t\t\t\t\t<\/div>\n\t\t\t\t<\/div>\n\t\t\t\t<\/div>","protected":false},"excerpt":{"rendered":"<p>Termini e condizioni Termini e condizioni di ZENBOX PRO I presenti Termini e condizioni definiscono i termini e le condizioni di acquisto, installazione, garanzia, resi e regole di responsabilit\u00e0 per il dispositivo ZENBOX PRO, disponibile per l&#039;acquisto tramite il sito web zen-box.pro. Il Regolamento \u00e8 stato redatto in lingua polacca, in forma formale, tenendo conto delle disposizioni di legge applicabili, in particolare delle disposizioni a tutela dei diritti dei consumatori. Si prega di leggere attentamente il Regolamento prima di [\u2026]<\/p>","protected":false},"author":1,"featured_media":0,"parent":0,"menu_order":0,"comment_status":"closed","ping_status":"closed","template":"","meta":{"_joinchat":[],"footnotes":""},"class_list":["post-874","page","type-page","status-publish","hentry"],"_links":{"self":[{"href":"https:\/\/zen-box.pro\/it\/wp-json\/wp\/v2\/pages\/874","targetHints":{"allow":["GET"]}}],"collection":[{"href":"https:\/\/zen-box.pro\/it\/wp-json\/wp\/v2\/pages"}],"about":[{"href":"https:\/\/zen-box.pro\/it\/wp-json\/wp\/v2\/types\/page"}],"author":[{"embeddable":true,"href":"https:\/\/zen-box.pro\/it\/wp-json\/wp\/v2\/users\/1"}],"replies":[{"embeddable":true,"href":"https:\/\/zen-box.pro\/it\/wp-json\/wp\/v2\/comments?post=874"}],"version-history":[{"count":3,"href":"https:\/\/zen-box.pro\/it\/wp-json\/wp\/v2\/pages\/874\/revisions"}],"predecessor-version":[{"id":2726,"href":"https:\/\/zen-box.pro\/it\/wp-json\/wp\/v2\/pages\/874\/revisions\/2726"}],"wp:attachment":[{"href":"https:\/\/zen-box.pro\/it\/wp-json\/wp\/v2\/media?parent=874"}],"curies":[{"name":"wp","href":"https:\/\/api.w.org\/{rel}","templated":true}]}}