{"id":180,"date":"2025-03-18T12:44:50","date_gmt":"2025-03-18T12:44:50","guid":{"rendered":"https:\/\/zen-box.pro\/?page_id=180"},"modified":"2025-07-30T13:50:06","modified_gmt":"2025-07-30T13:50:06","slug":"acheter","status":"publish","type":"page","link":"https:\/\/zen-box.pro\/fr\/acheter\/","title":{"rendered":"Acheter"},"content":{"rendered":"<div data-elementor-type=\"wp-page\" data-elementor-id=\"180\" class=\"elementor elementor-180\" data-elementor-post-type=\"page\">\n\t\t\t\t<div class=\"elementor-element elementor-element-4544ea1 e-flex e-con-boxed e-con e-parent\" data-id=\"4544ea1\" data-element_type=\"container\" data-e-type=\"container\" data-settings=\"{&quot;background_background&quot;:&quot;classic&quot;}\">\n\t\t\t\t\t<div class=\"e-con-inner\">\n\t\t<div class=\"elementor-element elementor-element-12dcf99 e-con-full e-flex e-con e-child\" data-id=\"12dcf99\" data-element_type=\"container\" data-e-type=\"container\">\n\t\t\t\t<div class=\"elementor-element elementor-element-284690f elementor-widget elementor-widget-heading\" data-id=\"284690f\" data-element_type=\"widget\" data-e-type=\"widget\" data-widget_type=\"heading.default\">\n\t\t\t\t<div class=\"elementor-widget-container\">\n\t\t\t\t\t<h1 class=\"elementor-heading-title elementor-size-large\">COMMANDER MAINTENANT<\/h1>\t\t\t\t<\/div>\n\t\t\t\t<\/div>\n\t\t\t\t<\/div>\n\t\t<div class=\"elementor-element elementor-element-6ea8ad4 elementor-hidden-mobile e-con-full e-flex e-con e-child\" data-id=\"6ea8ad4\" data-element_type=\"container\" data-e-type=\"container\">\n\t\t\t\t<\/div>\n\t\t\t\t\t<\/div>\n\t\t\t\t<\/div>\n\t\t<div class=\"elementor-element elementor-element-d1912f6 e-flex e-con-boxed e-con e-parent\" data-id=\"d1912f6\" data-element_type=\"container\" data-e-type=\"container\">\n\t\t\t\t\t<div class=\"e-con-inner\">\n\t\t<div class=\"elementor-element elementor-element-b25b5ed e-con-full e-flex e-con e-child\" data-id=\"b25b5ed\" data-element_type=\"container\" data-e-type=\"container\">\n\t\t\t\t<div class=\"elementor-element elementor-element-f2b22d2 elementor-widget elementor-widget-image\" data-id=\"f2b22d2\" data-element_type=\"widget\" data-e-type=\"widget\" data-widget_type=\"image.default\">\n\t\t\t\t<div class=\"elementor-widget-container\">\n\t\t\t\t\t\t\t\t\t\t\t\t\t\t\t<img fetchpriority=\"high\" decoding=\"async\" width=\"800\" height=\"800\" src=\"https:\/\/zen-box.pro\/wp-content\/uploads\/2025\/03\/zenbox-pro-disable-start-stop-rsa-isa-1024x1024.jpg\" class=\"attachment-large size-large wp-image-671\" alt=\"\" srcset=\"https:\/\/zen-box.pro\/wp-content\/uploads\/2025\/03\/zenbox-pro-disable-start-stop-rsa-isa-1024x1024.jpg 1024w, https:\/\/zen-box.pro\/wp-content\/uploads\/2025\/03\/zenbox-pro-disable-start-stop-rsa-isa-300x300.jpg 300w, https:\/\/zen-box.pro\/wp-content\/uploads\/2025\/03\/zenbox-pro-disable-start-stop-rsa-isa-150x150.jpg 150w, https:\/\/zen-box.pro\/wp-content\/uploads\/2025\/03\/zenbox-pro-disable-start-stop-rsa-isa-768x768.jpg 768w, https:\/\/zen-box.pro\/wp-content\/uploads\/2025\/03\/zenbox-pro-disable-start-stop-rsa-isa-1536x1536.jpg 1536w, https:\/\/zen-box.pro\/wp-content\/uploads\/2025\/03\/zenbox-pro-disable-start-stop-rsa-isa.jpg 1600w\" sizes=\"(max-width: 800px) 100vw, 800px\" \/>\t\t\t\t\t\t\t\t\t\t\t\t\t\t\t<\/div>\n\t\t\t\t<\/div>\n\t\t\t\t<\/div>\n\t\t<div class=\"elementor-element elementor-element-7d2d847 e-con-full e-flex e-con e-child\" data-id=\"7d2d847\" data-element_type=\"container\" data-e-type=\"container\">\n\t\t\t\t<div class=\"elementor-element elementor-element-fdb8c6e elementor-widget elementor-widget-heading\" data-id=\"fdb8c6e\" data-element_type=\"widget\" data-e-type=\"widget\" data-widget_type=\"heading.default\">\n\t\t\t\t<div class=\"elementor-widget-container\">\n\t\t\t\t\t<h4 class=\"elementor-heading-title elementor-size-default\">ZENBOX PRO<\/h4>\t\t\t\t<\/div>\n\t\t\t\t<\/div>\n\t\t\t\t<div class=\"elementor-element elementor-element-0c949f1 elementor-widget elementor-widget-heading\" data-id=\"0c949f1\" data-element_type=\"widget\" data-e-type=\"widget\" data-widget_type=\"heading.default\">\n\t\t\t\t<div class=\"elementor-widget-container\">\n\t\t\t\t\t<h3 class=\"elementor-heading-title elementor-size-default\">Arr\u00eat permanent du syst\u00e8me :\nstart-stop, RSA, TSR, ISA<\/h3>\t\t\t\t<\/div>\n\t\t\t\t<\/div>\n\t\t\t\t<div class=\"elementor-element elementor-element-54df1d4 elementor-icon-list--layout-traditional elementor-list-item-link-full_width elementor-widget elementor-widget-icon-list\" data-id=\"54df1d4\" data-element_type=\"widget\" data-e-type=\"widget\" data-widget_type=\"icon-list.default\">\n\t\t\t\t<div class=\"elementor-widget-container\">\n\t\t\t\t\t\t\t<ul class=\"elementor-icon-list-items\">\n\t\t\t\t\t\t\t<li class=\"elementor-icon-list-item\">\n\t\t\t\t\t\t\t\t\t\t\t<span class=\"elementor-icon-list-icon\">\n\t\t\t\t\t\t\t<svg aria-hidden=\"true\" class=\"e-font-icon-svg e-fas-check\" viewbox=\"0 0 512 512\" xmlns=\"http:\/\/www.w3.org\/2000\/svg\"><path d=\"M173.898 439.404l-166.4-166.4c-9.997-9.997-9.997-26.206 0-36.204l36.203-36.204c9.997-9.998 26.207-9.998 36.204 0L192 312.69 432.095 72.596c9.997-9.997 26.207-9.997 36.204 0l36.203 36.204c9.997 9.997 9.997 26.206 0 36.204l-294.4 294.401c-9.998 9.997-26.207 9.997-36.204-.001z\"><\/path><\/svg>\t\t\t\t\t\t<\/span>\n\t\t\t\t\t\t\t\t\t\t<span class=\"elementor-icon-list-text\">Vous assurez la s\u00e9curit\u00e9 de 100% sur la route<\/span>\n\t\t\t\t\t\t\t\t\t<\/li>\n\t\t\t\t\t\t\t\t<li class=\"elementor-icon-list-item\">\n\t\t\t\t\t\t\t\t\t\t\t<span class=\"elementor-icon-list-icon\">\n\t\t\t\t\t\t\t<svg aria-hidden=\"true\" class=\"e-font-icon-svg e-fas-check\" viewbox=\"0 0 512 512\" xmlns=\"http:\/\/www.w3.org\/2000\/svg\"><path d=\"M173.898 439.404l-166.4-166.4c-9.997-9.997-9.997-26.206 0-36.204l36.203-36.204c9.997-9.998 26.207-9.998 36.204 0L192 312.69 432.095 72.596c9.997-9.997 26.207-9.997 36.204 0l36.203 36.204c9.997 9.997 9.997 26.206 0 36.204l-294.4 294.401c-9.998 9.997-26.207 9.997-36.204-.001z\"><\/path><\/svg>\t\t\t\t\t\t<\/span>\n\t\t\t\t\t\t\t\t\t\t<span class=\"elementor-icon-list-text\"> Fabriqu\u00e9 en Europe<\/span>\n\t\t\t\t\t\t\t\t\t<\/li>\n\t\t\t\t\t\t\t\t<li class=\"elementor-icon-list-item\">\n\t\t\t\t\t\t\t\t\t\t\t<span class=\"elementor-icon-list-icon\">\n\t\t\t\t\t\t\t<svg aria-hidden=\"true\" class=\"e-font-icon-svg e-fas-check\" viewbox=\"0 0 512 512\" xmlns=\"http:\/\/www.w3.org\/2000\/svg\"><path d=\"M173.898 439.404l-166.4-166.4c-9.997-9.997-9.997-26.206 0-36.204l36.203-36.204c9.997-9.998 26.207-9.998 36.204 0L192 312.69 432.095 72.596c9.997-9.997 26.207-9.997 36.204 0l36.203 36.204c9.997 9.997 9.997 26.206 0 36.204l-294.4 294.401c-9.998 9.997-26.207 9.997-36.204-.001z\"><\/path><\/svg>\t\t\t\t\t\t<\/span>\n\t\t\t\t\t\t\t\t\t\t<span class=\"elementor-icon-list-text\"> Vous ne perdez pas la garantie du v\u00e9hicule<\/span>\n\t\t\t\t\t\t\t\t\t<\/li>\n\t\t\t\t\t\t\t\t<li class=\"elementor-icon-list-item\">\n\t\t\t\t\t\t\t\t\t\t\t<span class=\"elementor-icon-list-icon\">\n\t\t\t\t\t\t\t<svg aria-hidden=\"true\" class=\"e-font-icon-svg e-fas-check\" viewbox=\"0 0 512 512\" xmlns=\"http:\/\/www.w3.org\/2000\/svg\"><path d=\"M173.898 439.404l-166.4-166.4c-9.997-9.997-9.997-26.206 0-36.204l36.203-36.204c9.997-9.998 26.207-9.998 36.204 0L192 312.69 432.095 72.596c9.997-9.997 26.207-9.997 36.204 0l36.203 36.204c9.997 9.997 9.997 26.206 0 36.204l-294.4 294.401c-9.998 9.997-26.207 9.997-36.204-.001z\"><\/path><\/svg>\t\t\t\t\t\t<\/span>\n\t\t\t\t\t\t\t\t\t\t<span class=\"elementor-icon-list-text\"> Vous ne prenez aucun risque.<\/span>\n\t\t\t\t\t\t\t\t\t<\/li>\n\t\t\t\t\t\t\t\t<li class=\"elementor-icon-list-item\">\n\t\t\t\t\t\t\t\t\t\t\t<span class=\"elementor-icon-list-icon\">\n\t\t\t\t\t\t\t<svg aria-hidden=\"true\" class=\"e-font-icon-svg e-fas-check\" viewbox=\"0 0 512 512\" xmlns=\"http:\/\/www.w3.org\/2000\/svg\"><path d=\"M173.898 439.404l-166.4-166.4c-9.997-9.997-9.997-26.206 0-36.204l36.203-36.204c9.997-9.998 26.207-9.998 36.204 0L192 312.69 432.095 72.596c9.997-9.997 26.207-9.997 36.204 0l36.203 36.204c9.997 9.997 9.997 26.206 0 36.204l-294.4 294.401c-9.998 9.997-26.207 9.997-36.204-.001z\"><\/path><\/svg>\t\t\t\t\t\t<\/span>\n\t\t\t\t\t\t\t\t\t\t<span class=\"elementor-icon-list-text\">Produit avec homologation europ\u00e9enne E20<\/span>\n\t\t\t\t\t\t\t\t\t<\/li>\n\t\t\t\t\t\t\t\t<li class=\"elementor-icon-list-item\">\n\t\t\t\t\t\t\t\t\t\t\t<span class=\"elementor-icon-list-icon\">\n\t\t\t\t\t\t\t<svg aria-hidden=\"true\" class=\"e-font-icon-svg e-fas-check\" viewbox=\"0 0 512 512\" xmlns=\"http:\/\/www.w3.org\/2000\/svg\"><path d=\"M173.898 439.404l-166.4-166.4c-9.997-9.997-9.997-26.206 0-36.204l36.203-36.204c9.997-9.998 26.207-9.998 36.204 0L192 312.69 432.095 72.596c9.997-9.997 26.207-9.997 36.204 0l36.203 36.204c9.997 9.997 9.997 26.206 0 36.204l-294.4 294.401c-9.998 9.997-26.207 9.997-36.204-.001z\"><\/path><\/svg>\t\t\t\t\t\t<\/span>\n\t\t\t\t\t\t\t\t\t\t<span class=\"elementor-icon-list-text\">Garantie de 2 ans<\/span>\n\t\t\t\t\t\t\t\t\t<\/li>\n\t\t\t\t\t\t<\/ul>\n\t\t\t\t\t\t<\/div>\n\t\t\t\t<\/div>\n\t\t<div class=\"elementor-element elementor-element-8286afb e-con-full e-flex e-con e-child\" data-id=\"8286afb\" data-element_type=\"container\" data-e-type=\"container\">\n\t\t<div class=\"elementor-element elementor-element-d855f78 e-con-full e-flex e-con e-child\" data-id=\"d855f78\" data-element_type=\"container\" data-e-type=\"container\">\n\t\t\t\t<div class=\"elementor-element elementor-element-962fc91 priceForPolandAndDutch elementor-widget elementor-widget-shortcode\" data-id=\"962fc91\" data-element_type=\"widget\" data-e-type=\"widget\" data-widget_type=\"shortcode.default\">\n\t\t\t\t<div class=\"elementor-widget-container\">\n\t\t\t\t\t\t\t<div class=\"elementor-shortcode\"><h2>  \n  \n\n <h2>\n<\/div>\n\t\t\t\t\t\t<\/div>\n\t\t\t\t<\/div>\n\t\t\t\t<div class=\"elementor-element elementor-element-e7694c8 elementor-widget__width-auto bruttoMontaz elementor-widget elementor-widget-shortcode\" data-id=\"e7694c8\" data-element_type=\"widget\" data-e-type=\"widget\" data-widget_type=\"shortcode.default\">\n\t\t\t\t<div class=\"elementor-widget-container\">\n\t\t\t\t\t\t\t<div class=\"elementor-shortcode\">\n\n\n<\/div>\n\t\t\t\t\t\t<\/div>\n\t\t\t\t<\/div>\n\t\t\t\t<\/div>\n\t\t\t\t<\/div>\n\t\t\t\t<\/div>\n\t\t\t\t\t<\/div>\n\t\t\t\t<\/div>\n\t\t<div class=\"elementor-element elementor-element-99487c1 e-flex e-con-boxed e-con e-parent\" data-id=\"99487c1\" data-element_type=\"container\" data-e-type=\"container\">\n\t\t\t\t\t<div class=\"e-con-inner\">\n\t\t\t\t<div class=\"elementor-element elementor-element-6106b47 elementor-widget elementor-widget-html\" data-id=\"6106b47\" data-element_type=\"widget\" data-e-type=\"widget\" data-widget_type=\"html.default\">\n\t\t\t\t<div class=\"elementor-widget-container\">\n\t\t\t\t\t<div class=\"col-md-12\" style=\"background-color: #fff9e6; padding: 15px;\">\r\n                                <div class=\"bg-warning p-2 text-dark bg-opacity-10 my-4\">\r\n                                    <h4>Assemblage ZENBOX PRO<\/h4>\r\n                                    <br>\r\n                                    <p>Pour garantir la plus haute qualit\u00e9 de fonctionnement et le plein respect de la documentation technique, les appareils <strong>Nous livrons ZENBOX PRO uniquement par l&#039;interm\u00e9diaire d&#039;installateurs agr\u00e9\u00e9s.<\/strong><\/p>\r\n\r\n                                    <p>Si vous souhaitez commander ZENBOX PRO, veuillez fournir \u00e0 l&#039;atelier notre site Web et nos coordonn\u00e9es, et nous vous fournirons les instructions et la documentation n\u00e9cessaires, et livrerons l&#039;appareil directement \u00e0 l&#039;atelier.<\/p>\r\n                                    <p>Le r\u00e8glement est d\u00e9sormais entre vous et l&#039;installateur.<\/p>\r\n                                    <p>Cela nous donne la certitude que l&#039;installation sera r\u00e9alis\u00e9e conform\u00e9ment \u00e0 nos normes et vous b\u00e9n\u00e9ficierez d&#039;une s\u00e9curit\u00e9, d&#039;une garantie et d&#039;une fiabilit\u00e9 totales du syst\u00e8me.<\/p>\r\n\r\n                                    <strong>\ud83d\udd27 Avez-vous un installateur \/ atelier automobile de confiance ?<\/strong>\r\n                                    <p>Fournissez notre site Web au propri\u00e9taire de l&#039;atelier \/ installateur d&#039;\u00e9lectronique automobile - laissez-le nous \u00e9crire.<\/p>\r\n\r\n                                    Gr\u00e2ce \u00e0 cela, vous gagnez :\r\n\r\n                                    <ul>\r\n                                        <li>montage professionnel de ZENBOX PRO dans votre atelier de confiance,<\/li>\r\n                                        <li>assemblage conforme \u00e0 nos normes et documentation<\/li>\r\n                                        <li>support technique complet et garantie,<\/li>\r\n                                        <li>l\u2019assurance que tout fonctionne comme pr\u00e9vu \u2013 d\u00e8s le premier jour.<\/li>\r\n                                    <\/ul>\r\n                                <\/div>\r\n                            <\/div>\t\t\t\t<\/div>\n\t\t\t\t<\/div>\n\t\t\t\t<div class=\"elementor-element elementor-element-e174d24 elementor-hidden-desktop elementor-hidden-tablet elementor-hidden-mobile elementor-widget elementor-widget-heading\" data-id=\"e174d24\" data-element_type=\"widget\" data-e-type=\"widget\" data-widget_type=\"heading.default\">\n\t\t\t\t<div class=\"elementor-widget-container\">\n\t\t\t\t\t<h4 class=\"elementor-heading-title elementor-size-default\">Skontaktuj si\u0119 z nami !<\/h4>\t\t\t\t<\/div>\n\t\t\t\t<\/div>\n\t\t\t\t<div class=\"elementor-element elementor-element-7dc51ea elementor-align-left goto-contact-form elementor-mobile-align-center elementor-widget__width-auto elementor-widget elementor-widget-button\" data-id=\"7dc51ea\" data-element_type=\"widget\" data-e-type=\"widget\" data-widget_type=\"button.default\">\n\t\t\t\t<div class=\"elementor-widget-container\">\n\t\t\t\t\t\t\t\t\t<div class=\"elementor-button-wrapper\">\n\t\t\t\t\t<a class=\"elementor-button elementor-button-link elementor-size-lg\" href=\"https:\/\/zen-box.pro\/fr\/contact\/\">\n\t\t\t\t\t\t<span class=\"elementor-button-content-wrapper\">\n\t\t\t\t\t\t<span class=\"elementor-button-icon\">\n\t\t\t\t<svg aria-hidden=\"true\" class=\"e-font-icon-svg e-far-paper-plane\" viewbox=\"0 0 512 512\" xmlns=\"http:\/\/www.w3.org\/2000\/svg\"><path d=\"M440 6.5L24 246.4c-34.4 19.9-31.1 70.8 5.7 85.9L144 379.6V464c0 46.4 59.2 65.5 86.6 28.6l43.8-59.1 111.9 46.2c5.9 2.4 12.1 3.6 18.3 3.6 8.2 0 16.3-2.1 23.6-6.2 12.8-7.2 21.6-20 23.9-34.5l59.4-387.2c6.1-40.1-36.9-68.8-71.5-48.9zM192 464v-64.6l36.6 15.1L192 464zm212.6-28.7l-153.8-63.5L391 169.5c10.7-15.5-9.5-33.5-23.7-21.2L155.8 332.6 48 288 464 48l-59.4 387.3z\"><\/path><\/svg>\t\t\t<\/span>\n\t\t\t\t\t\t\t\t\t<span class=\"elementor-button-text\">CONTACT<\/span>\n\t\t\t\t\t<\/span>\n\t\t\t\t\t<\/a>\n\t\t\t\t<\/div>\n\t\t\t\t\t\t\t\t<\/div>\n\t\t\t\t<\/div>\n\t\t\t\t\t<\/div>\n\t\t\t\t<\/div>\n\t\t<div class=\"elementor-element elementor-element-ead53b7 e-flex e-con-boxed e-con e-parent\" data-id=\"ead53b7\" data-element_type=\"container\" data-e-type=\"container\">\n\t\t\t\t\t<div class=\"e-con-inner\">\n\t\t<div class=\"elementor-element elementor-element-839d005 e-con-full e-flex e-con e-child\" data-id=\"839d005\" data-element_type=\"container\" data-e-type=\"container\">\n\t\t\t\t<div class=\"elementor-element elementor-element-f60e411 elementor-widget elementor-widget-shortcode\" data-id=\"f60e411\" data-element_type=\"widget\" data-e-type=\"widget\" data-no-translation=\"\" data-widget_type=\"shortcode.default\">\n\t\t\t\t<div class=\"elementor-widget-container\">\n\t\t\t\t\t<style>.elementor-element-f60e411{display:none !important}<\/style>\t\t\t\t<\/div>\n\t\t\t\t<\/div>\n\t\t\t\t<\/div>\n\t\t\t\t\t<\/div>\n\t\t\t\t<\/div>\n\t\t<div class=\"elementor-element elementor-element-73bbb8f e-flex e-con-boxed e-con e-parent\" data-id=\"73bbb8f\" data-element_type=\"container\" data-e-type=\"container\">\n\t\t\t\t\t<div class=\"e-con-inner\">\n\t\t\t\t<div class=\"elementor-element elementor-element-67c8601 elementor-widget elementor-widget-html\" data-id=\"67c8601\" data-element_type=\"widget\" data-e-type=\"widget\" data-widget_type=\"html.default\">\n\t\t\t\t<div class=\"elementor-widget-container\">\n\t\t\t\t\t<script>\r\nwindow.dataLayer = window.dataLayer || [];\r\n\r\ndocument.addEventListener('DOMContentLoaded', function(){\r\n  var form = document.querySelector('form.needs-validation');\r\n  if (!form) return;\r\n\r\n  function savePurchaseToSession(){\r\n    var transactionId = 'zb-' + Date.now();\r\n    var priceText     = document.querySelector('.razem-brutto')?.textContent || '';\r\n    var value         = parseFloat(priceText.replace(\/[^\\d\\.]\/g, '')) || 0;\r\n\r\n    var payload = {\r\n      transaction_id: transactionId,\r\n      value:          value,\r\n      currency:       'PLN',\r\n      items: [{\r\n        item_id:   'zenbox_pro',\r\n        item_name: 'ZenBOX PRO',\r\n        price:     value,\r\n        quantity:  1\r\n      }]\r\n    };\r\n\r\n    \/\/ zapisujemy do sessionStorage\r\n    sessionStorage.setItem('purchasePayload', JSON.stringify(payload));\r\n    console.debug('Saved purchase to sessionStorage \u2192', payload);\r\n  }\r\n\r\n  \/\/ przed submitem i przy klikni\u0119ciu\r\n  form.addEventListener('submit', savePurchaseToSession);\r\n  form.querySelector('[type=\"submit\"]')?.addEventListener('click', savePurchaseToSession);\r\n});\r\n<\/script>\r\n\t\t\t\t<\/div>\n\t\t\t\t<\/div>\n\t\t\t\t\t<\/div>\n\t\t\t\t<\/div>\n\t\t\t\t<\/div>","protected":false},"excerpt":{"rendered":"<p>COMMANDEZ MAINTENANT ZENBOX PRO D\u00e9sactive d\u00e9finitivement les syst\u00e8mes : start-stop, RSA, TSR, ISA Votre 100% est ainsi en s\u00e9curit\u00e9 sur la route Fabriqu\u00e9 en Pologne Vous ne perdez pas la garantie de votre v\u00e9hicule Vous ne risquez rien. Vous avez 30 jours pour le retourner Produit homologu\u00e9 E20 europ\u00e9en Garantie 2 ans Distributeur ZENBOX PRO Tuning-Shop est notre partenaire aux Pays-Bas en tant que distributeur officiel de la marque ZENBOX PRO. [\u2026]<\/p>","protected":false},"author":1,"featured_media":0,"parent":0,"menu_order":0,"comment_status":"closed","ping_status":"closed","template":"","meta":{"_joinchat":[],"footnotes":""},"class_list":["post-180","page","type-page","status-publish","hentry"],"_links":{"self":[{"href":"https:\/\/zen-box.pro\/fr\/wp-json\/wp\/v2\/pages\/180","targetHints":{"allow":["GET"]}}],"collection":[{"href":"https:\/\/zen-box.pro\/fr\/wp-json\/wp\/v2\/pages"}],"about":[{"href":"https:\/\/zen-box.pro\/fr\/wp-json\/wp\/v2\/types\/page"}],"author":[{"embeddable":true,"href":"https:\/\/zen-box.pro\/fr\/wp-json\/wp\/v2\/users\/1"}],"replies":[{"embeddable":true,"href":"https:\/\/zen-box.pro\/fr\/wp-json\/wp\/v2\/comments?post=180"}],"version-history":[{"count":189,"href":"https:\/\/zen-box.pro\/fr\/wp-json\/wp\/v2\/pages\/180\/revisions"}],"predecessor-version":[{"id":2647,"href":"https:\/\/zen-box.pro\/fr\/wp-json\/wp\/v2\/pages\/180\/revisions\/2647"}],"wp:attachment":[{"href":"https:\/\/zen-box.pro\/fr\/wp-json\/wp\/v2\/media?parent=180"}],"curies":[{"name":"wp","href":"https:\/\/api.w.org\/{rel}","templated":true}]}}