{"id":874,"date":"2025-03-31T10:47:54","date_gmt":"2025-03-31T10:47:54","guid":{"rendered":"https:\/\/zen-box.pro\/?page_id=874"},"modified":"2025-10-15T11:01:07","modified_gmt":"2025-10-15T11:01:07","slug":"laki","status":"publish","type":"page","link":"https:\/\/zen-box.pro\/fi\/laki\/","title":{"rendered":"Ehdot"},"content":{"rendered":"<div data-elementor-type=\"wp-page\" data-elementor-id=\"874\" class=\"elementor elementor-874\" data-elementor-post-type=\"page\">\n\t\t\t\t<div class=\"elementor-element elementor-element-49b7fcb e-flex e-con-boxed e-con e-parent\" data-id=\"49b7fcb\" data-element_type=\"container\" data-e-type=\"container\" data-settings=\"{&quot;background_background&quot;:&quot;classic&quot;}\">\n\t\t\t\t\t<div class=\"e-con-inner\">\n\t\t<div class=\"elementor-element elementor-element-92afc7b e-con-full e-flex e-con e-child\" data-id=\"92afc7b\" data-element_type=\"container\" data-e-type=\"container\">\n\t\t\t\t<div class=\"elementor-element elementor-element-b84a38c elementor-widget elementor-widget-heading\" data-id=\"b84a38c\" data-element_type=\"widget\" data-e-type=\"widget\" data-widget_type=\"heading.default\">\n\t\t\t\t<div class=\"elementor-widget-container\">\n\t\t\t\t\t<div class=\"elementor-heading-title elementor-size-large\">Ehdot<\/div>\t\t\t\t<\/div>\n\t\t\t\t<\/div>\n\t\t\t\t<\/div>\n\t\t<div class=\"elementor-element elementor-element-6bde8e8 elementor-hidden-mobile e-con-full e-flex e-con e-child\" data-id=\"6bde8e8\" data-element_type=\"container\" data-e-type=\"container\">\n\t\t\t\t<\/div>\n\t\t\t\t\t<\/div>\n\t\t\t\t<\/div>\n\t\t<div class=\"elementor-element elementor-element-14182772 e-flex e-con-boxed e-con e-parent\" data-id=\"14182772\" data-element_type=\"container\" data-e-type=\"container\">\n\t\t\t\t\t<div class=\"e-con-inner\">\n\t\t\t\t<div class=\"elementor-element elementor-element-2eb03911 elementor-widget elementor-widget-text-editor\" data-id=\"2eb03911\" data-element_type=\"widget\" data-e-type=\"widget\" data-widget_type=\"text-editor.default\">\n\t\t\t\t<div class=\"elementor-widget-container\">\n\t\t\t\t\t\t\t\t\t\n<h1 class=\"wp-block-heading\">ZENBOX PROn k\u00e4ytt\u00f6ehdot<\/h1>\n\n\n\n<p>N\u00e4m\u00e4 m\u00e4\u00e4r\u00e4ykset m\u00e4\u00e4rittelev\u00e4t laitteen osto-, asennus-, takuu-, palautus- ja vastuus\u00e4\u00e4nn\u00f6t. <strong>ZENBOX PRO<\/strong>, ostettavissa verkkosivuston kautta <strong>zen-box.pro<\/strong>Ehdot on laadittu puolan kielell\u00e4 virallisessa muodossa ottaen huomioon sovellettava laki, erityisesti kuluttajien oikeuksia suojaavat s\u00e4\u00e4nn\u00f6kset. Lue n\u00e4m\u00e4 ehdot huolellisesti ennen ZENBOX PRO -laitteen ostamista.<\/p>\n\n\n\n<h2 class=\"wp-block-heading\">1. Osto- ja asennusehdot<\/h2>\n\n\n\n<ul class=\"wp-block-list\">\n<li><strong>Laitteen hankinta:<\/strong> ZENBOX PRO ostetaan verkkosivuston zen-box.pro kautta, mik\u00e4 muodostaa myyntisopimuksen ostajan ja myyj\u00e4n (Zen-Box-verkkokaupan yll\u00e4pit\u00e4j\u00e4n) v\u00e4lille. Tilauksen tekemisen ja maksun suorittamisen j\u00e4lkeen myyj\u00e4 vahvistaa tilauksen hyv\u00e4ksymisen. Myyj\u00e4 toimittaa laitteen ilmoitettuun osoitteeseen tai asettaa sen asennettavaksi valitun asennusvaihtoehdon mukaisesti.<\/li>\n\n\n\n<li><strong>Laitteen asennusmenetelm\u00e4t:<\/strong> Ostajalla on kaksi vaihtoehtoa valittavanaan ZENBOX PRO -laitetta asennettaessa:<br><strong>a) Itseasennus<\/strong> \u2013 Ostaja voi asentaa laitteen itse. Myyj\u00e4 toimittaa laitteen mukana yksityiskohtaiset asennus- ja k\u00e4ytt\u00f6ohjeet. Ostaja on velvollinen suorittamaan asennuksen tarkasti ohjeiden mukaisesti. Myyj\u00e4 ei ole vastuussa mist\u00e4\u00e4n laitteelle tai ajoneuvolle aiheutuneista vahingoista, jotka johtuvat virheellisest\u00e4 asennuksesta.<br><strong>b) Asennus sertifioidun asentajan toimesta<\/strong> \u2013 Ostaja voi k\u00e4ytt\u00e4\u00e4 Myyj\u00e4n kanssa yhteisty\u00f6ss\u00e4 toimivan sertifioidun asentajien verkoston palveluita. Ostajan sijainnista riippuen asennuspalvelun suorittaa yksi kolmesta nimetyst\u00e4 yhteisty\u00f6kumppaniyrityksest\u00e4 (esim. yritys X, Y tai Z). Yksityiskohtaiset tiedot nimetyst\u00e4 asentajasta ja yhteystiedot toimitetaan Ostajalle tilauksen tekemisen j\u00e4lkeen. <strong>Asennuspalvelusopimus<\/strong> Sopimus tehd\u00e4\u00e4n suoraan ostajan ja valitun asennusyrityksen v\u00e4lill\u00e4. T\u00e4m\u00e4 tarkoittaa, ett\u00e4 yritys on vastuussa asennuksesta ja mahdollisista virheist\u00e4. Myyj\u00e4 toimii ainoastaan v\u00e4litt\u00e4j\u00e4n\u00e4 yhdist\u00e4ess\u00e4\u00e4n ostajan sertifioituun asentajaan, eik\u00e4 ole vastuussa ulkopuolisen kumppanin tarjoaman asennuspalvelun kulusta tai lopputuloksesta.<\/li>\n\n\n\n<li><strong>Laitteen vastaanotto ja k\u00e4ytt\u00f6\u00f6notto:<\/strong> Laitteen toimituksen (ja asentajan tekem\u00e4n asennuksen) j\u00e4lkeen ostajan tulee tarkistaa, ett\u00e4 tuote on t\u00e4ydellinen ja vahingoittumaton. Jos kuljetuksen aikana on ilmennyt vaurioita tai osia puuttuu, ostajan tulee ottaa v\u00e4litt\u00f6m\u00e4sti yhteytt\u00e4 myyj\u00e4\u00e4n. ZENBOX PRO -laitetta saa k\u00e4ytt\u00e4\u00e4 ainoastaan ajoneuvoissa ja k\u00e4ytt\u00f6ohjeen mukaisesti. Laitteen itse tekem\u00e4t muutokset ovat kiellettyj\u00e4 ja voivat johtaa takuun ja mahdollisten vahinkojen vastuun menett\u00e4miseen.<\/li>\n<\/ul>\n\n\n\n<h2 class=\"wp-block-heading\">2. Takuuehdot<\/h2>\n\n\n\n<ul class=\"wp-block-list\">\n<li><strong>Takuuaika:<\/strong> ZENBOX PRO:lla on takuu, joka kest\u00e4\u00e4 <strong>24 kuukautta<\/strong> (2 vuotta) laitteen toimitusp\u00e4iv\u00e4st\u00e4 ostajalle (eli laitteen mukana toimitetun l\u00e4hetyksen vastaanottop\u00e4iv\u00e4st\u00e4 tai laitteen asennusp\u00e4iv\u00e4st\u00e4 \u2013 kumpi tahansa t\u00e4yttyy ensin). Takuuaikaa on mahdollista pident\u00e4\u00e4 lis\u00e4ajalla (esim. 1, 2 tai 3 vuodella) myyj\u00e4n kanssa erikseen sovituin ehdoin \u2013 t\u00e4llaisessa tapauksessa pidennettyn takuun ehdot m\u00e4\u00e4ritell\u00e4\u00e4n erillisess\u00e4 asiakirjassa tai liitteess\u00e4.<\/li>\n\n\n\n<li><strong>Takuun laajuus:<\/strong> Takuu kattaa valmistusvirheet ja ZENBOX PRO -laitteesta johtuvat viat, jotka ilmenev\u00e4t asianmukaisen k\u00e4yt\u00f6n aikana. Takuuaikana Myyj\u00e4 (tai Myyj\u00e4n valtuuttama taho, esim. laitteen valmistaja) sitoutuu korjaamaan laitteen tai vaihtamaan sen virheett\u00f6m\u00e4\u00e4n laitteeseen maksutta, jos t\u00e4llaisista vioista ilmoitetaan valitusmenettelyn mukaisesti. Takuu on voimassa Puolan tasavallan alueella. Takuukorjaukset tehd\u00e4\u00e4n mahdollisimman pian, mutta viimeist\u00e4\u00e4n 14 arkip\u00e4iv\u00e4n kuluessa viallisen laitteen toimituksesta huoltokeskukseen (t\u00e4t\u00e4 ajanjaksoa voidaan pident\u00e4\u00e4 perustelluissa tapauksissa, joista Ostajalle ilmoitetaan).<\/li>\n\n\n\n<li><strong>Takuun poikkeukset:<\/strong> Takuu ei kata laitteen vaurioita tai vikoja, jotka johtuvat muista olosuhteista kuin myydyn tuotteen ominaisista vioista. Takuu ei erityisesti kata vikoja, jotka johtuvat:<ul><li class=\"\"><strong>V\u00e4\u00e4r\u00e4 asennus<\/strong> laite (mukaan lukien asennus k\u00e4ytt\u00f6ohjeiden vastaisesti tai ep\u00e4p\u00e4tev\u00e4n henkil\u00f6st\u00f6n suorittama).<\/li><li class=\"\"><strong>V\u00e4\u00e4rink\u00e4ytt\u00f6<\/strong> tai laitteen k\u00e4ytt\u00f6 vastoin sen k\u00e4ytt\u00f6tarkoitusta (esim. k\u00e4ytt\u00f6 muulla kuin valmistajan m\u00e4\u00e4rittelem\u00e4ll\u00e4 tavalla, k\u00e4ytt\u00f6 ajoneuvoissa, joita yhteensopivuusluettelo ei kata, tai laitteen h\u00e4irint\u00e4).<\/li><li class=\"\"><strong>Tee-se-itse-muutokset tai korjaukset<\/strong> luvattomien henkil\u00f6iden suorittamat toimenpiteet. Laitteen kotelon avaaminen, ajoneuvon s\u00e4hk\u00f6j\u00e4rjestelm\u00e4n muuttaminen asennusohjeiden vastaisesti tai muut toimenpiteet mit\u00e4t\u00f6iv\u00e4t takuun.<\/li><li class=\"\"><strong>Mekaaninen tai ulkoinen vaurio<\/strong> myyj\u00e4n vaikutusmahdollisuuksien ulkopuolella olevat tekij\u00e4t (kuten nestetulva, tulipalo, liikenneonnettomuus, ajoneuvon asennuksen ylij\u00e4nnite, ylivoimainen este jne.).<\/li><li class=\"\"><strong>Luonnollinen kuluminen<\/strong> laitteen normaalin k\u00e4yt\u00f6n aikana kuluvat osat.<\/li><\/ul>Jos jokin edell\u00e4 mainituista takuuvastuun poissulkevista olosuhteista ilmenee, Myyj\u00e4ll\u00e4 on oikeus kielt\u00e4yty\u00e4 laitteen korjaamisesta tai vaihtamisesta maksutta. Takuuoikeudet eiv\u00e4t sulje pois, rajoita tai keskeyt\u00e4 Ostajan oikeuksia myytyjen tavaroiden virheisiin liittyvien takuuehtojen nojalla (jos sovellettavissa).<\/li>\n\n\n\n<li><strong>Valitusmenettely:<\/strong> Takuun piiriin kuuluvan vian ilmetess\u00e4 Ostajan tulee viipym\u00e4tt\u00e4 (viimeist\u00e4\u00e4n 14 p\u00e4iv\u00e4n kuluessa vian havaitsemisesta) tehd\u00e4 valitus Myyj\u00e4lle. Valitukset tulee tehd\u00e4 kirjallisesti tai s\u00e4hk\u00f6isesti (s\u00e4hk\u00f6postitse) n\u00e4iss\u00e4 ehdoissa ilmoitettuihin Myyj\u00e4n yhteystietoihin ja kuvata vika ja sen ilmenemisolosuhteet. Myyj\u00e4 voi pyyt\u00e4\u00e4 laitteen toimittamista nimettyyn huoltokeskukseen tai tarkastuspisteeseen. Laitteen takuukorjaukseen palauttamisesta aiheutuvat kustannukset vastaa Myyj\u00e4, jos valitus katsotaan oikeutetuksi (eli vika kuuluu takuun piiriin). Jos valitus hyv\u00e4ksyt\u00e4\u00e4n, Myyj\u00e4 korjaa tai vaihtaa laitteen ja palauttaa sen Ostajalle omalla kustannuksellaan. Jos valitus hyl\u00e4t\u00e4\u00e4n (esim. havaitaan, ett\u00e4 vahinko ei kuulu takuun piiriin), Myyj\u00e4 ilmoittaa siit\u00e4 Ostajalle ja perustelee hylk\u00e4\u00e4misen ja tarvittaessa palauttaa laitteen Ostajan kustannuksella tai Ostajan suostumuksella suorittaa maksullisen korjauksen erillisten ehtojen mukaisesti.<\/li>\n<\/ul>\n\n\n\n<h2 class=\"wp-block-heading\">3. Palautusk\u00e4yt\u00e4nt\u00f6<\/h2>\n\n\n\n<ul class=\"wp-block-list\">\n<li><strong>Peruuttamisoikeus (laitteen palautus):<\/strong> Kuluttajana olevalla ostajalla on oikeus peruuttaa et\u00e4n\u00e4 tehty ZENBOX PRO -myyntisopimus ilmoittamatta syyt\u00e4 m\u00e4\u00e4r\u00e4ajan kuluessa <strong>14 p\u00e4iv\u00e4\u00e4<\/strong> laitteen vastaanottop\u00e4iv\u00e4st\u00e4 lukien. Myyj\u00e4 laajentaa t\u00e4t\u00e4 oikeutta vapaaehtoisesti tarjoamalla &quot;Tyytyv\u00e4isyystakuu tai rahat takaisin&quot; -ohjelman, jonka puitteissa ostaja voi peruuttaa sopimuksen <strong>30 p\u00e4iv\u00e4\u00e4<\/strong> laitteen asennusp\u00e4iv\u00e4st\u00e4 (tai jos laitetta ei ole asentanut asentajien verkosto, laitteen toimitusp\u00e4iv\u00e4st\u00e4). Pidennetty 30 p\u00e4iv\u00e4n palautusoikeus on mahdollinen, jos kaikki alla kuvatut vaatimukset t\u00e4yttyv\u00e4t. Palautusoikeus ei ole ostajalla, joka ei ole lain m\u00e4\u00e4ritelm\u00e4n mukainen kuluttaja, elleiv\u00e4t osapuolet toisin sovi.<\/li>\n\n\n\n<li><strong>Palautuksen hyv\u00e4ksymisehdot:<\/strong> Palautettavan laitteen on oltava alkuper\u00e4isess\u00e4 kunnossa eli siin\u00e4 ei saa olla mit\u00e4\u00e4n k\u00e4yt\u00f6n merkkej\u00e4 normaalin tuotetestauksen lis\u00e4ksi. Ostajan tulee palauttaa laite <strong>alkuper\u00e4inen pakkaus<\/strong>, kaikkine lis\u00e4varusteineen, kaapeleineen, ohjeineen ja ostotositteineen (kuitti tai lasku). Laite on sallittua purkaa huolellisesti pakkauksesta ja asentaa ajoneuvoon sen toiminnan tarkistamiseksi. Sopimuksesta peruuttamisen yhteydess\u00e4 ostajan on kuitenkin palautettava laite alkuper\u00e4iseen kuntoonsa ja kiinnitett\u00e4v\u00e4 se asianmukaisesti palautuskuljetusta varten. Jos laitteen on asentanut sertifioitu asentaja, ostajan on annettava laitteen purkaa ennen laitteen palauttamista (on suositeltavaa tehd\u00e4 t\u00e4m\u00e4 valtuutetussa asennuspisteess\u00e4). Luvattomien henkil\u00f6iden suorittamasta purkamisesta johtuvat laitteen tai ajoneuvon vahingot ovat ostajan vastuulla. Myyj\u00e4 pid\u00e4tt\u00e4\u00e4 oikeuden kielt\u00e4yty\u00e4 palautuksesta tai alentaa hyvityksen m\u00e4\u00e4r\u00e4\u00e4, jos se toteaa, ett\u00e4 laite on vaurioitunut ostajan syyst\u00e4 tai on puutteellinen.<\/li>\n\n\n\n<li><strong>Nostomenettely:<\/strong> Palautusoikeuden k\u00e4ytt\u00e4miseksi Ostajan on toimitettava Myyj\u00e4lle selke\u00e4 peruuttamisilmoitus ennen sovellettavan m\u00e4\u00e4r\u00e4ajan (14 tai 30 p\u00e4iv\u00e4\u00e4 tapauksesta riippuen) p\u00e4\u00e4ttymist\u00e4. T\u00e4m\u00e4 ilmoitus voidaan l\u00e4hett\u00e4\u00e4 kirjallisesti Myyj\u00e4n rekister\u00f6ityyn toimipaikan osoitteeseen tai s\u00e4hk\u00f6isesti yhteydenottoa varten annettuun s\u00e4hk\u00f6postiosoitteeseen. Myyj\u00e4 vahvistaa v\u00e4litt\u00f6m\u00e4sti peruuttamisilmoituksen vastaanottamisen (jos se l\u00e4hetet\u00e4\u00e4n s\u00e4hk\u00f6postitse, palauttamalla palautetun viestin). Ostajan on sen j\u00e4lkeen palautettava laite Myyj\u00e4lle \u2013 se tulee l\u00e4hett\u00e4\u00e4 Myyj\u00e4n ilmoittamaan varasto- tai toimistoosoitteeseen. <strong>Tavaroiden palauttamisen kustannukset<\/strong> Sopimuksesta peruuttamisen (palautuksen) yhteydess\u00e4 kustannukset ovat yleens\u00e4 ostajan vastuulla, ellei erillisiss\u00e4 m\u00e4\u00e4r\u00e4yksiss\u00e4 toisin m\u00e4\u00e4r\u00e4t\u00e4 tai myyj\u00e4 suostu vastaamaan n\u00e4ist\u00e4 kustannuksista. On suositeltavaa vakuuttaa palautusl\u00e4hetys kuljetuksen aikaisen katoamisen tai vahingoittumisen varalta.<\/li>\n\n\n\n<li><strong>Maksun palautus:<\/strong> Jos sopimus perutaan p\u00e4tev\u00e4sti, sopimus katsotaan mit\u00e4tt\u00f6m\u00e4ksi ja osapuolet korvaavat toisilleen kaikki vastaanotetut maksut. Myyj\u00e4 palauttaa laitteesta maksetun hinnan (ja mahdolliset toimituskulut ostajalle) viimeist\u00e4\u00e4n 14 p\u00e4iv\u00e4n kuluessa peruuttamisilmoituksen vastaanottamisesta. Myyj\u00e4 voi pid\u00e4tt\u00e4yty\u00e4 hyvityksest\u00e4, kunnes laite on palautettu tai ostaja toimittaa todisteen toimituksesta, sen mukaan, kumpi tapahtuu ensin. Hyvitykset suoritetaan k\u00e4ytt\u00e4m\u00e4ll\u00e4 samaa maksutapaa, jota ostaja k\u00e4ytti alkuper\u00e4isess\u00e4 tapahtumassa, ellei ostaja nimenomaisesti suostu toiseen hyvitystapaan. Jos laitteen maksu on suoritettu suoraan ostajan ja sertifioidun asentajan v\u00e4lill\u00e4 (esim. osana asennuspalvelua), asennuspalvelun hyvityksen yksityiskohdista on ehk\u00e4 sovittava asennusyrityksen kanssa erillisen palvelusopimuksen ehtojen mukaisesti.<\/li>\n<\/ul>\n\n\n\n<h2 class=\"wp-block-heading\">4. Vastuu virheist\u00e4 ja toiminnallisista rajoituksista<\/h2>\n\n\n\n<ul class=\"wp-block-list\">\n<li><strong>Laitteen ominaisuudet:<\/strong> ZENBOX PRO on elektroninen laite, joka integroituu ajoneuvon elektroniikkaj\u00e4rjestelm\u00e4\u00e4n voidakseen <strong>Start-Stop-j\u00e4rjestelm\u00e4n ja RSA-j\u00e4rjestelm\u00e4n pysyv\u00e4 deaktivointi<\/strong> (Liikennemerkkiavustin) tietyiss\u00e4 ajoneuvomalleissa. Laitteen asentaminen poistaa k\u00e4yt\u00f6st\u00e4 tietyt ajoneuvon toiminnot tarkoituksella ja pysyv\u00e4sti, mik\u00e4 on sen tarkoitettu vaikutus. Ostaja hyv\u00e4ksyy, ett\u00e4 laitteen asentaminen muuttaa ajoneuvon tehdasasetuksia Start-Stop- ja\/tai RSA-j\u00e4rjestelm\u00e4n osalta. ZENBOX PRO -laitetta tulee k\u00e4ytt\u00e4\u00e4 vain ajoneuvoissa, jotka on lueteltu tuotetiedoissa tuettuina malleina.<\/li>\n\n\n\n<li><strong>Yhteensopivuusrajoitukset:<\/strong> Vaikka ZENBOX PRO on suunniteltu yhteensopivaksi laajan valikoiman ajoneuvomerkkej\u00e4 ja -malleja, laitteen toiminnallisuus voi joissakin tapauksissa olla rajoitettu. Joissakin automalleissa tai tietyiss\u00e4 varustelutasoissa Start-Stop- tai RSA-j\u00e4rjestelm\u00e4 ei v\u00e4ltt\u00e4m\u00e4tt\u00e4 kytkeydy kokonaan pois p\u00e4\u00e4lt\u00e4, tai ajoneuvossa voi n\u00e4ky\u00e4 virheellisi\u00e4 viestej\u00e4 tai muita odottamattomia sivuvaikutuksia. T\u00e4llaiset tilanteet voivat johtua ajoneuvon sis\u00e4isen ohjelmiston yksil\u00f6llisist\u00e4 eroista, ajoneuvon valmistajan tekemist\u00e4 suunnittelumuutoksista tai muista Myyj\u00e4n vaikutuspiirin ulkopuolella olevista tekij\u00f6ist\u00e4. Myyj\u00e4 pyrkii tarjoamaan ajantasaisen luettelon yhteensopivista ajoneuvoista ja tunnetuista toiminnallisista rajoituksista tuotesivulla. On suositeltavaa, ett\u00e4 ostaja vahvistaa (esim. neuvottelemalla myyj\u00e4n kanssa), ett\u00e4 h\u00e4nen ajoneuvonsa on ZENBOX PROn tukemien mallien joukossa ennen ostamista.<\/li>\n\n\n\n<li><strong>Ei vastuuta yhteensopimattomuudesta:<\/strong> Myyj\u00e4 ei ole vastuussa ZENBOX PRO -laitteen yhteensopimattomuudesta ostajan tietyn ajoneuvon kanssa tai laitteen puutteellisesta toiminnasta tietyss\u00e4 ajoneuvossa, ellei t\u00e4llaisen yhteensopimattomuuden tai rajoituksen syyn\u00e4 ole laitteen itsens\u00e4 vika. Toisin sanoen, jos laite itsess\u00e4\u00e4n on toimiva, mutta ei t\u00e4ysin t\u00e4yt\u00e4 tarkoitustaan tietyn ajoneuvomallin ominaisuuksien vuoksi, t\u00e4m\u00e4 ei oikeuta esitt\u00e4m\u00e4\u00e4n vaatimuksia myyj\u00e4\u00e4 vastaan, lukuun ottamatta ostajan mahdollista oikeutta palauttaa laite m\u00e4\u00e4r\u00e4ajassa (edell\u00e4 olevan 3 kohdan mukaisesti). Myyj\u00e4n vastuu laitteen fyysisist\u00e4 vioista rajoittuu takuun (edell\u00e4 oleva 2 kohta) mukaisiin velvoitteisiin ja mahdollisiin takuuehtoihin.<\/li>\n\n\n\n<li><strong>K\u00e4yt\u00f6n aikana syntyneet viat ja vauriot:<\/strong> Myyj\u00e4 ei ole vastuussa ajoneuvolle aiheutuneista vahingoista tai kolmansille osapuolille aiheutuneista henkil\u00f6vahingoista, jotka johtuvat <strong>v\u00e4\u00e4rink\u00e4ytt\u00f6<\/strong> ZENBOX PRO -laite. Myyj\u00e4n vastuu on erityisesti suljettu pois, jos Ostaja: (a) on k\u00e4ytt\u00e4nyt laitetta ohjeiden tai aiotun k\u00e4ytt\u00f6tarkoituksen vastaisesti, (b) on j\u00e4tt\u00e4nyt huomiotta asennusta ja k\u00e4ytt\u00f6\u00e4 koskevat varoitukset tai suositukset, (c) on tehnyt luvattomia muutoksia ajoneuvon asennukseen tai itse laitteeseen. Myyj\u00e4 ei my\u00f6sk\u00e4\u00e4n ole vastuussa <strong>ep\u00e4suorat vaikutukset<\/strong> Start-Stop- tai RSA-j\u00e4rjestelmien deaktivointi, kuten muutokset polttoaineenkulutuksessa, pakokaasup\u00e4\u00e4st\u00f6iss\u00e4, muiden ajoavustinj\u00e4rjestelmien toiminnassa tai ajoneuvon valmistajan takuun mahdollinen rikkominen. Ostaja hyv\u00e4ksyy, ett\u00e4 kaikki ajoneuvon turvallisuus- tai tehokkuusj\u00e4rjestelmien (Start-Stop, RSA jne.) tahallisesta deaktivoinnista ZENBOX PRO -laitetta k\u00e4ytt\u00e4m\u00e4ll\u00e4 johtuvat seuraukset ovat Ostajan vastuulla laitteen tietoisena k\u00e4ytt\u00e4j\u00e4n\u00e4. Mik\u00e4\u00e4n n\u00e4iss\u00e4 ehdoissa ei rajoita Myyj\u00e4n vastuuta silt\u00e4 osin kuin t\u00e4llaista vastuuta ei voida poissulkea tai rajoittaa sovellettavan lain nojalla (esim. Myyj\u00e4n tahallisesti aiheuttamien vahinkojen tapauksessa).<\/li>\n<\/ul>\n\n\n\n<h2 class=\"wp-block-heading\">5. Loppus\u00e4\u00e4nn\u00f6kset<\/h2>\n\n\n\n<ul class=\"wp-block-list\">\n<li><strong>Muutokset s\u00e4\u00e4nt\u00f6ihin:<\/strong> Myyj\u00e4 pid\u00e4tt\u00e4\u00e4 oikeuden muuttaa n\u00e4it\u00e4 ehtoja t\u00e4rkeist\u00e4 syist\u00e4, kuten lains\u00e4\u00e4d\u00e4nn\u00f6n muutoksista, tuotevalikoiman laajentamisesta tai muuttamisesta, maksu- tai toimitustapojen muutoksista tai ehtojen m\u00e4\u00e4r\u00e4ysten selvent\u00e4misest\u00e4. Ostajille ilmoitetaan suunnitelluista ehtojen muutoksista Myyj\u00e4n verkkosivuilla (zen-box.pro) julkaistavalla ilmoituksella tai s\u00e4hk\u00f6postitse (jos heill\u00e4 on asiakastili tai he ovat tilanneet uutiskirjeen) v\u00e4hint\u00e4\u00e4n 14 p\u00e4iv\u00e4\u00e4 ennen muutosten voimaantulop\u00e4iv\u00e4\u00e4. Ennen uusien ehtojen voimaantulop\u00e4iv\u00e4\u00e4 tehdyt tilaukset t\u00e4ytet\u00e4\u00e4n voimassa olevien ehtojen mukaisesti, elleiv\u00e4t muutettujen ehtojen m\u00e4\u00e4r\u00e4ykset ole Ostajalle edullisempia (jolloin ne voivat koskea my\u00f6s aiemmin tehtyj\u00e4 tilauksia Ostajan suostumuksella).<\/li>\n\n\n\n<li><strong>Sovellettavat s\u00e4\u00e4nn\u00f6kset:<\/strong> Asiat, joita ei s\u00e4\u00e4nnell\u00e4 n\u00e4iss\u00e4 asetuksissa, sovelletaan asiaankuuluvia s\u00e4\u00e4nn\u00f6ksi\u00e4. <strong>Puolan lain s\u00e4\u00e4nn\u00f6kset<\/strong>, erityisesti 23. huhtikuuta 1964 annettu laki \u2013 siviililaki (Puolan s\u00e4\u00e4d\u00f6skokoelma 1964 nro 16, kohta 93, muutoksineen) ja \u2013 kuluttajina olevien ostajien osalta \u2013 30. toukokuuta 2014 annettu laki kuluttajien oikeuksista (Puolan s\u00e4\u00e4d\u00f6skokoelma 2014, kohta 827, muutoksineen). Asetuksen m\u00e4\u00e4r\u00e4ysten tarkoituksena ei ole sulkea pois tai rajoittaa pakottavien lakien nojalla kuluttajille my\u00f6nnettyj\u00e4 oikeuksia \u2013 jos asetusten ja n\u00e4iden s\u00e4\u00e4nn\u00f6sten v\u00e4lill\u00e4 on mahdollinen ristiriita, lain m\u00e4\u00e4r\u00e4ykset ovat ensisijaisia.<\/li>\n\n\n\n<li><strong>Riitojenratkaisu:<\/strong> Myyj\u00e4n ja ostajan v\u00e4liset ZENBOX PRO -myyntisopimuksesta tai n\u00e4ist\u00e4 ehdoista johtuvat riidat ratkaistaan ensisijaisesti sovinnollisesti. Ostaja voi k\u00e4ytt\u00e4\u00e4 tuomioistuimen ulkopuolisia valitus- ja vaatimustenratkaisumenetelmi\u00e4 (esim. sovittelu, v\u00e4limiesmenettely kauppatarkastusviranomaisessa, ODR-alusta, joka on saatavilla osoitteessa http:\/\/ec.europa.eu\/consumers\/odr). Jos riitaa ei voida ratkaista sovinnollisesti, toimivalta on paikallisella ja asiaoikeudellisella tuomioistuimella sovellettavan lain mukaisesti.<\/li>\n\n\n\n<li><strong>Yhteystiedot ja asiakastuki:<\/strong> Jos ostajalla on kysytt\u00e4v\u00e4\u00e4 tuotteen toiminnasta, valituksia, haluaa k\u00e4ytt\u00e4\u00e4 palautusoikeuttaan tai muita ZENBOX PRO:n ostoon ja k\u00e4ytt\u00f6\u00f6n liittyvi\u00e4 ongelmia, h\u00e4n voi ottaa yhteytt\u00e4 myyj\u00e4\u00e4n seuraavien kanavien kautta:<ul><li class=\"\"><strong>S\u00e4hk\u00f6postiosoite:<\/strong> info@zen-box.pro<strong>Puhelinnumero:<\/strong> +48 732 080 889 (avoinna arkisin klo 9.00\u201317.00)<strong>Kirjeenvaihto-osoite:<\/strong> Mi\u0119dzyleska 4, 50-514 Wroclaw, Puola.<\/li><\/ul>Myyj\u00e4 pyrkii kaikin tavoin varmistamaan tehokkaan viestinn\u00e4n asiakkaiden kanssa ja varmistamaan, ett\u00e4 valitukset ratkaistaan mahdollisimman nopeasti. ZENBOX PRO -k\u00e4ytt\u00e4jille on saatavilla teknist\u00e4 ja sis\u00e4ll\u00f6llist\u00e4 tukea yll\u00e4 olevien yhteystietojen kautta.<\/li>\n\n\n\n<li><strong>Asetusten voimaantulo:<\/strong> N\u00e4m\u00e4 ehdot tulevat voimaan niiden julkaisemisp\u00e4iv\u00e4n\u00e4 verkkosivustolla zen-box.pro ja niit\u00e4 sovelletaan kaikkiin kyseisen p\u00e4iv\u00e4m\u00e4\u00e4r\u00e4n j\u00e4lkeen tehtyihin tilauksiin. N\u00e4m\u00e4 ehdot ovat olennainen osa myyj\u00e4n ja ostajan v\u00e4list\u00e4 kauppasopimusta. Tekem\u00e4ll\u00e4 tilauksen ostaja vahvistaa, ett\u00e4 h\u00e4n on lukenut ehdot ja hyv\u00e4ksyy niiden m\u00e4\u00e4r\u00e4ykset.<\/li>\n<\/ul>\n\t\t\t\t\t\t\t\t<\/div>\n\t\t\t\t<\/div>\n\t\t\t\t\t<\/div>\n\t\t\t\t<\/div>\n\t\t\t\t<\/div>","protected":false},"excerpt":{"rendered":"<p>Regulamin Regulamin ZENBOX PRO Niniejszy Regulamin okre\u015bla warunki zakupu, instalacji, gwarancji, zwrot\u00f3w oraz zasady odpowiedzialno\u015bci dotycz\u0105ce urz\u0105dzenia ZENBOX PRO, dost\u0119pnego do nabycia za po\u015brednictwem strony internetowej zen-box.pro. Regulamin sporz\u0105dzono w j\u0119zyku polskim, w formie formalnej, z uwzgl\u0119dnieniem obowi\u0105zuj\u0105cych przepis\u00f3w prawa, w szczeg\u00f3lno\u015bci przepis\u00f3w chroni\u0105cych prawa konsumenta. Prosimy o uwa\u017cne zapoznanie si\u0119 z tre\u015bci\u0105 Regulaminu przed [&hellip;]<\/p>","protected":false},"author":1,"featured_media":0,"parent":0,"menu_order":0,"comment_status":"closed","ping_status":"closed","template":"","meta":{"_joinchat":[],"footnotes":""},"class_list":["post-874","page","type-page","status-publish","hentry"],"_links":{"self":[{"href":"https:\/\/zen-box.pro\/fi\/wp-json\/wp\/v2\/pages\/874","targetHints":{"allow":["GET"]}}],"collection":[{"href":"https:\/\/zen-box.pro\/fi\/wp-json\/wp\/v2\/pages"}],"about":[{"href":"https:\/\/zen-box.pro\/fi\/wp-json\/wp\/v2\/types\/page"}],"author":[{"embeddable":true,"href":"https:\/\/zen-box.pro\/fi\/wp-json\/wp\/v2\/users\/1"}],"replies":[{"embeddable":true,"href":"https:\/\/zen-box.pro\/fi\/wp-json\/wp\/v2\/comments?post=874"}],"version-history":[{"count":3,"href":"https:\/\/zen-box.pro\/fi\/wp-json\/wp\/v2\/pages\/874\/revisions"}],"predecessor-version":[{"id":2726,"href":"https:\/\/zen-box.pro\/fi\/wp-json\/wp\/v2\/pages\/874\/revisions\/2726"}],"wp:attachment":[{"href":"https:\/\/zen-box.pro\/fi\/wp-json\/wp\/v2\/media?parent=874"}],"curies":[{"name":"wp","href":"https:\/\/api.w.org\/{rel}","templated":true}]}}