{"id":874,"date":"2025-03-31T10:47:54","date_gmt":"2025-03-31T10:47:54","guid":{"rendered":"https:\/\/zen-box.pro\/?page_id=874"},"modified":"2025-10-15T11:01:07","modified_gmt":"2025-10-15T11:01:07","slug":"pohikiri","status":"publish","type":"page","link":"https:\/\/zen-box.pro\/et\/pohikiri\/","title":{"rendered":"M\u00e4\u00e4rused"},"content":{"rendered":"<div data-elementor-type=\"wp-page\" data-elementor-id=\"874\" class=\"elementor elementor-874\" data-elementor-post-type=\"page\">\n\t\t\t\t<div class=\"elementor-element elementor-element-49b7fcb e-flex e-con-boxed e-con e-parent\" data-id=\"49b7fcb\" data-element_type=\"container\" data-e-type=\"container\" data-settings=\"{&quot;background_background&quot;:&quot;classic&quot;}\">\n\t\t\t\t\t<div class=\"e-con-inner\">\n\t\t<div class=\"elementor-element elementor-element-92afc7b e-con-full e-flex e-con e-child\" data-id=\"92afc7b\" data-element_type=\"container\" data-e-type=\"container\">\n\t\t\t\t<div class=\"elementor-element elementor-element-b84a38c elementor-widget elementor-widget-heading\" data-id=\"b84a38c\" data-element_type=\"widget\" data-e-type=\"widget\" data-widget_type=\"heading.default\">\n\t\t\t\t<div class=\"elementor-widget-container\">\n\t\t\t\t\t<div class=\"elementor-heading-title elementor-size-large\">M\u00e4\u00e4rused<\/div>\t\t\t\t<\/div>\n\t\t\t\t<\/div>\n\t\t\t\t<\/div>\n\t\t<div class=\"elementor-element elementor-element-6bde8e8 elementor-hidden-mobile e-con-full e-flex e-con e-child\" data-id=\"6bde8e8\" data-element_type=\"container\" data-e-type=\"container\">\n\t\t\t\t<\/div>\n\t\t\t\t\t<\/div>\n\t\t\t\t<\/div>\n\t\t<div class=\"elementor-element elementor-element-14182772 e-flex e-con-boxed e-con e-parent\" data-id=\"14182772\" data-element_type=\"container\" data-e-type=\"container\">\n\t\t\t\t\t<div class=\"e-con-inner\">\n\t\t\t\t<div class=\"elementor-element elementor-element-2eb03911 elementor-widget elementor-widget-text-editor\" data-id=\"2eb03911\" data-element_type=\"widget\" data-e-type=\"widget\" data-widget_type=\"text-editor.default\">\n\t\t\t\t<div class=\"elementor-widget-container\">\n\t\t\t\t\t\t\t\t\t\n<h1 class=\"wp-block-heading\">ZENBOX PRO n\u00f5uded ja tingimused<\/h1>\n\n\n\n<p>Need eeskirjad m\u00e4\u00e4ratlevad seadme ostu-, paigaldus-, garantii-, tagastus- ja vastutuseeskirjad. <strong>ZENBOX PRO<\/strong>, mida saab veebisaidi kaudu osta <strong>zen-box.pro<\/strong>. M\u00e4\u00e4rused on koostatud poola keeles ametlikus vormis, v\u00f5ttes arvesse kehtivaid \u00f5iguss\u00e4tteid, eelk\u00f5ige tarbija\u00f5igusi kaitsvaid s\u00e4tteid. Enne ZENBOX PRO seadme ostmist lugege eeskirjad hoolikalt l\u00e4bi.<\/p>\n\n\n\n<h2 class=\"wp-block-heading\">1. Ostu- ja paigaldustingimused<\/h2>\n\n\n\n<ul class=\"wp-block-list\">\n<li><strong>Seadme ostmine:<\/strong> ZENBOX PRO ostmine toimub veebilehe zen-box.pro kaudu, mis on v\u00f5rdv\u00e4\u00e4rne ostu-m\u00fc\u00fcgilepingu s\u00f5lmimisega Ostja ja M\u00fc\u00fcja (Zen-Box veebipoe operaator) vahel. P\u00e4rast tellimuse vormistamist ja makse sooritamist kinnitab M\u00fc\u00fcja tellimuse t\u00e4itmiseks vastuv\u00f5tmist. M\u00fc\u00fcja tarnib seadme m\u00e4\u00e4ratud aadressile v\u00f5i teeb selle paigaldamiseks k\u00e4ttesaadavaks vastavalt valitud paigaldusv\u00f5imalusele.<\/li>\n\n\n\n<li><strong>Seadme paigaldamise viisid:<\/strong> Ostjal on ZENBOX PRO seadme paigaldamisel valida kahe v\u00f5imaluse vahel:<br><strong>a) Isepaigaldamine<\/strong> \u2013 Ostja saab seadme ise paigaldada. M\u00fc\u00fcja annab seadmega kaasa \u00fcksikasjalikud montaa\u017ei- ja kasutusjuhised. Ostja on kohustatud montaa\u017ei teostama rangelt vastavalt juhistele. M\u00fc\u00fcja ei vastuta seadme v\u00f5i s\u00f5iduki kahjustuste eest, mis on p\u00f5hjustatud valest isepaigaldamisest.<br><strong>b) Paigaldamine sertifitseeritud paigaldaja poolt<\/strong> \u2013 Ostja v\u00f5ib kasutada M\u00fc\u00fcjaga koost\u00f6\u00f6d tegeva sertifitseeritud paigaldajate v\u00f5rgustiku teenuseid. Olenevalt Ostja asukohast teostab paigaldusteenust \u00fcks kolmest m\u00e4\u00e4ratud partnerfirmast (nt firma X, Y v\u00f5i Z). T\u00e4psem info m\u00e4\u00e4ratud paigaldaja kohta ja kontaktandmed edastatakse Ostjale peale tellimuse vormistamist. <strong>Paigaldusteenuse leping<\/strong> s\u00f5lmitakse otse Ostja ja valitud paigaldusfirma vahel \u2013 see t\u00e4hendab, et paigalduse ja selle v\u00f5imalike puuduste eest vastutab just see ettev\u00f5te. M\u00fc\u00fcja tegutseb ainult vahendajana Ostja kontakti viimisel sertifitseeritud paigaldajaga ega vastuta v\u00e4lise partneri poolt pakutava paigaldusteenuse k\u00e4igu ega tulemuste eest.<\/li>\n\n\n\n<li><strong>Seadme kogumine ja k\u00e4ivitamine:<\/strong> P\u00e4rast seadme \u00fcleandmist (ja v\u00f5imalikku paigaldamist paigaldaja poolt) peaks Ostja kontrollima, kas toode on komplektne ja kahjustamata. Transpordi k\u00e4igus tekkivate kahjustuste v\u00f5i asjade kadumise korral peab Ostja viivitamatult \u00fchendust v\u00f5tma M\u00fc\u00fcjaga. Seadet ZENBOX PRO tohib kasutada ainult s\u00f5idukites ja viisil, mis on koosk\u00f5las kasutusjuhendiga. K\u00f5ik katsed seadet ise muuta on keelatud ja v\u00f5ivad kaasa tuua garantii ja vastutuse kaotuse tekitatud kahjude eest.<\/li>\n<\/ul>\n\n\n\n<h2 class=\"wp-block-heading\">2. Garantiitingimused<\/h2>\n\n\n\n<ul class=\"wp-block-list\">\n<li><strong>Garantiiaeg:<\/strong> ZENBOX PRO-le kehtib garantii perioodiks <strong>24 kuud<\/strong> (2 aastat) alates seadme Ostjale \u00fcleandmise kuup\u00e4evast (s.o alates seadmega saadetise k\u00e4ttesaamise p\u00e4evast v\u00f5i seadme paigaldamise kuup\u00e4evast \u2013 olenevalt sellest, kumb s\u00fcndmus toimub enne). Garantiiperioodi on v\u00f5imalik pikendada t\u00e4iendava perioodi v\u00f5rra (nt 1, 2 v\u00f5i 3 aasta v\u00f5rra) M\u00fc\u00fcjaga individuaalselt kokkulepitud tingimustel \u2013 sellisel juhul t\u00e4psustatakse pikendatud garantii tingimused eraldi dokumendis v\u00f5i lisas.<\/li>\n\n\n\n<li><strong>Garantii ulatus:<\/strong> Garantii h\u00f5lmab seadme tootmisdefekte ja ZENBOX PRO seadmele omastest p\u00f5hjustest tulenevaid t\u00f5rkeid, mis ilmnesid \u00f5igel kasutamisel. Garantiiajal kohustub M\u00fc\u00fcja (v\u00f5i M\u00fc\u00fcja poolt volitatud isik, nt seadme tootja) seadme tasuta parandama v\u00f5i asendama defektideta seadmega, kui puudustest teatatakse kaebuse esitamise korras. Garantii kehtib Poola Vabariigi territooriumil. Garantiiremont teostatakse esimesel v\u00f5imalusel, kuid mitte kauem kui 14 t\u00f6\u00f6p\u00e4eva jooksul alates defektse seadme hoolduspunkti toimetamise kuup\u00e4evast (see t\u00e4htaeg v\u00f5ib p\u00f5hjendatud juhtudel pikeneda, millest Ostjat teavitatakse).<\/li>\n\n\n\n<li><strong>Garantii v\u00e4listused:<\/strong> Garantii ei kata seadme kahjustusi ega defekte, mis tulenevad muudest asjaoludest kui m\u00fc\u00fcdavale tootele omased puudused. Eelk\u00f5ige ei kata garantii defekte, mis tulenevad:<ul><li class=\"\"><strong>Vale paigaldus<\/strong> seade (sealhulgas paigaldus, mis on vastuolus kasutusjuhendiga v\u00f5i mille on teostanud sertifitseerimata personal).<\/li><li class=\"\"><strong>Eba\u00f5ige kasutamine<\/strong> v\u00f5i seadme kasutamine muul otstarbel kui see, milleks see oli ette n\u00e4htud (nt kasutamine viisil, mida tootja ei ole ette n\u00e4inud, s\u00f5idukites, mis ei kuulu \u00fchilduvusloendisse, v\u00f5i seadme t\u00f6\u00f6 h\u00e4irimine).<\/li><li class=\"\"><strong>Ise tehtud muudatused v\u00f5i remont<\/strong> volitamata isikute tehtud. Seadme korpuse avamine, s\u00f5iduki elektris\u00fcsteemi muutmine v\u00e4ljaspool montaa\u017eijuhiseid v\u00f5i muud sekkumised t\u00fchistab garantii.<\/li><li class=\"\"><strong>Mehaanilised v\u00f5i v\u00e4lised kahjustused<\/strong> M\u00fc\u00fcjast mitteolenevad tegurid (nagu vedeliku \u00fcleujutus, tulekahju, liiklus\u00f5nnetus, pinge h\u00fcpped s\u00f5iduki paigalduses, v\u00e4\u00e4ramatu j\u00f5ud jne).<\/li><li class=\"\"><strong>Loomulik kulumine<\/strong> komponendid, mis kuluvad seadme tavap\u00e4rase kasutamise k\u00e4igus.<\/li><\/ul>Eelnimetatud garantiivastutust v\u00e4listavate asjaolude ilmnemisel on M\u00fc\u00fcjal \u00f5igus keelduda seadme tasuta parandamisest v\u00f5i asendamisest. Garantii\u00f5igused ei v\u00e4lista, piira ega peata Ostja \u00f5igusi, mis tulenevad m\u00fc\u00fcdud eseme puuduste garantii s\u00e4tetest (olemasolul).<\/li>\n\n\n\n<li><strong>Kaebuste menetlemine:<\/strong> Garantii alla kuuluva defekti ilmnemisel peaks Ostja viivitamatult (hiljemalt 14 p\u00e4eva jooksul alates puuduse m\u00e4rkamisest) esitama M\u00fc\u00fcjale pretensiooni. Pretensioonid tuleb esitada kirjalikult v\u00f5i elektrooniliselt (e-posti teel) M\u00fc\u00fcja k\u00e4esolevas Eeskirjas toodud kontaktandmetel, kirjeldades tuvastatud puudust ja selle ilmnemise asjaolusid. M\u00fc\u00fcja v\u00f5ib paluda teil viia seade defekti kontrollimiseks selleks m\u00e4\u00e4ratud teeninduskeskusesse v\u00f5i punkti. Seadme garantiiremonti tagasi saatmisega kaasnevad kulud kannab M\u00fc\u00fcja, kui pretensioon loetakse p\u00f5hjendatuks (s.t. defekt kuulub garantii alla). Pretensiooniga n\u00f5ustumisel parandab M\u00fc\u00fcja seadme v\u00f5i asendab selle uuega ja saadab selle Ostjale tagasi omal kulul. Pretensiooni rahuldamata j\u00e4tmise korral (nt tuvastatakse, et kahju ei kuulu garantii alla), teavitab M\u00fc\u00fcja sellest Ostjat, p\u00f5hjendades keeldumist ning vajadusel tagastab seadme Ostja kulul v\u00f5i v\u00f5ib Ostja n\u00f5usolekul teha tasulise remondi eraldi tingimustel.<\/li>\n<\/ul>\n\n\n\n<h2 class=\"wp-block-heading\">3. Tagastamispoliitika<\/h2>\n\n\n\n<ul class=\"wp-block-list\">\n<li><strong>Taganemis\u00f5igus (seadme tagastamine):<\/strong> Tarbijast Ostjal on \u00f5igus p\u00f5hjust avaldamata kaugjuhtimisega s\u00f5lmitud ZENBOX PRO m\u00fc\u00fcgilepingust taganeda <strong>14 p\u00e4eva<\/strong> alates seadme k\u00e4ttesaamise kuup\u00e4evast. M\u00fc\u00fcja pikendab seda \u00f5igust vabatahtlikult, pakkudes programmi &quot;Rahulolu garanteeritud v\u00f5i Teie raha tagasi&quot;, mille raames v\u00f5ib Ostja lepingust taganeda ajavahemikul <strong>30 p\u00e4eva<\/strong> alates seadme paigaldamise kuup\u00e4evast (v\u00f5i kui seadet ei paigaldanud paigaldajate v\u00f5rgustik \u2013 alates seadme \u00fcleandmise kuup\u00e4evast). V\u00f5ite kasutada pikendatud 30-p\u00e4evast tagastusperioodi, kui t\u00e4idate k\u00f5ik allpool kirjeldatud n\u00f5uded. \u00d5igus raha tagasi saada ei ole Ostjal, kes ei ole tarbija seaduse m\u00f5istes, kui pooled ei lepi kokku teisiti.<\/li>\n\n\n\n<li><strong>Tagastamise vastuv\u00f5tmise tingimused:<\/strong> Tagastatav seade peab olema muutmata seisukorras, st sellel ei tohi olla kasutusj\u00e4lgi, mis v\u00e4ljuvad tavap\u00e4rasest tootetestimise ulatusest. Ostja peaks seadme tagastama <strong>originaalpakend<\/strong>, koos vastuv\u00f5etud tarvikute, kaablite, juhiste ja ostut\u00f5endiga (kviitung v\u00f5i arve). Seade on lubatud t\u00f6\u00f6korrasoleku kontrollimiseks hoolikalt lahti pakkida ja s\u00f5idukisse paigaldada, kuid lepingust taganemise korral on Ostjal kohustus taastada seade selle algsesse seisukorda ning tagastusveo ajaks n\u00f5uetekohaselt kinnitada. Kui seadme paigaldas atesteeritud paigaldaja, peab Ostja lubama seadme enne tagastamist lahti v\u00f5tta (soovitav on seda teha volitatud paigalduskohas). K\u00f5rvaliste isikute poolt demonteerimisel tekkinud seadme v\u00f5i s\u00f5iduki kahjustused kannab Ostja. M\u00fc\u00fcja j\u00e4tab endale \u00f5iguse keelduda tagastamisest v\u00f5i v\u00e4hendada raha tagasimakse summat, kui ta leiab, et seade sai kahjustada Ostja s\u00fc\u00fcl v\u00f5i on mittekomplektne.<\/li>\n\n\n\n<li><strong>V\u00e4ljav\u00f5tmise protseduur:<\/strong> Tagastamis\u00f5iguse kasutamiseks peab Ostja esitama M\u00fc\u00fcjale \u00fchem\u00f5ttelise lepingust taganemise avalduse enne kehtiva perioodi (olenevalt juhtumist 14 v\u00f5i 30 p\u00e4eva) m\u00f6\u00f6dumist. K\u00e4esoleva deklaratsiooni v\u00f5ib saata kirjalikult M\u00fc\u00fcja asukoha aadressile v\u00f5i elektrooniliselt kontaktiks m\u00e4rgitud e-posti aadressile. M\u00fc\u00fcja kinnitab koheselt taganemisavalduse k\u00e4ttesaamist (kui see saadeti e-postiga \u2013 saates vastuss\u00f5numi). Seej\u00e4rel on Ostjal kohustus seade M\u00fc\u00fcjale tagastada \u2013 see tuleb saata M\u00fc\u00fcja poolt n\u00e4idatud lao- v\u00f5i kontoriaadressile. <strong>Kauba tagastamise kulu<\/strong> lepingust taganemise (tagastamise) korral kannab kulud \u00fcldjuhul Ostja, kui eraldi regulatsioonid ei s\u00e4testa teisiti v\u00f5i kui M\u00fc\u00fcja n\u00f5ustub neid kulusid katma. Soovitatav on kindlustada tagastussaadetis transpordi ajal kaotsimineku v\u00f5i kahju vastu.<\/li>\n\n\n\n<li><strong>Makse tagastamine:<\/strong> Lepingust tegeliku taganemise korral loetakse, et leping ei ole s\u00f5lmitud ja pooled tagastavad \u00fcksteisele saadud h\u00fcved. M\u00fc\u00fcja tagastab seadme eest tasutud hinna (ja Ostjale tarnekulud, kui see on olemas) hiljemalt 14 p\u00e4eva jooksul lepingust taganemise avalduse k\u00e4ttesaamisest arvates. M\u00fc\u00fcja v\u00f5ib h\u00fcvitist kinni pidada seni, kuni seade on tagasi saadud v\u00f5i Ostja esitab t\u00f5endi selle tagasisaatmise kohta, olenevalt sellest, milline s\u00fcndmus toimub enne. Tagastamine toimub sama makseviisi abil, mida Ostja algses tehingus kasutas, v\u00e4lja arvatud juhul, kui Ostja n\u00f5ustub s\u00f5naselgelt teistsuguse tagastamisviisiga. Kui seadme eest tasumine toimus otse Ostja ja sertifitseeritud paigaldaja vahel (nt monteerimisteenuse osana), v\u00f5ib paigaldusteenuse raha tagasimaksmise \u00fcksikasjad olla vaja kokku leppida vastava paigaldusettev\u00f5ttega vastavalt eraldi teenuselepingu tingimustele.<\/li>\n<\/ul>\n\n\n\n<h2 class=\"wp-block-heading\">4. Vastutus rikete ja talitluspiirangute eest<\/h2>\n\n\n\n<ul class=\"wp-block-list\">\n<li><strong>Seadme omadused:<\/strong> ZENBOX PRO on elektrooniline seade, mis integreerub s\u00f5iduki elektroonilise s\u00fcsteemiga, et <strong>Start-Stop s\u00fcsteemi ja RSA s\u00fcsteemi p\u00fcsiv v\u00e4ljal\u00fclitamine<\/strong> (Road Sign Assist) valitud automudelitel. Seadme tahtlik ja j\u00e4\u00e4davalt paigaldamine keelab kindlaksm\u00e4\u00e4ratud s\u00f5iduki funktsioonid, mis on selle t\u00f6\u00f6 kavandatud m\u00f5ju. Ostja kinnitab, et seadme paigaldus muudab s\u00f5iduki tehaseseadeid Start-Stop ja\/v\u00f5i RSA s\u00fcsteemide toimimise osas. ZENBOX PRO-d tuleks kasutada ainult s\u00f5idukites, mis on toote spetsifikatsioonides loetletud toetatud mudelitena.<\/li>\n\n\n\n<li><strong>\u00dchilduvuspiirangud:<\/strong> Kuigi ZENBOX PRO on loodud \u00fchilduma paljude s\u00f5idukimarkide ja -mudelitega, v\u00f5ib esineda juhtumeid, kus seadme funktsionaalsus on piiratud. M\u00f5nede s\u00f5idukimudelite v\u00f5i nende konkreetsete varustusversioonide puhul ei pruugi Start-Stop v\u00f5i RSA s\u00fcsteem olla t\u00e4ielikult v\u00e4lja l\u00fclitatud v\u00f5i s\u00f5iduk v\u00f5ib kuvada ekslikke teateid v\u00f5i p\u00f5hjustada muid seadme t\u00f6\u00f6ga seotud etten\u00e4gematuid k\u00f5rvalm\u00f5jusid. Sellised olukorrad v\u00f5ivad tuleneda individuaalsetest erinevustest s\u00f5iduki pardatarkvaras, s\u00f5iduki tootja poolt tehtud disainimuudatustest v\u00f5i muudest m\u00fc\u00fcjast mitteolenevatest teguritest. M\u00fc\u00fcja teeb k\u00f5ik endast oleneva, et esitada tootelehel ajakohane nimekiri \u00fchilduvatest s\u00f5idukitest ja teadaolevatest funktsionaalsetest piirangutest. Ostjal on soovitatav enne ostmist veenduda (nt m\u00fc\u00fcjaga konsulteerides), et tema s\u00f5iduk on ZENBOX PRO toetatud mudelite hulgas.<\/li>\n\n\n\n<li><strong>Ei vastuta kokkusobimatuse eest:<\/strong> M\u00fc\u00fcja ei vastuta ZENBOX PRO seadme mitte\u00fchilduvuse eest Ostja konkreetse s\u00f5idukiga ega seadme funktsioonide mittet\u00e4ieliku t\u00f6\u00f6 eest antud s\u00f5idukis, v\u00e4lja arvatud juhul, kui sellise \u00fchildumatuse v\u00f5i piirangute p\u00f5hjuseks on seadme enda defekt. Teisis\u00f5nu, kui seade kui selline on funktsionaalne, kuid ei vasta antud s\u00f5idukimudeli omaduste t\u00f5ttu t\u00e4ielikult oma eesm\u00e4rkidele, ei ole see aluseks n\u00f5uete esitamiseks m\u00fc\u00fcja vastu, v\u00e4lja arvatud Ostja poolt etten\u00e4htud t\u00e4htaja jooksul tagastus\u00f5iguse v\u00f5imalik kasutamine (vastavalt \u00fclaltoodud punktile 3). M\u00fc\u00fcja vastutus seadme f\u00fc\u00fcsiliste defektide korral on piiratud antud garantii (punkt 2 \u00fclalpool) ja garantiitingimustega, kui need on kohaldatavad, s\u00e4testatud kohustustega.<\/li>\n\n\n\n<li><strong>Kasutamise k\u00e4igus tekkinud defektid ja kahjustused:<\/strong> M\u00fc\u00fcja ei vastuta s\u00f5idukile tekitatud kahjude ega kolmandatele isikutele s\u00f5iduki kasutamisest tulenevate kehavigastuste eest. <strong>eba\u00f5ige kasutamine<\/strong> ZENBOX PRO seadmed. Eelk\u00f5ige v\u00e4listatakse m\u00fc\u00fcja igasugune vastutus, kui ostja: (a) kasutas seadet vastupidiselt juhistele v\u00f5i etten\u00e4htud otstarbele, (b) eiras hoiatusi v\u00f5i soovitusi paigaldamise ja kasutamise kohta, (c) tegi s\u00f5iduki paigalduses v\u00f5i seadmes endas volitamata muudatusi. M\u00fc\u00fcja ei vastuta ka <strong>kaudsed m\u00f5jud<\/strong> Start-Stop v\u00f5i RSA s\u00fcsteemide desaktiveerimine, n\u00e4iteks muutused k\u00fctusekulus, heitgaaside emissioonid, muude s\u00f5iduabis\u00fcsteemide t\u00f6\u00f6 v\u00f5i s\u00f5iduki tootja garantii v\u00f5imalik rikkumine. Ostja tunnistab, et ZENBOX PRO seadet kasutades s\u00f5iduki ohutus- v\u00f5i t\u00f5hususs\u00fcsteemide (Start-Stop, RSA jne) tahtlikust v\u00e4ljal\u00fclitamisest tulenevate tagaj\u00e4rgede eest vastutab Ostja kui selle seadme teadlik kasutaja. Mitte miski nendes eeskirjades ei piira m\u00fc\u00fcja vastutust m\u00e4\u00e4ral, mil sellist vastutust ei saa v\u00e4listada v\u00f5i piirata kehtiva \u00f5iguse alusel (nt m\u00fc\u00fcja poolt tahtlikult tekitatud kahju korral).<\/li>\n<\/ul>\n\n\n\n<h2 class=\"wp-block-heading\">5. L\u00f5pps\u00e4tted<\/h2>\n\n\n\n<ul class=\"wp-block-list\">\n<li><strong>Muudatused m\u00e4\u00e4rustikus:<\/strong> M\u00fc\u00fcja j\u00e4tab endale \u00f5iguse teha k\u00e4esolevates Tingimustes muudatusi olulistel p\u00f5hjustel, nagu muudatused \u00f5igusnormides, tootepakkumise laienemine v\u00f5i muutmine, makse- v\u00f5i tarneviiside muudatused v\u00f5i vajadus t\u00e4psustada eeskirjas s\u00e4testatut. Ostjaid teavitatakse eeskirjade kavandatavatest muudatustest m\u00fc\u00fcja veebisaidile (zen-box.pro) postitatud teadaande v\u00f5i e-posti teel (kliendikonto v\u00f5i uudiskirja tellimise korral) v\u00e4hemalt 14 p\u00e4eva enne muudatuste j\u00f5ustumise kuup\u00e4eva. Tellimused, mis on tehtud enne Tingimuste uue redaktsiooni j\u00f5ustumise kuup\u00e4eva, t\u00e4idetakse varasemate p\u00f5him\u00f5tete alusel, v\u00e4lja arvatud juhul, kui muudetud Tingimustes s\u00e4testatu on Ostjale soodsam (sel juhul v\u00f5ivad need kehtida ka varem Ostja n\u00f5usolekul sooritatud tellimustele).<\/li>\n\n\n\n<li><strong>Kohaldatavad \u00f5iguss\u00e4tted:<\/strong> K\u00e4esoleva eeskirjaga reguleerimata k\u00fcsimustes kohaldatakse vastavaid s\u00e4tteid. <strong>Poola \u00f5iguse s\u00e4tted<\/strong>, eelk\u00f5ige 23. aprilli 1964. aasta seadus \u2013 tsiviilseadustik (Ajakirjade v\u00e4ljaanne 1964, nr 16, punkt 93, muudetud kujul) ja \u2013 tarbijatest ostjate puhul \u2013 30. mai 2014. aasta seadus tarbija\u00f5iguste kohta (\u00d5igusajakiri 2014, punkt 827, muudetud). Eeskirja s\u00e4tete eesm\u00e4rk ei ole v\u00e4listada ega piirata talle kohustuslike seaduses\u00e4tetega antud tarbija\u00f5igusi \u2013 eeskirja s\u00e4tete ja k\u00e4esolevate s\u00e4tete vahelise vastuolu korral kohaldatakse seaduse s\u00e4tteid.<\/li>\n\n\n\n<li><strong>Vaidluste lahendamine:<\/strong> K\u00f5ik ZENBOX PRO seadme m\u00fc\u00fcgilepingust v\u00f5i k\u00e4esolevatest reeglitest tulenevad vaidlused M\u00fc\u00fcja ja Ostja vahel lahendatakse esmaj\u00e4rjekorras s\u00f5bralikult. Ostja v\u00f5ib kasutada kaebuste lahendamiseks ja n\u00f5uete esitamiseks kohtuv\u00e4liseid meetodeid (nt vahendus, vahekohtumenetlus kaubandusinspektsioonis, veebip\u00f5hise vaidluste lahendamise platvorm, mis on saadaval aadressil http:\/\/ec.europa.eu\/consumers\/odr). Kui vaidluse rahumeelne lahendamine ei ole v\u00f5imalik, on vaidluse lahendamiseks p\u00e4dev kohus vastavalt seadusele kohaliku ja materiaalse jurisdiktsiooniga kohus.<\/li>\n\n\n\n<li><strong>Kontaktandmed ja klienditugi:<\/strong> Toote toimimist puudutavate k\u00fcsimuste, pretensioonide, tagastus\u00f5iguse kasutamise soovi v\u00f5i muude ZENBOX PRO ostmise ja kasutamisega seotud k\u00fcsimuste korral v\u00f5ib Ostja M\u00fc\u00fcjaga \u00fchendust v\u00f5tta j\u00e4rgmiste kanalite kaudu:<ul><li class=\"\"><strong>E-posti aadress:<\/strong> info@zen-box.pro<strong>Telefoni vihjeliin:<\/strong> +48 732 080 889 (avatud t\u00f6\u00f6p\u00e4eviti 9.00\u201317.00)<strong>Kirjavahetuse aadress:<\/strong> St. Mi\u0119dzyleska 4, 50-514 Wroclaw, Poola.<\/li><\/ul>M\u00fc\u00fcja teeb k\u00f5ik endast oleneva, et klientidega suhtlemine sujuks t\u00f5rgeteta ja kaebused saaksid k\u00e4sitletud v\u00f5imalikult l\u00fchikese aja jooksul. Tehniline ja sisuline tugi ZENBOX PRO kasutajatele on saadaval \u00fclaltoodud kontaktandmetel.<\/li>\n\n\n\n<li><strong>Eeskirjade j\u00f5ustumine:<\/strong> K\u00e4esolevad tingimused j\u00f5ustuvad veebilehel zen-box.pro avaldamise kuup\u00e4eval ja kehtivad k\u00f5ikidele alates sellest kuup\u00e4evast tehtud tellimustele. Tingimused on M\u00fc\u00fcja ja Ostja vahel s\u00f5lmitud m\u00fc\u00fcgilepingu lahutamatu osa. Tellimuse esitamisega kinnitab Ostja, et on Tingimustega tutvunud ja n\u00f5ustub nende s\u00e4tetega.<\/li>\n<\/ul>\n\t\t\t\t\t\t\t\t<\/div>\n\t\t\t\t<\/div>\n\t\t\t\t\t<\/div>\n\t\t\t\t<\/div>\n\t\t\t\t<\/div>","protected":false},"excerpt":{"rendered":"<p>Tingimused ZENBOX PRO tingimused K\u00e4esolevad tingimused ja tingimused m\u00e4\u00e4ratlevad veebisaidi zen-box.pro kaudu ostmiseks saadaval oleva ZENBOX PRO seadme ostu-, paigaldus-, garantii-, tagastus- ja vastutuseeskirjad. M\u00e4\u00e4rused on koostatud poola keeles ametlikus vormis, v\u00f5ttes arvesse kehtivaid \u00f5iguss\u00e4tteid, eelk\u00f5ige tarbija\u00f5igusi kaitsvaid s\u00e4tteid. Lugege eeskirjad hoolikalt l\u00e4bi enne [\u2026]<\/p>","protected":false},"author":1,"featured_media":0,"parent":0,"menu_order":0,"comment_status":"closed","ping_status":"closed","template":"","meta":{"_joinchat":[],"footnotes":""},"class_list":["post-874","page","type-page","status-publish","hentry"],"_links":{"self":[{"href":"https:\/\/zen-box.pro\/et\/wp-json\/wp\/v2\/pages\/874","targetHints":{"allow":["GET"]}}],"collection":[{"href":"https:\/\/zen-box.pro\/et\/wp-json\/wp\/v2\/pages"}],"about":[{"href":"https:\/\/zen-box.pro\/et\/wp-json\/wp\/v2\/types\/page"}],"author":[{"embeddable":true,"href":"https:\/\/zen-box.pro\/et\/wp-json\/wp\/v2\/users\/1"}],"replies":[{"embeddable":true,"href":"https:\/\/zen-box.pro\/et\/wp-json\/wp\/v2\/comments?post=874"}],"version-history":[{"count":3,"href":"https:\/\/zen-box.pro\/et\/wp-json\/wp\/v2\/pages\/874\/revisions"}],"predecessor-version":[{"id":2726,"href":"https:\/\/zen-box.pro\/et\/wp-json\/wp\/v2\/pages\/874\/revisions\/2726"}],"wp:attachment":[{"href":"https:\/\/zen-box.pro\/et\/wp-json\/wp\/v2\/media?parent=874"}],"curies":[{"name":"t\u00f6\u00f6leht","href":"https:\/\/api.w.org\/{rel}","templated":true}]}}