{"id":874,"date":"2025-03-31T10:47:54","date_gmt":"2025-03-31T10:47:54","guid":{"rendered":"https:\/\/zen-box.pro\/?page_id=874"},"modified":"2025-10-15T11:01:07","modified_gmt":"2025-10-15T11:01:07","slug":"satzung","status":"publish","type":"page","link":"https:\/\/zen-box.pro\/de_ch\/satzung\/","title":{"rendered":"Satzung"},"content":{"rendered":"<div data-elementor-type=\"wp-page\" data-elementor-id=\"874\" class=\"elementor elementor-874\" data-elementor-post-type=\"page\">\n\t\t\t\t<div class=\"elementor-element elementor-element-49b7fcb e-flex e-con-boxed e-con e-parent\" data-id=\"49b7fcb\" data-element_type=\"container\" data-e-type=\"container\" data-settings=\"{&quot;background_background&quot;:&quot;classic&quot;}\">\n\t\t\t\t\t<div class=\"e-con-inner\">\n\t\t<div class=\"elementor-element elementor-element-92afc7b e-con-full e-flex e-con e-child\" data-id=\"92afc7b\" data-element_type=\"container\" data-e-type=\"container\">\n\t\t\t\t<div class=\"elementor-element elementor-element-b84a38c elementor-widget elementor-widget-heading\" data-id=\"b84a38c\" data-element_type=\"widget\" data-e-type=\"widget\" data-widget_type=\"heading.default\">\n\t\t\t\t<div class=\"elementor-widget-container\">\n\t\t\t\t\t<div class=\"elementor-heading-title elementor-size-large\">Satzung<\/div>\t\t\t\t<\/div>\n\t\t\t\t<\/div>\n\t\t\t\t<\/div>\n\t\t<div class=\"elementor-element elementor-element-6bde8e8 elementor-hidden-mobile e-con-full e-flex e-con e-child\" data-id=\"6bde8e8\" data-element_type=\"container\" data-e-type=\"container\">\n\t\t\t\t<\/div>\n\t\t\t\t\t<\/div>\n\t\t\t\t<\/div>\n\t\t<div class=\"elementor-element elementor-element-14182772 e-flex e-con-boxed e-con e-parent\" data-id=\"14182772\" data-element_type=\"container\" data-e-type=\"container\">\n\t\t\t\t\t<div class=\"e-con-inner\">\n\t\t\t\t<div class=\"elementor-element elementor-element-2eb03911 elementor-widget elementor-widget-text-editor\" data-id=\"2eb03911\" data-element_type=\"widget\" data-e-type=\"widget\" data-widget_type=\"text-editor.default\">\n\t\t\t\t<div class=\"elementor-widget-container\">\n\t\t\t\t\t\t\t\t\t\n<h1 class=\"wp-block-heading\">ZENBOX PRO Allgemeine Gesch\u00e4ftsbedingungen<\/h1>\n\n\n\n<p>Diese Bestimmungen definieren die Kaufbedingungen, Installations-, Garantie-, R\u00fcckgabe- und Haftungsregeln f\u00fcr das Ger\u00e4t. <strong>ZENBOX PRO<\/strong>, erh\u00e4ltlich \u00fcber die Website <strong>zen-box.pro<\/strong>Die Allgemeinen Gesch\u00e4ftsbedingungen sind in polnischer Sprache verfasst und ber\u00fccksichtigen die geltenden Gesetze, insbesondere die Bestimmungen zum Schutz der Verbraucherrechte. Bitte lesen Sie diese Allgemeinen Gesch\u00e4ftsbedingungen vor dem Kauf des ZENBOX PRO-Ger\u00e4ts sorgf\u00e4ltig durch.<\/p>\n\n\n\n<h2 class=\"wp-block-heading\">1. Kauf- und Installationsbedingungen<\/h2>\n\n\n\n<ul class=\"wp-block-list\">\n<li><strong>Kauf des Ger\u00e4tes:<\/strong> Der Kauf von ZENBOX PRO erfolgt \u00fcber die Website zen-box.pro. Es entsteht ein Kaufvertrag zwischen dem K\u00e4ufer und dem Verk\u00e4ufer (Betreiber des Zen-Box-Onlineshops). Nach der Bestellung und Zahlung best\u00e4tigt der Verk\u00e4ufer die Annahme der Bestellung. Der Verk\u00e4ufer liefert das Ger\u00e4t an die angegebene Adresse oder stellt es je nach gew\u00e4hlter Installationsoption zur Installation bereit.<\/li>\n\n\n\n<li><strong>Methoden zur Ger\u00e4teinstallation:<\/strong> Bei der Installation des ZENBOX PRO-Ger\u00e4ts stehen dem K\u00e4ufer zwei M\u00f6glichkeiten zur Auswahl:<br><strong>a) Selbstinstallation<\/strong> \u2013 Der K\u00e4ufer kann das Ger\u00e4t selbst installieren. Der Verk\u00e4ufer liefert dem Ger\u00e4t eine detaillierte Installations- und Bedienungsanleitung mit. Der K\u00e4ufer ist verpflichtet, die Installation strikt gem\u00e4\u00df den Anweisungen durchzuf\u00fchren. Der Verk\u00e4ufer haftet nicht f\u00fcr Sch\u00e4den am Ger\u00e4t oder Fahrzeug, die durch unsachgem\u00e4\u00dfe Installation entstehen.<br><strong>b) Installation durch einen zertifizierten Installateur<\/strong> Der K\u00e4ufer kann die Dienste eines zertifizierten Netzwerks von Installateuren nutzen, die mit dem Verk\u00e4ufer zusammenarbeiten. Je nach Standort des K\u00e4ufers wird die Installation von einem von drei ausgew\u00e4hlten Partnerunternehmen (z. B. Firma X, Y oder Z) durchgef\u00fchrt. Detaillierte Informationen zum beauftragten Installateur und dessen Kontaktdaten erh\u00e4lt der K\u00e4ufer nach der Bestellung. <strong>Installationsservicevertrag<\/strong> Der Vertrag kommt direkt zwischen dem K\u00e4ufer und dem ausgew\u00e4hlten Installationsunternehmen zustande. Das Unternehmen ist somit f\u00fcr die Installation und etwaige M\u00e4ngel verantwortlich. Der Verk\u00e4ufer vermittelt den K\u00e4ufer lediglich an einen zertifizierten Installateur und ist nicht f\u00fcr den Verlauf oder das Ergebnis der Installationsleistung des externen Partners verantwortlich.<\/li>\n\n\n\n<li><strong>Ger\u00e4teempfang und Inbetriebnahme:<\/strong> Nach Lieferung des Ger\u00e4ts (und ggf. nach der Installation durch einen Installateur) sollte der K\u00e4ufer die Vollst\u00e4ndigkeit und Unversehrtheit des Produkts \u00fcberpr\u00fcfen. Sollten w\u00e4hrend des Transports Sch\u00e4den auftreten oder Teile fehlen, sollte sich der K\u00e4ufer umgehend an den Verk\u00e4ufer wenden. Das ZENBOX PRO-Ger\u00e4t darf nur in Fahrzeugen und gem\u00e4\u00df der Bedienungsanleitung verwendet werden. Jegliche Versuche, das Ger\u00e4t selbst zu modifizieren, sind verboten und k\u00f6nnen zum Verlust der Garantie und Haftung f\u00fcr daraus resultierende Sch\u00e4den f\u00fchren.<\/li>\n<\/ul>\n\n\n\n<h2 class=\"wp-block-heading\">2. Garantiebedingungen<\/h2>\n\n\n\n<ul class=\"wp-block-list\">\n<li><strong>Garantiezeit:<\/strong> F\u00fcr ZENBOX PRO gilt eine Garantie von <strong>24 Monate<\/strong> (2 Jahre) ab dem Datum der Lieferung des Ger\u00e4ts an den K\u00e4ufer (d. h. ab dem Datum des Erhalts der Sendung mit dem Ger\u00e4t oder dem Datum der Installation des Ger\u00e4ts \u2013 je nachdem, was zuerst eintritt). Es ist m\u00f6glich, die Garantiezeit um einen weiteren Zeitraum (z. B. um 1, 2 oder 3 Jahre) zu individuell mit dem Verk\u00e4ufer vereinbarten Bedingungen zu verl\u00e4ngern \u2013 in einem solchen Fall werden die Bedingungen der verl\u00e4ngerten Garantie in einem separaten Dokument oder Anhang angegeben.<\/li>\n\n\n\n<li><strong>Garantieumfang:<\/strong> Die Garantie deckt Herstellungsfehler und Ausf\u00e4lle ab, die auf Ursachen zur\u00fcckzuf\u00fchren sind, die dem ZENBOX PRO-Ger\u00e4t innewohnen und bei ordnungsgem\u00e4\u00dfer Verwendung auftreten. W\u00e4hrend der Garantiezeit verpflichtet sich der Verk\u00e4ufer (oder eine vom Verk\u00e4ufer autorisierte Stelle, z. B. der Ger\u00e4tehersteller) zur kostenlosen Reparatur oder zum Austausch des Ger\u00e4ts gegen ein mangelfreies Ger\u00e4t, wenn solche M\u00e4ngel gem\u00e4\u00df dem Reklamationsverfahren gemeldet werden. Die Garantie gilt in der Republik Polen. Garantiereparaturen werden so schnell wie m\u00f6glich, sp\u00e4testens jedoch innerhalb von 14 Werktagen ab dem Datum der Lieferung des defekten Ger\u00e4ts an das Servicecenter, durchgef\u00fchrt (diese Frist kann in begr\u00fcndeten F\u00e4llen verl\u00e4ngert werden, \u00fcber die der K\u00e4ufer informiert wird).<\/li>\n\n\n\n<li><strong>Garantieausschl\u00fcsse:<\/strong> Die Garantie deckt keine Sch\u00e4den oder M\u00e4ngel am Ger\u00e4t ab, die auf andere Umst\u00e4nde als M\u00e4ngel des verkauften Produkts zur\u00fcckzuf\u00fchren sind. Insbesondere deckt die Garantie keine M\u00e4ngel ab, die auf Folgendes zur\u00fcckzuf\u00fchren sind:<ul><li class=\"\"><strong>Unsachgem\u00e4\u00dfe Installation<\/strong> Ger\u00e4t (einschlie\u00dflich Installation entgegen der Bedienungsanleitung oder durch nicht zertifiziertes Personal).<\/li><li class=\"\"><strong>Unsachgem\u00e4\u00dfe Verwendung<\/strong> oder der Betrieb des Ger\u00e4tes entgegen seiner Bestimmung (z. B. Verwendung in einer vom Hersteller nicht angegebenen Weise, in Fahrzeugen, die nicht in der Kompatibilit\u00e4tsliste aufgef\u00fchrt sind, oder Eingriffe in das Ger\u00e4t).<\/li><li class=\"\"><strong>Umbauten oder Reparaturen in Eigenregie<\/strong> Durch nicht autorisierte Personen durchgef\u00fchrte Eingriffe. Das \u00d6ffnen des Ger\u00e4tegeh\u00e4uses, \u00fcber die Einbauanleitung hinausgehende Ver\u00e4nderungen an der Fahrzeugelektrik oder sonstige Eingriffe f\u00fchren zum Erl\u00f6schen der Garantie.<\/li><li class=\"\"><strong>Mechanische oder \u00e4u\u00dfere Besch\u00e4digung<\/strong> Faktoren, die au\u00dferhalb der Kontrolle des Verk\u00e4ufers liegen (wie z. B. \u00dcberschwemmung, Feuer, Verkehrsunfall, \u00dcberspannung in der Fahrzeuginstallation, h\u00f6here Gewalt usw.).<\/li><li class=\"\"><strong>Nat\u00fcrlicher Verschlei\u00df<\/strong> Komponenten, die bei normalem Gebrauch des Ger\u00e4ts verschlei\u00dfen.<\/li><\/ul>Tritt einer der oben genannten Umst\u00e4nde ein, die eine Garantiehaftung ausschlie\u00dfen, ist der Verk\u00e4ufer berechtigt, die kostenlose Reparatur oder den kostenlosen Ersatz des Ger\u00e4ts zu verweigern. Garantierechte schlie\u00dfen die Rechte des K\u00e4ufers aus den Garantiebestimmungen f\u00fcr M\u00e4ngel an verkauften Waren (falls zutreffend) nicht aus, beschr\u00e4nken sie nicht und setzen sie nicht aus.<\/li>\n\n\n\n<li><strong>Beschwerdeverfahren:<\/strong> Im Falle eines von der Garantie abgedeckten Mangels sollte der K\u00e4ufer unverz\u00fcglich (sp\u00e4testens 14 Tage nach Entdeckung) eine Reklamation beim Verk\u00e4ufer einreichen. Reklamationen sind schriftlich oder elektronisch (E-Mail) an die in diesen Allgemeinen Gesch\u00e4ftsbedingungen angegebenen Kontaktdaten des Verk\u00e4ufers zu richten und den Mangel sowie die Umst\u00e4nde seines Auftretens zu beschreiben. Der Verk\u00e4ufer kann die Lieferung des Ger\u00e4ts an ein bestimmtes Servicecenter oder eine Pr\u00fcfstelle verlangen. Die Kosten f\u00fcr die R\u00fccksendung des Ger\u00e4ts zur Garantiereparatur tr\u00e4gt der Verk\u00e4ufer, sofern die Reklamation als berechtigt erachtet wird (d. h. der Mangel von der Garantie abgedeckt ist). Wird die Reklamation anerkannt, repariert oder ersetzt der Verk\u00e4ufer das Ger\u00e4t und sendet es auf eigene Kosten an den K\u00e4ufer zur\u00fcck. Wird die Reklamation abgelehnt (z. B. wenn festgestellt wird, dass der Schaden nicht von der Garantie abgedeckt ist), informiert der Verk\u00e4ufer den K\u00e4ufer unter Angabe der Gr\u00fcnde und sendet das Ger\u00e4t gegebenenfalls auf Kosten des K\u00e4ufers zur\u00fcck oder kann mit dessen Zustimmung eine kostenpflichtige Reparatur zu gesonderten Bedingungen durchf\u00fchren.<\/li>\n<\/ul>\n\n\n\n<h2 class=\"wp-block-heading\">3. R\u00fcckgaberecht<\/h2>\n\n\n\n<ul class=\"wp-block-list\">\n<li><strong>Widerrufsrecht (Ger\u00e4ter\u00fcckgabe):<\/strong> Der K\u00e4ufer, der Verbraucher ist, hat das Recht, vom Fernabsatzvertrag ZENBOX PRO ohne Angabe von Gr\u00fcnden innerhalb von <strong>14 Tage<\/strong> ab dem Datum des Erhalts des Ger\u00e4ts. Der Verk\u00e4ufer erweitert dieses Recht freiwillig durch das Programm \u201eZufriedenheitsgarantie oder Geld zur\u00fcck\u201c, im Rahmen dessen der K\u00e4ufer innerhalb von <strong>30 Tage<\/strong> ab dem Datum der Installation des Ger\u00e4ts (oder, wenn das Ger\u00e4t nicht von einem Installateurnetzwerk installiert wurde, ab dem Datum der Lieferung des Ger\u00e4ts). Die verl\u00e4ngerte 30-t\u00e4gige R\u00fcckgabefrist ist m\u00f6glich, sofern alle unten beschriebenen Voraussetzungen erf\u00fcllt sind. Ein K\u00e4ufer, der kein Verbraucher im Sinne des Gesetzes ist, hat kein R\u00fcckgaberecht, sofern die Parteien nichts anderes vereinbaren.<\/li>\n\n\n\n<li><strong>Bedingungen f\u00fcr die R\u00fccknahme:<\/strong> Das zur\u00fcckgegebene Ger\u00e4t muss sich im Originalzustand befinden, d. h. es darf keine Gebrauchsspuren aufweisen, die \u00fcber den normalen Umfang einer Produktpr\u00fcfung hinausgehen. Der K\u00e4ufer sollte das Ger\u00e4t in <strong>Originalverpackung<\/strong>, mit s\u00e4mtlichem Zubeh\u00f6r, Kabeln, Anleitungen und Kaufbeleg (Quittung oder Rechnung). Es ist zul\u00e4ssig, das Ger\u00e4t vorsichtig auszupacken und im Fahrzeug zu installieren, um seine Funktion zu \u00fcberpr\u00fcfen. Im Falle eines R\u00fccktritts vom Vertrag ist der K\u00e4ufer jedoch verpflichtet, das Ger\u00e4t in seinen urspr\u00fcnglichen Zustand zu versetzen und es f\u00fcr den R\u00fccktransport ordnungsgem\u00e4\u00df zu sichern. Wenn das Ger\u00e4t von einem zertifizierten Installateur installiert wurde, sollte der K\u00e4ufer das Ger\u00e4t vor der R\u00fccksendung demontieren lassen (es wird empfohlen, dies an einer autorisierten Installationsstelle zu tun). F\u00fcr Sch\u00e4den am Ger\u00e4t oder Fahrzeug, die durch die Demontage durch unbefugte Personen entstehen, haftet der K\u00e4ufer. Der Verk\u00e4ufer beh\u00e4lt sich das Recht vor, die R\u00fcckgabe abzulehnen oder den R\u00fcckerstattungsbetrag zu reduzieren, wenn er feststellt, dass das Ger\u00e4t durch Verschulden des K\u00e4ufers besch\u00e4digt wurde oder unvollst\u00e4ndig ist.<\/li>\n\n\n\n<li><strong>Widerrufsbelehrung:<\/strong> Um das R\u00fcckgaberecht auszu\u00fcben, muss der K\u00e4ufer dem Verk\u00e4ufer vor Ablauf der geltenden Frist (je nach Fall 14 oder 30 Tage) eine eindeutige Widerrufserkl\u00e4rung zukommen lassen. Diese Erkl\u00e4rung kann schriftlich an die Gesch\u00e4ftsadresse des Verk\u00e4ufers oder elektronisch an die f\u00fcr Kontaktzwecke angegebene E-Mail-Adresse gesendet werden. Der Verk\u00e4ufer wird den Eingang der Widerrufserkl\u00e4rung unverz\u00fcglich best\u00e4tigen (bei Versand per E-Mail durch R\u00fccksendung der Nachricht). Der K\u00e4ufer muss das Ger\u00e4t anschlie\u00dfend an den Verk\u00e4ufer zur\u00fccksenden \u2013 es sollte an die vom Verk\u00e4ufer angegebene Lager- oder Gesch\u00e4ftsadresse gesendet werden. <strong>Die Kosten der R\u00fccksendung der Waren<\/strong> Im Falle eines R\u00fccktritts vom Vertrag (R\u00fccksendung) tr\u00e4gt grunds\u00e4tzlich der K\u00e4ufer die Kosten, sofern nicht gesondert etwas anderes geregelt ist oder der Verk\u00e4ufer sich zur \u00dcbernahme dieser Kosten verpflichtet. Es wird empfohlen, die R\u00fccksendung gegen Verlust oder Transportsch\u00e4den zu versichern.<\/li>\n\n\n\n<li><strong>R\u00fcckerstattung der Zahlung:<\/strong> Im Falle eines wirksamen R\u00fccktritts vom Vertrag gilt der Vertrag als null und nichtig, und die Parteien erstatten einander alle erhaltenen Zahlungen. Der Verk\u00e4ufer erstattet den f\u00fcr das Ger\u00e4t bezahlten Preis (und gegebenenfalls die Kosten f\u00fcr die Lieferung an den K\u00e4ufer) sp\u00e4testens 14 Tage nach Erhalt der R\u00fccktrittserkl\u00e4rung. Der Verk\u00e4ufer kann die R\u00fcckzahlung verweigern, bis er das Ger\u00e4t zur\u00fcckgegeben hat oder bis der K\u00e4ufer einen Versandnachweis vorlegt, je nachdem, was zuerst eintritt. R\u00fcckerstattungen erfolgen mit derselben Zahlungsmethode, die der K\u00e4ufer bei der urspr\u00fcnglichen Transaktion verwendet hat, es sei denn, der K\u00e4ufer stimmt ausdr\u00fccklich einer anderen R\u00fcckzahlungsmethode zu. Wenn die Zahlung f\u00fcr das Ger\u00e4t direkt zwischen dem K\u00e4ufer und einem zertifizierten Installateur abgewickelt wurde (z. B. im Rahmen einer Installationsleistung), m\u00fcssen die Einzelheiten der R\u00fcckerstattung f\u00fcr die Installationsleistung m\u00f6glicherweise mit dem Installationsunternehmen gem\u00e4\u00df den Bedingungen einer separaten Servicevereinbarung vereinbart werden.<\/li>\n<\/ul>\n\n\n\n<h2 class=\"wp-block-heading\">4. Haftung f\u00fcr M\u00e4ngel und Funktionseinschr\u00e4nkungen<\/h2>\n\n\n\n<ul class=\"wp-block-list\">\n<li><strong>Ger\u00e4teeigenschaften:<\/strong> ZENBOX PRO ist ein elektronisches Ger\u00e4t, das sich in das elektronische System des Fahrzeugs integriert, um <strong>dauerhafte Deaktivierung des Start-Stopp-Systems und des RSA-Systems<\/strong> (Verkehrszeichenassistent) in ausgew\u00e4hlten Fahrzeugmodellen. Der absichtliche und dauerhafte Einbau des Ger\u00e4ts deaktiviert die angegebenen Fahrzeugfunktionen, was auch beabsichtigt ist. Der K\u00e4ufer nimmt zur Kenntnis, dass durch den Einbau des Ger\u00e4ts die Werkseinstellungen des Fahrzeugs hinsichtlich des Start-Stopp- und\/oder RSA-Systems ge\u00e4ndert werden. ZENBOX PRO sollte nur in Fahrzeugen verwendet werden, die in den Produktspezifikationen als unterst\u00fctzte Modelle aufgef\u00fchrt sind.<\/li>\n\n\n\n<li><strong>Kompatibilit\u00e4tsbeschr\u00e4nkungen:<\/strong> Obwohl ZENBOX PRO mit einer Vielzahl von Fahrzeugmarken und -modellen kompatibel ist, kann es vorkommen, dass die Funktionalit\u00e4t des Ger\u00e4ts eingeschr\u00e4nkt ist. Bei einigen Fahrzeugmodellen oder bestimmten Ausstattungsvarianten kann es vorkommen, dass das Start-Stopp- oder RSA-System nicht vollst\u00e4ndig deaktiviert wird oder dass das Fahrzeug fehlerhafte Meldungen oder andere unvorhergesehene Nebenwirkungen zeigt. Solche Situationen k\u00f6nnen auf individuelle Unterschiede in der Fahrzeugsoftware, Design\u00e4nderungen des Fahrzeugherstellers oder andere Faktoren zur\u00fcckzuf\u00fchren sein, auf die der Verk\u00e4ufer keinen Einfluss hat. Der Verk\u00e4ufer ist bestrebt, auf der Produktseite eine aktuelle Liste kompatibler Fahrzeuge und bekannter Funktionseinschr\u00e4nkungen bereitzustellen. Es wird dem K\u00e4ufer empfohlen, vor dem Kauf zu best\u00e4tigen (z. B. durch R\u00fccksprache mit dem Verk\u00e4ufer), dass sein Fahrzeug zu den von ZENBOX PRO unterst\u00fctzten Modellen geh\u00f6rt.<\/li>\n\n\n\n<li><strong>Keine Haftung f\u00fcr Inkompatibilit\u00e4ten:<\/strong> Der Verk\u00e4ufer haftet nicht f\u00fcr die Inkompatibilit\u00e4t des ZENBOX PRO-Ger\u00e4ts mit dem jeweiligen Fahrzeug des K\u00e4ufers oder f\u00fcr die unvollst\u00e4ndige Funktionalit\u00e4t des Ger\u00e4ts in einem bestimmten Fahrzeug, es sei denn, die Ursache f\u00fcr diese Inkompatibilit\u00e4t oder Einschr\u00e4nkungen ist ein Defekt des Ger\u00e4ts selbst. Mit anderen Worten: Wenn das Ger\u00e4t selbst funktionsf\u00e4hig ist, aber aufgrund der Eigenschaften des jeweiligen Fahrzeugmodells seinen vorgesehenen Zweck nicht vollst\u00e4ndig erf\u00fcllt, begr\u00fcndet dies keine Anspr\u00fcche gegen den Verk\u00e4ufer, mit Ausnahme der M\u00f6glichkeit des fristgerechten R\u00fcckgaberechts des K\u00e4ufers (gem\u00e4\u00df Punkt 3 oben). Die Haftung des Verk\u00e4ufers im Falle von Sachm\u00e4ngeln des Ger\u00e4ts beschr\u00e4nkt sich auf die Verpflichtungen aus der Garantie (Punkt 2 oben) und gegebenenfalls auf die Garantiebestimmungen.<\/li>\n\n\n\n<li><strong>M\u00e4ngel und Sch\u00e4den, die w\u00e4hrend der Nutzung entstehen:<\/strong> Der Verk\u00e4ufer haftet nicht f\u00fcr Sch\u00e4den am Fahrzeug oder f\u00fcr Personensch\u00e4den Dritter, die sich aus <strong>unsachgem\u00e4\u00dfe Verwendung<\/strong> ZENBOX PRO Ger\u00e4t. Insbesondere ist jegliche Haftung des Verk\u00e4ufers ausgeschlossen, wenn der K\u00e4ufer: (a) das Ger\u00e4t entgegen der Anleitung oder dem Verwendungszweck verwendet, (b) Warnungen oder Empfehlungen bez\u00fcglich Installation und Verwendung ignoriert, (c) unbefugte \u00c4nderungen an der Fahrzeuginstallation oder dem Ger\u00e4t selbst vorgenommen hat. Der Verk\u00e4ufer haftet auch nicht f\u00fcr <strong>indirekte Effekte<\/strong> Deaktivierung der Start-Stopp- oder RSA-Systeme, wie z. B. \u00c4nderungen des Kraftstoffverbrauchs, der Abgasemissionen, des Betriebs anderer Fahrassistenzsysteme oder ein m\u00f6glicher Versto\u00df gegen die Garantie des Fahrzeugherstellers. Der K\u00e4ufer erkennt an, dass alle Folgen, die sich aus der vors\u00e4tzlichen Deaktivierung von Fahrzeugsicherheits- oder Effizienzsystemen (Start-Stopp, RSA usw.) mithilfe des ZENBOX PRO-Ger\u00e4ts ergeben, in der Verantwortung des K\u00e4ufers als bewusster Benutzer dieses Ger\u00e4ts liegen. Nichts in diesen Allgemeinen Gesch\u00e4ftsbedingungen schr\u00e4nkt die Haftung des Verk\u00e4ufers ein, soweit diese Haftung nach geltendem Recht nicht ausgeschlossen oder beschr\u00e4nkt werden kann (z. B. im Falle von Sch\u00e4den, die der Verk\u00e4ufer vors\u00e4tzlich verursacht hat).<\/li>\n<\/ul>\n\n\n\n<h2 class=\"wp-block-heading\">5. Schlussbestimmungen<\/h2>\n\n\n\n<ul class=\"wp-block-list\">\n<li><strong>\u00c4nderungen der Bestimmungen:<\/strong> Der Verk\u00e4ufer beh\u00e4lt sich das Recht vor, diese Allgemeinen Gesch\u00e4ftsbedingungen aus wichtigen Gr\u00fcnden zu \u00e4ndern, beispielsweise aufgrund von \u00c4nderungen der gesetzlichen Bestimmungen, der Erweiterung oder \u00c4nderung des Produktangebots, \u00c4nderungen der Zahlungs- oder Liefermethoden oder der Notwendigkeit, die Bestimmungen dieser Allgemeinen Gesch\u00e4ftsbedingungen klarzustellen. K\u00e4ufer werden \u00fcber geplante \u00c4nderungen der Allgemeinen Gesch\u00e4ftsbedingungen durch eine Ank\u00fcndigung auf der Website des Verk\u00e4ufers (zen-box.pro) oder per E-Mail (sofern sie \u00fcber ein Kundenkonto verf\u00fcgen oder den Newsletter abonnieren) mindestens 14 Tage vor dem Inkrafttreten der \u00c4nderungen informiert. Bestellungen, die vor dem Inkrafttreten der neuen Allgemeinen Gesch\u00e4ftsbedingungen aufgegeben werden, werden zu den bestehenden Allgemeinen Gesch\u00e4ftsbedingungen ausgef\u00fchrt, es sei denn, die Bestimmungen der ge\u00e4nderten Allgemeinen Gesch\u00e4ftsbedingungen sind f\u00fcr den K\u00e4ufer g\u00fcnstiger (in diesem Fall k\u00f6nnen sie mit Zustimmung des K\u00e4ufers auch f\u00fcr zuvor aufgegebene Bestellungen gelten).<\/li>\n\n\n\n<li><strong>Anwendbare gesetzliche Bestimmungen:<\/strong> In Angelegenheiten, die in dieser Verordnung nicht geregelt sind, gelten die einschl\u00e4gigen Bestimmungen. <strong>Bestimmungen des polnischen Rechts<\/strong>, insbesondere das Gesetz vom 23. April 1964 \u2013 das B\u00fcrgerliche Gesetzbuch (Gesetzblatt 1964 Nr. 16, Pos. 93, in der ge\u00e4nderten Fassung) und \u2013 in Bezug auf K\u00e4ufer, die Verbraucher sind \u2013 das Gesetz vom 30. Mai 2014 \u00fcber Verbraucherrechte (Gesetzblatt 2014, Pos. 827, in der ge\u00e4nderten Fassung). Die Bestimmungen der Verordnung zielen nicht darauf ab, Verbraucherrechte auszuschlie\u00dfen oder einzuschr\u00e4nken, die ihnen nach zwingenden gesetzlichen Bestimmungen zustehen \u2013 im Falle eines m\u00f6glichen Konflikts zwischen den Bestimmungen der Verordnung und diesen Bestimmungen haben die gesetzlichen Bestimmungen Vorrang.<\/li>\n\n\n\n<li><strong>Streitbeilegung:<\/strong> Streitigkeiten zwischen Verk\u00e4ufer und K\u00e4ufer, die sich aus dem ZENBOX PRO-Kaufvertrag oder diesen Allgemeinen Gesch\u00e4ftsbedingungen ergeben, werden zun\u00e4chst g\u00fctlich beigelegt. Der K\u00e4ufer kann au\u00dfergerichtliche Beschwerde- und Schadensregulierungsverfahren nutzen (z. B. Mediation, Schiedsverfahren bei der Handelsaufsichtsbeh\u00f6rde, die ODR-Plattform unter http:\/\/ec.europa.eu\/consumers\/odr). Ist eine g\u00fctliche Beilegung der Streitigkeit nicht m\u00f6glich, ist das \u00f6rtlich und sachlich zust\u00e4ndige Gericht gem\u00e4\u00df geltendem Recht zust\u00e4ndig.<\/li>\n\n\n\n<li><strong>Kontaktdaten und Kundensupport:<\/strong> Bei Fragen zur Funktionsweise des Produkts, Reklamationen, der Aus\u00fcbung des R\u00fcckgaberechts oder anderen Anliegen im Zusammenhang mit dem Kauf und der Nutzung von ZENBOX PRO kann der K\u00e4ufer den Verk\u00e4ufer \u00fcber folgende Kan\u00e4le kontaktieren:<ul><li class=\"\"><strong>E-Mail-Adresse:<\/strong> info@zen-box.pro<strong>Telefon-Hotline:<\/strong> +48 732 080 889 (werktags 9:00\u201317:00 Uhr ge\u00f6ffnet)<strong>Korrespondenzadresse:<\/strong> Mi\u0119dzyleska 4, 50-514 Breslau, Polen.<\/li><\/ul>Der Verk\u00e4ufer ist um eine effiziente Kommunikation mit den Kunden und eine schnellstm\u00f6gliche Bearbeitung von Beschwerden bem\u00fcht. Technischer und inhaltlicher Support f\u00fcr ZENBOX PRO-Nutzer ist unter den oben genannten Kontaktdaten verf\u00fcgbar.<\/li>\n\n\n\n<li><strong>Inkrafttreten der Verordnung:<\/strong> Diese Allgemeinen Gesch\u00e4ftsbedingungen treten mit dem Datum ihrer Ver\u00f6ffentlichung auf der Website zen-box.pro in Kraft und gelten f\u00fcr alle ab diesem Datum aufgegebenen Bestellungen. Diese Allgemeinen Gesch\u00e4ftsbedingungen sind Bestandteil des zwischen Verk\u00e4ufer und K\u00e4ufer geschlossenen Kaufvertrages. Mit der Bestellung best\u00e4tigt der K\u00e4ufer, die Allgemeinen Gesch\u00e4ftsbedingungen gelesen zu haben und deren Bestimmungen zu akzeptieren.<\/li>\n<\/ul>\n\t\t\t\t\t\t\t\t<\/div>\n\t\t\t\t<\/div>\n\t\t\t\t\t<\/div>\n\t\t\t\t<\/div>\n\t\t\t\t<\/div>","protected":false},"excerpt":{"rendered":"<p>Regulamin Regulamin ZENBOX PRO Niniejszy Regulamin okre\u015bla warunki zakupu, instalacji, gwarancji, zwrot\u00f3w oraz zasady odpowiedzialno\u015bci dotycz\u0105ce urz\u0105dzenia ZENBOX PRO, dost\u0119pnego do nabycia za po\u015brednictwem strony internetowej zen-box.pro. Regulamin sporz\u0105dzono w j\u0119zyku polskim, w formie formalnej, z uwzgl\u0119dnieniem obowi\u0105zuj\u0105cych przepis\u00f3w prawa, w szczeg\u00f3lno\u015bci przepis\u00f3w chroni\u0105cych prawa konsumenta. Prosimy o uwa\u017cne zapoznanie si\u0119 z tre\u015bci\u0105 Regulaminu przed [&hellip;]<\/p>","protected":false},"author":1,"featured_media":0,"parent":0,"menu_order":0,"comment_status":"closed","ping_status":"closed","template":"","meta":{"_joinchat":[],"footnotes":""},"class_list":["post-874","page","type-page","status-publish","hentry"],"_links":{"self":[{"href":"https:\/\/zen-box.pro\/de_ch\/wp-json\/wp\/v2\/pages\/874","targetHints":{"allow":["GET"]}}],"collection":[{"href":"https:\/\/zen-box.pro\/de_ch\/wp-json\/wp\/v2\/pages"}],"about":[{"href":"https:\/\/zen-box.pro\/de_ch\/wp-json\/wp\/v2\/types\/page"}],"author":[{"embeddable":true,"href":"https:\/\/zen-box.pro\/de_ch\/wp-json\/wp\/v2\/users\/1"}],"replies":[{"embeddable":true,"href":"https:\/\/zen-box.pro\/de_ch\/wp-json\/wp\/v2\/comments?post=874"}],"version-history":[{"count":3,"href":"https:\/\/zen-box.pro\/de_ch\/wp-json\/wp\/v2\/pages\/874\/revisions"}],"predecessor-version":[{"id":2726,"href":"https:\/\/zen-box.pro\/de_ch\/wp-json\/wp\/v2\/pages\/874\/revisions\/2726"}],"wp:attachment":[{"href":"https:\/\/zen-box.pro\/de_ch\/wp-json\/wp\/v2\/media?parent=874"}],"curies":[{"name":"wp","href":"https:\/\/api.w.org\/{rel}","templated":true}]}}