{"id":874,"date":"2025-03-31T10:47:54","date_gmt":"2025-03-31T10:47:54","guid":{"rendered":"https:\/\/zen-box.pro\/?page_id=874"},"modified":"2025-10-15T11:01:07","modified_gmt":"2025-10-15T11:01:07","slug":"vorschriften","status":"publish","type":"page","link":"https:\/\/zen-box.pro\/de\/vorschriften\/","title":{"rendered":"Verordnungen"},"content":{"rendered":"<div data-elementor-type=\"wp-page\" data-elementor-id=\"874\" class=\"elementor elementor-874\" data-elementor-post-type=\"page\">\n\t\t\t\t<div class=\"elementor-element elementor-element-49b7fcb e-flex e-con-boxed e-con e-parent\" data-id=\"49b7fcb\" data-element_type=\"container\" data-e-type=\"container\" data-settings=\"{&quot;background_background&quot;:&quot;classic&quot;}\">\n\t\t\t\t\t<div class=\"e-con-inner\">\n\t\t<div class=\"elementor-element elementor-element-92afc7b e-con-full e-flex e-con e-child\" data-id=\"92afc7b\" data-element_type=\"container\" data-e-type=\"container\">\n\t\t\t\t<div class=\"elementor-element elementor-element-b84a38c elementor-widget elementor-widget-heading\" data-id=\"b84a38c\" data-element_type=\"widget\" data-e-type=\"widget\" data-widget_type=\"heading.default\">\n\t\t\t\t<div class=\"elementor-widget-container\">\n\t\t\t\t\t<div class=\"elementor-heading-title elementor-size-large\">Verordnungen<\/div>\t\t\t\t<\/div>\n\t\t\t\t<\/div>\n\t\t\t\t<\/div>\n\t\t<div class=\"elementor-element elementor-element-6bde8e8 elementor-hidden-mobile e-con-full e-flex e-con e-child\" data-id=\"6bde8e8\" data-element_type=\"container\" data-e-type=\"container\">\n\t\t\t\t<\/div>\n\t\t\t\t\t<\/div>\n\t\t\t\t<\/div>\n\t\t<div class=\"elementor-element elementor-element-14182772 e-flex e-con-boxed e-con e-parent\" data-id=\"14182772\" data-element_type=\"container\" data-e-type=\"container\">\n\t\t\t\t\t<div class=\"e-con-inner\">\n\t\t\t\t<div class=\"elementor-element elementor-element-2eb03911 elementor-widget elementor-widget-text-editor\" data-id=\"2eb03911\" data-element_type=\"widget\" data-e-type=\"widget\" data-widget_type=\"text-editor.default\">\n\t\t\t\t<div class=\"elementor-widget-container\">\n\t\t\t\t\t\t\t\t\t\n<h1 class=\"wp-block-heading\">Bedingungen und Konditionen ZENBOX PRO<\/h1>\n\n\n\n<p>In diesen Gesch\u00e4ftsbedingungen sind die Bedingungen f\u00fcr Kauf, Installation, Garantie, R\u00fcckgabe und Haftung f\u00fcr das Ger\u00e4t festgelegt <strong>ZENBOX PRO<\/strong>\u00fcber die Website zu erwerben <strong>zen-box.pro<\/strong>. Die Allgemeinen Gesch\u00e4ftsbedingungen wurden in polnischer Sprache und in formaler Form unter Ber\u00fccksichtigung der geltenden gesetzlichen Bestimmungen, insbesondere der Bestimmungen zum Schutz der Verbraucherrechte, verfasst. Bitte lesen Sie die Allgemeinen Gesch\u00e4ftsbedingungen vor dem Kauf des ZENBOX PRO Ger\u00e4ts sorgf\u00e4ltig durch.<\/p>\n\n\n\n<h2 class=\"wp-block-heading\">1. Einkaufs- und Einbaubedingungen<\/h2>\n\n\n\n<ul class=\"wp-block-list\">\n<li><strong>Kauf des Ger\u00e4ts:<\/strong> Der Kauf von ZENBOX PRO erfolgt \u00fcber zen-box.pro, was dem Abschluss eines Kaufvertrages zwischen dem K\u00e4ufer und dem Verk\u00e4ufer (Betreiber des Zen-Box Online-Shops) gleichkommt. Nach erfolgter Bestellung und Bezahlung best\u00e4tigt der Verk\u00e4ufer die Annahme der Bestellung zur Bearbeitung. Der Verk\u00e4ufer liefert das Ger\u00e4t an die angegebene Adresse oder stellt es je nach gew\u00e4hlter Installationsvariante zur Installation bereit.<\/li>\n\n\n\n<li><strong>M\u00f6glichkeiten der Installation des Ger\u00e4ts:<\/strong> Der K\u00e4ufer hat die Wahl zwischen zwei Installationsoptionen f\u00fcr die ZENBOX PRO:<br><strong>a) Freistehende Installation<\/strong> - Der K\u00e4ufer kann das Ger\u00e4t selbst installieren. Der Verk\u00e4ufer liefert mit dem Ger\u00e4t eine ausf\u00fchrliche Installations- und Betriebsanleitung. Der K\u00e4ufer ist verpflichtet, den Einbau streng nach der Anleitung vorzunehmen. Der Verk\u00e4ufer haftet nicht f\u00fcr Sch\u00e4den am Ger\u00e4t oder am Fahrzeug, die durch eine unsachgem\u00e4\u00dfe Selbstinstallation entstehen.<br><strong>(b) Installation durch einen zertifizierten Installateur<\/strong> - Der K\u00e4ufer kann die Dienste eines zertifizierten Netzes von Installateuren in Anspruch nehmen, die mit dem Verk\u00e4ufer zusammenarbeiten. Je nach Standort des K\u00e4ufers wird die Installationsleistung von einem der drei benannten Partnerunternehmen (z. B. Unternehmen X, Y oder Z) erbracht. Genaue Informationen \u00fcber den zugewiesenen Installateur und die Kontaktangaben werden dem K\u00e4ufer nach der Bestellung mitgeteilt. <strong>Servicevertrag f\u00fcr die Installation<\/strong> wird direkt zwischen dem K\u00e4ufer und dem ausgew\u00e4hlten Installationsunternehmen abgeschlossen - das bedeutet, dass das Unternehmen f\u00fcr die Installation und eventuelle M\u00e4ngel verantwortlich ist. Der Verk\u00e4ufer tritt lediglich als Vermittler auf, der den K\u00e4ufer mit dem zertifizierten Installateur in Kontakt bringt, und ist nicht f\u00fcr den Verlauf und das Ergebnis der vom externen Partner erbrachten Installationsleistung verantwortlich.<\/li>\n\n\n\n<li><strong>Abnahme und Inbetriebnahme der Ausr\u00fcstung:<\/strong> Bei der Lieferung (und eventuellen Installation durch einen Installateur) sollte der K\u00e4ufer pr\u00fcfen, ob das Produkt vollst\u00e4ndig und unbesch\u00e4digt ist. Bei Transportsch\u00e4den oder M\u00e4ngeln des Kits sollte der K\u00e4ufer sofort den Verk\u00e4ufer kontaktieren. Die ZENBOX PRO darf nur in Fahrzeugen und in \u00dcbereinstimmung mit der Betriebsanleitung verwendet werden. Jegliche Versuche, das Ger\u00e4t selbst zu modifizieren, sind untersagt und k\u00f6nnen zum Verlust von Gew\u00e4hrleistungsrechten und zur Haftung f\u00fcr Sch\u00e4den f\u00fchren.<\/li>\n<\/ul>\n\n\n\n<h2 class=\"wp-block-heading\">2 Gew\u00e4hrleistungsbedingungen<\/h2>\n\n\n\n<ul class=\"wp-block-list\">\n<li><strong>Garantiedauer:<\/strong> Die ZENBOX PRO unterliegt einer Garantie f\u00fcr die Dauer von <strong>24 Monate<\/strong> (2 Jahre) ab dem Datum der Lieferung des Ger\u00e4ts an den K\u00e4ufer (d.h. ab dem Datum der Annahme der Sendung mit dem Ger\u00e4t oder dem Datum der Installation des Ger\u00e4ts - je nachdem, welches Ereignis zuerst eintritt). Es besteht die M\u00f6glichkeit, die Garantiezeit nach individueller Vereinbarung mit dem Verk\u00e4ufer um einen zus\u00e4tzlichen Zeitraum (z. B. um 1, 2 oder 3 Jahre) zu verl\u00e4ngern - in einem solchen Fall werden die Bedingungen der verl\u00e4ngerten Garantie in einem separaten Dokument oder Anhang festgelegt.<\/li>\n\n\n\n<li><strong>Garantieabdeckung:<\/strong> Die Garantie erstreckt sich auf Fabrikationsfehler des Ger\u00e4ts und auf Fehler, die durch dem Ger\u00e4t ZENBOX PRO innewohnende Gr\u00fcnde verursacht werden und sich bei der ordnungsgem\u00e4\u00dfen Nutzung herausstellen. W\u00e4hrend der Garantiezeit verpflichtet sich der Verk\u00e4ufer (oder eine von ihm beauftragte Stelle, z. B. der Hersteller des Ger\u00e4ts), das Ger\u00e4t kostenlos zu reparieren oder zu ersetzen, wenn die M\u00e4ngel gem\u00e4\u00df dem Reklamationsverfahren gemeldet werden. Die Garantie ist auf dem Gebiet der Republik Polen g\u00fcltig. Etwaige Garantiereparaturen werden so schnell wie m\u00f6glich durchgef\u00fchrt, jedoch nicht l\u00e4nger als 14 Arbeitstage ab dem Tag der Lieferung des defekten Ger\u00e4ts an die Servicestelle (diese Frist kann in begr\u00fcndeten F\u00e4llen verl\u00e4ngert werden, wor\u00fcber der K\u00e4ufer informiert wird).<\/li>\n\n\n\n<li><strong>Die Garantie ist ausgeschlossen:<\/strong> Die Garantie deckt keine Sch\u00e4den oder Defekte am Ger\u00e4t ab, die auf andere Umst\u00e4nde zur\u00fcckzuf\u00fchren sind als Defekte, die dem verkauften Produkt innewohnen. Dies gilt insbesondere f\u00fcr Fehler, die auf folgende Ursachen zur\u00fcckzuf\u00fchren sind<ul><li class=\"\"><strong>Falsche Installation<\/strong> des Ger\u00e4ts (einschlie\u00dflich einer Installation, die nicht der Gebrauchsanweisung entspricht oder von nicht qualifiziertem Personal durchgef\u00fchrt wird).<\/li><li class=\"\"><strong>Unsachgem\u00e4\u00dfe Verwendung<\/strong> oder missbr\u00e4uchliche Verwendung des Ger\u00e4ts (z. B. Verwendung in einer vom Hersteller nicht vorgesehenen Weise, in Fahrzeugen, die nicht in der Kompatibilit\u00e4tsliste aufgef\u00fchrt sind, oder Manipulationen am Ger\u00e4t).<\/li><li class=\"\"><strong>Unabh\u00e4ngige \u00c4nderungen oder Reparaturen<\/strong> durch unbefugte Personen durchgef\u00fchrt werden. Das \u00d6ffnen des Ger\u00e4tegeh\u00e4uses, Ver\u00e4nderungen an der Fahrzeugelektrik au\u00dferhalb der Einbauanleitung oder andere Eingriffe f\u00fchren zum Erl\u00f6schen der Garantie.<\/li><li class=\"\"><strong>Mechanische oder \u00e4u\u00dfere Sch\u00e4den<\/strong> Faktoren, auf die der Verk\u00e4ufer keinen Einfluss hat (z. B. \u00dcberschwemmungen, Br\u00e4nde, Verkehrsunf\u00e4lle, \u00dcberspannungen in der Fahrzeuganlage, h\u00f6here Gewalt usw.).<\/li><li class=\"\"><strong>Nat\u00fcrliche Abnutzung<\/strong> Komponenten, die sich im Laufe des normalen Gebrauchs abnutzen.<\/li><\/ul>Wenn einer der oben genannten Umst\u00e4nde, die die Garantiehaftung ausschlie\u00dfen, eintritt, hat der Verk\u00e4ufer das Recht, die kostenlose Reparatur oder den kostenlosen Ersatz des Ger\u00e4ts zu verweigern. Die Rechte aus der Garantie schlie\u00dfen die Rechte des K\u00e4ufers aus den Garantiebestimmungen f\u00fcr M\u00e4ngel an der verkauften Sache (falls zutreffend) nicht aus, beschr\u00e4nken sie nicht und setzen sie nicht aus.<\/li>\n\n\n\n<li><strong>Beschwerdeverfahren:<\/strong> Im Falle eines Mangels, der unter die Garantie f\u00e4llt, muss der K\u00e4ufer unverz\u00fcglich (sp\u00e4testens innerhalb von 14 Tagen nach Feststellung des Mangels) eine Reklamation beim Verk\u00e4ufer einreichen. Die Reklamation muss schriftlich oder auf elektronischem Wege (E-Mail) an die in diesen Bedingungen angegebenen Kontaktdaten des Verk\u00e4ufers gerichtet werden, wobei der festgestellte Mangel und die Umst\u00e4nde seines Auftretens zu beschreiben sind. Der Verk\u00e4ufer kann verlangen, dass das Ger\u00e4t an die angegebene Stelle geliefert wird, um den Mangel zu \u00fcberpr\u00fcfen. Die Kosten f\u00fcr die R\u00fccksendung des Ger\u00e4ts zur Reparatur im Rahmen der Garantie gehen zu Lasten des Verk\u00e4ufers, wenn die Reklamation als berechtigt anerkannt wird (d. h. der Mangel f\u00e4llt unter die Garantie). Wird die Reklamation anerkannt, repariert der Verk\u00e4ufer das Ger\u00e4t oder tauscht es gegen ein neues aus und schickt es auf eigene Kosten an den K\u00e4ufer zur\u00fcck. Wird die Reklamation abgelehnt (z. B. weil festgestellt wird, dass der Mangel nicht unter die Garantie f\u00e4llt), so informiert der Verk\u00e4ufer den K\u00e4ufer dar\u00fcber und begr\u00fcndet die Ablehnung; gegebenenfalls schickt er das Ger\u00e4t auf Kosten des K\u00e4ufers ein oder f\u00fchrt mit dessen Einverst\u00e4ndnis eine kostenpflichtige Reparatur unter gesonderten Bedingungen durch.<\/li>\n<\/ul>\n\n\n\n<h2 class=\"wp-block-heading\">3 R\u00fcckgabepolitik<\/h2>\n\n\n\n<ul class=\"wp-block-list\">\n<li><strong>Widerrufsrecht (R\u00fcckgabe des Ger\u00e4ts):<\/strong> Ein K\u00e4ufer, der Verbraucher ist, hat das Recht, von einem im Fernabsatz geschlossenen Kaufvertrag mit ZENBOX PRO ohne Angabe von Gr\u00fcnden innerhalb einer Frist von <strong>14 Tage<\/strong> ab dem Datum des Erhalts des Ger\u00e4ts. Der Verk\u00e4ufer erweitert diesen Anspruch freiwillig, indem er ein \"Zufriedenheitsgarantie- oder Geld-zur\u00fcck-Programm\" anbietet, bei dem der K\u00e4ufer innerhalb einer Frist von drei Monaten vom Vertrag zur\u00fccktreten kann. <strong>30 Tage<\/strong> ab dem Datum der Installation des Ger\u00e4ts (oder, wenn das Ger\u00e4t nicht von einem Netzwerk von Installateuren installiert wurde, ab dem Datum der Lieferung des Ger\u00e4ts). Die verl\u00e4ngerte R\u00fcckgabefrist von 30 Tagen kann in Anspruch genommen werden, wenn alle nachstehend beschriebenen Voraussetzungen erf\u00fcllt sind. Das R\u00fcckgaberecht gilt nicht f\u00fcr einen K\u00e4ufer, der kein Verbraucher im Sinne des Gesetzes ist, es sei denn, die Parteien vereinbaren etwas anderes.<\/li>\n\n\n\n<li><strong>Bedingungen f\u00fcr die Annahme der R\u00fcckgabe:<\/strong> Das zur\u00fcckgegebene Ger\u00e4t muss sich in unver\u00e4ndertem Zustand befinden, d.h. es darf keine Gebrauchsspuren aufweisen, die \u00fcber den normalen Umfang der Produktpr\u00fcfung hinausgehen. Der K\u00e4ufer sollte das Ger\u00e4t zur\u00fcckgeben in <strong>Originalverpackung<\/strong>mit allen erhaltenen Zubeh\u00f6rteilen, Kabeln, Anleitungen und dem Kaufbeleg (Quittung oder Rechnung). Es ist zul\u00e4ssig, das Ger\u00e4t vorsichtig auszupacken und im Fahrzeug zu installieren, um seine Funktionsweise zu \u00fcberpr\u00fcfen. Im Falle eines R\u00fccktritts vom Vertrag ist der K\u00e4ufer jedoch verpflichtet, das Ger\u00e4t wieder in seinen urspr\u00fcnglichen Zustand zu versetzen und es f\u00fcr den R\u00fccktransport angemessen zu sch\u00fctzen. Wenn das Ger\u00e4t von einem zertifizierten Installateur installiert wurde, sollte der K\u00e4ufer das Ger\u00e4t vor der R\u00fcckgabe demontieren lassen (es wird empfohlen, dies an einem autorisierten Installationsort zu tun). Sch\u00e4den am Ger\u00e4t oder am Fahrzeug, die durch eine unbefugte Demontage verursacht werden, gehen zu Lasten des K\u00e4ufers. Der Verk\u00e4ufer beh\u00e4lt sich das Recht vor, die Annahme einer R\u00fccksendung zu verweigern oder den zur\u00fcckzusendenden Betrag zu k\u00fcrzen, wenn er feststellt, dass das Ger\u00e4t durch das Verschulden des K\u00e4ufers besch\u00e4digt wurde oder unvollst\u00e4ndig ist.<\/li>\n\n\n\n<li><strong>R\u00fccknahmeverfahren:<\/strong> Um das R\u00fcckgaberecht auszu\u00fcben, muss der K\u00e4ufer vor Ablauf der geltenden Frist (14 bzw. 30 Tage) gegen\u00fcber dem Verk\u00e4ufer eine eindeutige R\u00fccktrittserkl\u00e4rung abgeben. Diese Erkl\u00e4rung kann schriftlich an die Gesch\u00e4ftsadresse des Verk\u00e4ufers oder elektronisch an die f\u00fcr die Kontaktaufnahme angegebene E-Mail-Adresse gesendet werden. Der Verk\u00e4ufer wird den Eingang der R\u00fccktrittserkl\u00e4rung unverz\u00fcglich best\u00e4tigen (bei \u00dcbermittlung per E-Mail durch eine R\u00fcckmeldung). Der K\u00e4ufer ist dann verpflichtet, das Ger\u00e4t an den Verk\u00e4ufer zur\u00fcckzusenden - an die vom Verk\u00e4ufer angegebene Lager- oder B\u00fcroadresse. <strong>Kosten der R\u00fccksendung der Waren<\/strong> im Rahmen des R\u00fccktritts vom Vertrag (R\u00fccksendung) gehen grunds\u00e4tzlich zu Lasten des K\u00e4ufers, es sei denn, gesonderte Bestimmungen sehen etwas anderes vor oder der Verk\u00e4ufer erkl\u00e4rt sich bereit, diese Kosten zu \u00fcbernehmen. Es wird empfohlen, die R\u00fccksendung f\u00fcr den Fall des Verlustes oder der Besch\u00e4digung auf dem Transportweg zu versichern.<\/li>\n\n\n\n<li><strong>R\u00fcckgabe der Zahlung:<\/strong> Im Falle eines wirksamen R\u00fccktritts vom Vertrag gilt der Vertrag als nicht geschlossen und die Parteien haben einander die empfangenen Leistungen zur\u00fcckzugew\u00e4hren. Der Verk\u00e4ufer hat den f\u00fcr das Ger\u00e4t gezahlten Preis (und gegebenenfalls die Kosten f\u00fcr die Lieferung an den K\u00e4ufer) innerhalb von 14 Tagen ab dem Tag des Eingangs der Widerrufserkl\u00e4rung zu erstatten. Der Verk\u00e4ufer kann die Erstattung zur\u00fcckhalten, bis er das Ger\u00e4t zur\u00fcckerhalten hat oder der K\u00e4ufer den Nachweis der R\u00fcckgabe erbracht hat, je nachdem, welches Ereignis zuerst eintritt. F\u00fcr diese R\u00fcckzahlung verwenden wir dasselbe Zahlungsmittel, das der K\u00e4ufer bei der urspr\u00fcnglichen Transaktion eingesetzt hat, es sei denn, mit einer anderen Art der R\u00fcckzahlung w\u00e4re ausdr\u00fccklich einverstanden. Wurde die Zahlung f\u00fcr ein Ger\u00e4t direkt zwischen dem K\u00e4ufer und einem zertifizierten Installateur abgewickelt (z. B. im Rahmen einer Installationsdienstleistung), m\u00fcssen die Einzelheiten der Abrechnung der R\u00fcckerstattung f\u00fcr die Installationsdienstleistung gegebenenfalls mit dem betreffenden Installationsunternehmen gem\u00e4\u00df den Bedingungen eines separaten Dienstleistungsvertrags vereinbart werden.<\/li>\n<\/ul>\n\n\n\n<h2 class=\"wp-block-heading\">4. die Haftung f\u00fcr M\u00e4ngel und Funktionseinschr\u00e4nkungen<\/h2>\n\n\n\n<ul class=\"wp-block-list\">\n<li><strong>Ger\u00e4teeigenschaften:<\/strong> ZENBOX PRO ist ein elektronisches Ger\u00e4t, das sich in das elektronische System des Fahrzeugs integriert, um <strong>dauerhafte Deaktivierung des Start-Stop-Systems und des RSA-Systems<\/strong> (Road Sign Assist) bei ausgew\u00e4hlten Fahrzeugmodellen. Durch den Einbau des Ger\u00e4ts werden die angegebenen Fahrzeugfunktionen absichtlich und dauerhaft deaktiviert, was die beabsichtigte Wirkung des Ger\u00e4ts ist. Der K\u00e4ufer erkennt an, dass der Einbau des Ger\u00e4ts die Werkseinstellungen des Fahrzeugs in Bezug auf den Betrieb des Start-Stopp-Systems und\/oder des RSA ver\u00e4ndert. Die ZENBOX PRO darf nur f\u00fcr Fahrzeuge verwendet werden, die in der Produktspezifikation als unterst\u00fctzte Modelle aufgef\u00fchrt sind.<\/li>\n\n\n\n<li><strong>Einschr\u00e4nkungen der Kompatibilit\u00e4t:<\/strong> Obwohl die ZENBOX PRO so konzipiert ist, dass sie mit einer Vielzahl von Fahrzeugmarken und -modellen kompatibel ist, kann es F\u00e4lle geben, in denen die Funktionalit\u00e4t des Ger\u00e4ts eingeschr\u00e4nkt ist. Bei bestimmten Fahrzeugmodellen oder deren spezifischen Ausstattungsversionen kann es vorkommen, dass das Start-Stopp- oder RSA-System nicht vollst\u00e4ndig deaktiviert wird, oder dass das Fahrzeug fehlerhafte Meldungen oder andere unvorhergesehene Nebenwirkungen des Ger\u00e4ts erf\u00e4hrt. Solche Situationen k\u00f6nnen auf individuelle Unterschiede in der On-Board-Software des Fahrzeugs, auf Konstruktions\u00e4nderungen durch den Fahrzeughersteller oder auf andere Faktoren zur\u00fcckzuf\u00fchren sein, auf die der Verk\u00e4ufer keinen Einfluss hat. Der Verk\u00e4ufer bem\u00fcht sich, eine aktuelle Liste der kompatiblen Fahrzeuge und der bekannten Funktionseinschr\u00e4nkungen auf der Produktseite zur Verf\u00fcgung zu stellen. Es wird dem K\u00e4ufer empfohlen, sich vor dem Kauf zu vergewissern (z.B. durch R\u00fccksprache mit dem Verk\u00e4ufer), dass sein Fahrzeug zu den von ZENBOX PRO unterst\u00fctzten Modellen geh\u00f6rt.<\/li>\n\n\n\n<li><strong>Keine Haftung f\u00fcr Unvereinbarkeit:<\/strong> Der Verk\u00e4ufer haftet nicht f\u00fcr eine eventuelle Inkompatibilit\u00e4t des ZENBOX PRO Ger\u00e4ts mit einem bestimmten Fahrzeug des K\u00e4ufers oder f\u00fcr ein unvollst\u00e4ndiges Funktionieren der Funktionen des Ger\u00e4ts in einem bestimmten Fahrzeug, es sei denn, der Grund f\u00fcr eine solche Inkompatibilit\u00e4t oder Einschr\u00e4nkung ist ein Defekt des Ger\u00e4ts selbst. Mit anderen Worten, wenn das Ger\u00e4t als solches funktionst\u00fcchtig ist, aber aufgrund der Eigenschaften eines bestimmten Fahrzeugmodells seine Funktionen nicht vollst\u00e4ndig erf\u00fcllt, stellt dies keine Grundlage f\u00fcr einen Anspruch gegen den Verk\u00e4ufer dar, abgesehen von einer eventuellen Aus\u00fcbung des R\u00fcckgaberechts des K\u00e4ufers innerhalb der vereinbarten Frist (gem\u00e4\u00df Punkt 3 oben). Die Haftung des Verk\u00e4ufers bei Sachm\u00e4ngeln des Ger\u00e4ts beschr\u00e4nkt sich auf die Verpflichtungen, die sich aus der gew\u00e4hrten Garantie (Punkt 2 oben) und den eventuellen Gew\u00e4hrleistungsbestimmungen ergeben.<\/li>\n\n\n\n<li><strong>Defekte und Sch\u00e4den, die w\u00e4hrend des Gebrauchs entstanden sind:<\/strong> Der Verk\u00e4ufer haftet nicht f\u00fcr Sch\u00e4den am Fahrzeug oder f\u00fcr Sch\u00e4den an Dritten, die entstehen durch <strong>missbrauchen<\/strong> ZENBOX PRO Ger\u00e4t. Insbesondere ist jegliche Haftung des Verk\u00e4ufers ausgeschlossen, wenn der K\u00e4ufer: (a) das Ger\u00e4t entgegen der Anleitung oder dem bestimmungsgem\u00e4\u00dfen Gebrauch verwendet hat, (b) Warnhinweise oder Empfehlungen zum Einbau und Gebrauch nicht beachtet hat, (c) unerlaubte Ver\u00e4nderungen an der Fahrzeuginstallation oder am Ger\u00e4t selbst vorgenommen hat. Der Verk\u00e4ufer haftet auch nicht f\u00fcr <strong>indirekte Auswirkungen<\/strong> die Deaktivierung der Start-Stop- oder RSA-Systeme, wie z. B. die Ver\u00e4nderung des Kraftstoffverbrauchs, der Abgasemissionen, des Betriebs anderer Fahrassistenzsysteme oder die m\u00f6gliche Verletzung der Garantie des Fahrzeugherstellers. Der K\u00e4ufer erkennt an, dass alle Folgen, die sich aus der absichtlichen Deaktivierung der Sicherheits- oder Effizienzsysteme des Fahrzeugs (Start-Stop, RSA usw.) mit Hilfe des ZENBOX PRO Ger\u00e4ts ergeben, vom K\u00e4ufer als informiertem Nutzer des Ger\u00e4ts zu tragen sind. Die vorliegenden Bedingungen schr\u00e4nken die Haftung des Verk\u00e4ufers in dem Ma\u00dfe nicht ein, in dem diese Haftung nach geltendem Recht nicht ausgeschlossen oder beschr\u00e4nkt werden kann (z. B. im Falle von Sch\u00e4den, die der Verk\u00e4ufer vors\u00e4tzlich verursacht hat).<\/li>\n<\/ul>\n\n\n\n<h2 class=\"wp-block-heading\">5 Schlussbestimmungen<\/h2>\n\n\n\n<ul class=\"wp-block-list\">\n<li><strong>\u00c4nderungen der Gesch\u00e4ftsordnung:<\/strong> Der Verk\u00e4ufer beh\u00e4lt sich das Recht vor, diese AGB aus wichtigen Gr\u00fcnden zu \u00e4ndern, wie z. B. Gesetzes\u00e4nderungen, Erweiterung oder \u00c4nderung des Produktangebots, \u00c4nderungen der Zahlungs- oder Liefermodalit\u00e4ten oder die Notwendigkeit, die Bestimmungen der AGB zu pr\u00e4zisieren. Die K\u00e4ufer werden \u00fcber jede geplante \u00c4nderung der Allgemeinen Gesch\u00e4ftsbedingungen durch einen Hinweis auf der Website des Verk\u00e4ufers (zen-box.pro) oder per E-Mail (wenn sie ein Kundenkonto oder ein Newsletter-Abonnement haben) mindestens 14 Tage vor dem Inkrafttreten der \u00c4nderung informiert. Auftr\u00e4ge, die vor dem Datum des Inkrafttretens des neuen Wortlauts der Gesch\u00e4ftsbedingungen erteilt wurden, werden zu den bisherigen Bedingungen ausgef\u00fchrt, es sei denn, die Bestimmungen der ge\u00e4nderten Gesch\u00e4ftsbedingungen sind f\u00fcr den K\u00e4ufer g\u00fcnstiger (in diesem Fall k\u00f6nnen sie mit Zustimmung des K\u00e4ufers auch f\u00fcr bereits erteilte Auftr\u00e4ge gelten).<\/li>\n\n\n\n<li><strong>Geltende Rechtsvorschriften:<\/strong> F\u00fcr Angelegenheiten, die in dieser Gesch\u00e4ftsordnung nicht geregelt sind, gelten die einschl\u00e4gigen <strong>Bestimmungen des polnischen Rechts<\/strong>insbesondere das Gesetz vom 23. April 1964 \u00fcber das B\u00fcrgerliche Gesetzbuch (GBl. 1964 Nr. 16 Pos. 93 mit \u00c4nderungen) und - in Bezug auf K\u00e4ufer, die Verbraucher sind - das Gesetz vom 30. Mai 2014 \u00fcber Verbraucherrechte (GBl. 2014 Pos. 827 mit \u00c4nderungen). Die Bestimmungen der Allgemeinen Gesch\u00e4ftsbedingungen zielen nicht darauf ab, die Rechte des Verbrauchers aufgrund zwingender gesetzlicher Bestimmungen auszuschlie\u00dfen oder einzuschr\u00e4nken - im Falle eines m\u00f6glichen Konflikts zwischen den Bestimmungen der Allgemeinen Gesch\u00e4ftsbedingungen und solchen Bestimmungen haben die gesetzlichen Bestimmungen Vorrang.<\/li>\n\n\n\n<li><strong>Beilegung von Streitigkeiten:<\/strong> Etwaige Streitigkeiten zwischen dem Verk\u00e4ufer und dem K\u00e4ufer, die sich aus dem Kaufvertrag \u00fcber das ZENBOX PRO Ger\u00e4t oder aus diesen Bedingungen ergeben, werden zun\u00e4chst g\u00fctlich beigelegt. Der K\u00e4ufer kann au\u00dfergerichtliche Wege zur Beilegung von Beschwerden und Anspr\u00fcchen nutzen (z.B. Mediation, Schlichtungsstelle bei der Gewerbeaufsicht, ODR-Plattform unter http:\/\/ec.europa.eu\/consumers\/odr). Ist eine g\u00fctliche Beilegung einer Streitigkeit nicht m\u00f6glich, so ist das nach den gesetzlichen Bestimmungen \u00f6rtlich und sachlich zust\u00e4ndige Gericht f\u00fcr die Beilegung der Streitigkeit zust\u00e4ndig.<\/li>\n\n\n\n<li><strong>Kontaktinformationen und Kundenbetreuung:<\/strong> Bei Fragen zur Funktionsweise des Produkts, Reklamationen, dem Wunsch nach Aus\u00fcbung des R\u00fcckgaberechts oder anderen Problemen im Zusammenhang mit dem Kauf und der Nutzung von ZENBOX PRO kann der K\u00e4ufer den Verk\u00e4ufer \u00fcber die folgenden Kan\u00e4le kontaktieren:<ul><li class=\"\"><strong>E-Mail Adresse:<\/strong> info@zen-box.pro<strong>Telefonische Beratungsstelle:<\/strong> +48 732 080 889 (werktags von 9:00 bis 17:00 Uhr ge\u00f6ffnet)<strong>Anschrift f\u00fcr den Schriftverkehr:<\/strong> Mi\u0119dzyleska-Stra\u00dfe 4, 50-514 Wroc\u0142aw, Polen.<\/li><\/ul>Der Anbieter ist bestrebt, die Kommunikation mit den Kunden effizient zu gestalten und die Anfragen in k\u00fcrzester Zeit zu bearbeiten. Technischer und inhaltlicher Support f\u00fcr ZENBOX PRO-Benutzer ist unter den oben genannten Kontaktdaten erh\u00e4ltlich.<\/li>\n\n\n\n<li><strong>Inkrafttreten der Gesch\u00e4ftsordnung:<\/strong> Die vorliegenden Gesch\u00e4ftsbedingungen treten am Tag der Ver\u00f6ffentlichung auf der Website zen-box.pro in Kraft und gelten f\u00fcr alle ab diesem Datum erteilten Auftr\u00e4ge. Das Reglement ist integraler Bestandteil des vom Verk\u00e4ufer mit dem K\u00e4ufer abgeschlossenen Kaufvertrags. Mit der Aufgabe einer Bestellung best\u00e4tigt der K\u00e4ufer, dass er die Gesch\u00e4ftsbedingungen gelesen hat und deren Bestimmungen akzeptiert.<\/li>\n<\/ul>\n\t\t\t\t\t\t\t\t<\/div>\n\t\t\t\t<\/div>\n\t\t\t\t\t<\/div>\n\t\t\t\t<\/div>\n\t\t\t\t<\/div>","protected":false},"excerpt":{"rendered":"<p>Bestimmungen ZENBOX PRO Bestimmungen Diese Bestimmungen definieren die Bedingungen f\u00fcr den Kauf, die Installation, die Garantie, die R\u00fcckgabe und die Haftungsregeln f\u00fcr das Ger\u00e4t ZENBOX PRO, das \u00fcber die Website zen-box.pro erworben werden kann. Die Allgemeinen Gesch\u00e4ftsbedingungen wurden in polnischer Sprache in formaler Form und unter Ber\u00fccksichtigung der geltenden Gesetzgebung, insbesondere der Bestimmungen zum Schutz der Verbraucherrechte, verfasst. Bitte lesen Sie die Allgemeinen Gesch\u00e4ftsbedingungen sorgf\u00e4ltig durch, bevor Sie [...].<\/p>","protected":false},"author":1,"featured_media":0,"parent":0,"menu_order":0,"comment_status":"closed","ping_status":"closed","template":"","meta":{"_joinchat":[],"footnotes":""},"class_list":["post-874","page","type-page","status-publish","hentry"],"_links":{"self":[{"href":"https:\/\/zen-box.pro\/de\/wp-json\/wp\/v2\/pages\/874","targetHints":{"allow":["GET"]}}],"collection":[{"href":"https:\/\/zen-box.pro\/de\/wp-json\/wp\/v2\/pages"}],"about":[{"href":"https:\/\/zen-box.pro\/de\/wp-json\/wp\/v2\/types\/page"}],"author":[{"embeddable":true,"href":"https:\/\/zen-box.pro\/de\/wp-json\/wp\/v2\/users\/1"}],"replies":[{"embeddable":true,"href":"https:\/\/zen-box.pro\/de\/wp-json\/wp\/v2\/comments?post=874"}],"version-history":[{"count":3,"href":"https:\/\/zen-box.pro\/de\/wp-json\/wp\/v2\/pages\/874\/revisions"}],"predecessor-version":[{"id":2726,"href":"https:\/\/zen-box.pro\/de\/wp-json\/wp\/v2\/pages\/874\/revisions\/2726"}],"wp:attachment":[{"href":"https:\/\/zen-box.pro\/de\/wp-json\/wp\/v2\/media?parent=874"}],"curies":[{"name":"wp","href":"https:\/\/api.w.org\/{rel}","templated":true}]}}