{"id":180,"date":"2025-03-18T12:44:50","date_gmt":"2025-03-18T12:44:50","guid":{"rendered":"https:\/\/zen-box.pro\/?page_id=180"},"modified":"2025-07-30T13:50:06","modified_gmt":"2025-07-30T13:50:06","slug":"jetzt-kaufen","status":"publish","type":"page","link":"https:\/\/zen-box.pro\/de\/jetzt-kaufen\/","title":{"rendered":"Jetzt kaufen"},"content":{"rendered":"<div data-elementor-type=\"wp-page\" data-elementor-id=\"180\" class=\"elementor elementor-180\" data-elementor-post-type=\"page\">\n\t\t\t\t<div class=\"elementor-element elementor-element-4544ea1 e-flex e-con-boxed e-con e-parent\" data-id=\"4544ea1\" data-element_type=\"container\" data-e-type=\"container\" data-settings=\"{&quot;background_background&quot;:&quot;classic&quot;}\">\n\t\t\t\t\t<div class=\"e-con-inner\">\n\t\t<div class=\"elementor-element elementor-element-12dcf99 e-con-full e-flex e-con e-child\" data-id=\"12dcf99\" data-element_type=\"container\" data-e-type=\"container\">\n\t\t\t\t<div class=\"elementor-element elementor-element-284690f elementor-widget elementor-widget-heading\" data-id=\"284690f\" data-element_type=\"widget\" data-e-type=\"widget\" data-widget_type=\"heading.default\">\n\t\t\t\t<div class=\"elementor-widget-container\">\n\t\t\t\t\t<h1 class=\"elementor-heading-title elementor-size-large\">JETZT BESTELLEN<\/h1>\t\t\t\t<\/div>\n\t\t\t\t<\/div>\n\t\t\t\t<\/div>\n\t\t<div class=\"elementor-element elementor-element-6ea8ad4 elementor-hidden-mobile e-con-full e-flex e-con e-child\" data-id=\"6ea8ad4\" data-element_type=\"container\" data-e-type=\"container\">\n\t\t\t\t<\/div>\n\t\t\t\t\t<\/div>\n\t\t\t\t<\/div>\n\t\t<div class=\"elementor-element elementor-element-d1912f6 e-flex e-con-boxed e-con e-parent\" data-id=\"d1912f6\" data-element_type=\"container\" data-e-type=\"container\">\n\t\t\t\t\t<div class=\"e-con-inner\">\n\t\t<div class=\"elementor-element elementor-element-b25b5ed e-con-full e-flex e-con e-child\" data-id=\"b25b5ed\" data-element_type=\"container\" data-e-type=\"container\">\n\t\t\t\t<div class=\"elementor-element elementor-element-f2b22d2 elementor-widget elementor-widget-image\" data-id=\"f2b22d2\" data-element_type=\"widget\" data-e-type=\"widget\" data-widget_type=\"image.default\">\n\t\t\t\t<div class=\"elementor-widget-container\">\n\t\t\t\t\t\t\t\t\t\t\t\t\t\t\t<img fetchpriority=\"high\" decoding=\"async\" width=\"800\" height=\"800\" src=\"https:\/\/zen-box.pro\/wp-content\/uploads\/2025\/03\/zenbox-pro-disable-start-stop-rsa-isa-1024x1024.jpg\" class=\"attachment-large size-large wp-image-671\" alt=\"\" srcset=\"https:\/\/zen-box.pro\/wp-content\/uploads\/2025\/03\/zenbox-pro-disable-start-stop-rsa-isa-1024x1024.jpg 1024w, https:\/\/zen-box.pro\/wp-content\/uploads\/2025\/03\/zenbox-pro-disable-start-stop-rsa-isa-300x300.jpg 300w, https:\/\/zen-box.pro\/wp-content\/uploads\/2025\/03\/zenbox-pro-disable-start-stop-rsa-isa-150x150.jpg 150w, https:\/\/zen-box.pro\/wp-content\/uploads\/2025\/03\/zenbox-pro-disable-start-stop-rsa-isa-768x768.jpg 768w, https:\/\/zen-box.pro\/wp-content\/uploads\/2025\/03\/zenbox-pro-disable-start-stop-rsa-isa-1536x1536.jpg 1536w, https:\/\/zen-box.pro\/wp-content\/uploads\/2025\/03\/zenbox-pro-disable-start-stop-rsa-isa.jpg 1600w\" sizes=\"(max-width: 800px) 100vw, 800px\" \/>\t\t\t\t\t\t\t\t\t\t\t\t\t\t\t<\/div>\n\t\t\t\t<\/div>\n\t\t\t\t<\/div>\n\t\t<div class=\"elementor-element elementor-element-7d2d847 e-con-full e-flex e-con e-child\" data-id=\"7d2d847\" data-element_type=\"container\" data-e-type=\"container\">\n\t\t\t\t<div class=\"elementor-element elementor-element-fdb8c6e elementor-widget elementor-widget-heading\" data-id=\"fdb8c6e\" data-element_type=\"widget\" data-e-type=\"widget\" data-widget_type=\"heading.default\">\n\t\t\t\t<div class=\"elementor-widget-container\">\n\t\t\t\t\t<h4 class=\"elementor-heading-title elementor-size-default\">ZENBOX PRO<\/h4>\t\t\t\t<\/div>\n\t\t\t\t<\/div>\n\t\t\t\t<div class=\"elementor-element elementor-element-0c949f1 elementor-widget elementor-widget-heading\" data-id=\"0c949f1\" data-element_type=\"widget\" data-e-type=\"widget\" data-widget_type=\"heading.default\">\n\t\t\t\t<div class=\"elementor-widget-container\">\n\t\t\t\t\t<h3 class=\"elementor-heading-title elementor-size-default\">Permanente Systemabschaltung:\nStart-Stopp, RSA, TSR, ISA<\/h3>\t\t\t\t<\/div>\n\t\t\t\t<\/div>\n\t\t\t\t<div class=\"elementor-element elementor-element-54df1d4 elementor-icon-list--layout-traditional elementor-list-item-link-full_width elementor-widget elementor-widget-icon-list\" data-id=\"54df1d4\" data-element_type=\"widget\" data-e-type=\"widget\" data-widget_type=\"icon-list.default\">\n\t\t\t\t<div class=\"elementor-widget-container\">\n\t\t\t\t\t\t\t<ul class=\"elementor-icon-list-items\">\n\t\t\t\t\t\t\t<li class=\"elementor-icon-list-item\">\n\t\t\t\t\t\t\t\t\t\t\t<span class=\"elementor-icon-list-icon\">\n\t\t\t\t\t\t\t<svg aria-hidden=\"true\" class=\"e-font-icon-svg e-fas-check\" viewbox=\"0 0 512 512\" xmlns=\"http:\/\/www.w3.org\/2000\/svg\"><path d=\"M173.898 439.404l-166.4-166.4c-9.997-9.997-9.997-26.206 0-36.204l36.203-36.204c9.997-9.998 26.207-9.998 36.204 0L192 312.69 432.095 72.596c9.997-9.997 26.207-9.997 36.204 0l36.203 36.204c9.997 9.997 9.997 26.206 0 36.204l-294.4 294.401c-9.998 9.997-26.207 9.997-36.204-.001z\"><\/path><\/svg>\t\t\t\t\t\t<\/span>\n\t\t\t\t\t\t\t\t\t\t<span class=\"elementor-icon-list-text\">Sie halten 100% sicher auf der Stra\u00dfe<\/span>\n\t\t\t\t\t\t\t\t\t<\/li>\n\t\t\t\t\t\t\t\t<li class=\"elementor-icon-list-item\">\n\t\t\t\t\t\t\t\t\t\t\t<span class=\"elementor-icon-list-icon\">\n\t\t\t\t\t\t\t<svg aria-hidden=\"true\" class=\"e-font-icon-svg e-fas-check\" viewbox=\"0 0 512 512\" xmlns=\"http:\/\/www.w3.org\/2000\/svg\"><path d=\"M173.898 439.404l-166.4-166.4c-9.997-9.997-9.997-26.206 0-36.204l36.203-36.204c9.997-9.998 26.207-9.998 36.204 0L192 312.69 432.095 72.596c9.997-9.997 26.207-9.997 36.204 0l36.203 36.204c9.997 9.997 9.997 26.206 0 36.204l-294.4 294.401c-9.998 9.997-26.207 9.997-36.204-.001z\"><\/path><\/svg>\t\t\t\t\t\t<\/span>\n\t\t\t\t\t\t\t\t\t\t<span class=\"elementor-icon-list-text\"> Hergestellt in Europa<\/span>\n\t\t\t\t\t\t\t\t\t<\/li>\n\t\t\t\t\t\t\t\t<li class=\"elementor-icon-list-item\">\n\t\t\t\t\t\t\t\t\t\t\t<span class=\"elementor-icon-list-icon\">\n\t\t\t\t\t\t\t<svg aria-hidden=\"true\" class=\"e-font-icon-svg e-fas-check\" viewbox=\"0 0 512 512\" xmlns=\"http:\/\/www.w3.org\/2000\/svg\"><path d=\"M173.898 439.404l-166.4-166.4c-9.997-9.997-9.997-26.206 0-36.204l36.203-36.204c9.997-9.998 26.207-9.998 36.204 0L192 312.69 432.095 72.596c9.997-9.997 26.207-9.997 36.204 0l36.203 36.204c9.997 9.997 9.997 26.206 0 36.204l-294.4 294.401c-9.998 9.997-26.207 9.997-36.204-.001z\"><\/path><\/svg>\t\t\t\t\t\t<\/span>\n\t\t\t\t\t\t\t\t\t\t<span class=\"elementor-icon-list-text\"> Sie verlieren nicht die Fahrzeuggarantie<\/span>\n\t\t\t\t\t\t\t\t\t<\/li>\n\t\t\t\t\t\t\t\t<li class=\"elementor-icon-list-item\">\n\t\t\t\t\t\t\t\t\t\t\t<span class=\"elementor-icon-list-icon\">\n\t\t\t\t\t\t\t<svg aria-hidden=\"true\" class=\"e-font-icon-svg e-fas-check\" viewbox=\"0 0 512 512\" xmlns=\"http:\/\/www.w3.org\/2000\/svg\"><path d=\"M173.898 439.404l-166.4-166.4c-9.997-9.997-9.997-26.206 0-36.204l36.203-36.204c9.997-9.998 26.207-9.998 36.204 0L192 312.69 432.095 72.596c9.997-9.997 26.207-9.997 36.204 0l36.203 36.204c9.997 9.997 9.997 26.206 0 36.204l-294.4 294.401c-9.998 9.997-26.207 9.997-36.204-.001z\"><\/path><\/svg>\t\t\t\t\t\t<\/span>\n\t\t\t\t\t\t\t\t\t\t<span class=\"elementor-icon-list-text\"> Sie gehen kein Risiko ein.<\/span>\n\t\t\t\t\t\t\t\t\t<\/li>\n\t\t\t\t\t\t\t\t<li class=\"elementor-icon-list-item\">\n\t\t\t\t\t\t\t\t\t\t\t<span class=\"elementor-icon-list-icon\">\n\t\t\t\t\t\t\t<svg aria-hidden=\"true\" class=\"e-font-icon-svg e-fas-check\" viewbox=\"0 0 512 512\" xmlns=\"http:\/\/www.w3.org\/2000\/svg\"><path d=\"M173.898 439.404l-166.4-166.4c-9.997-9.997-9.997-26.206 0-36.204l36.203-36.204c9.997-9.998 26.207-9.998 36.204 0L192 312.69 432.095 72.596c9.997-9.997 26.207-9.997 36.204 0l36.203 36.204c9.997 9.997 9.997 26.206 0 36.204l-294.4 294.401c-9.998 9.997-26.207 9.997-36.204-.001z\"><\/path><\/svg>\t\t\t\t\t\t<\/span>\n\t\t\t\t\t\t\t\t\t\t<span class=\"elementor-icon-list-text\">Produkt mit europ\u00e4ischer E20-Homologation<\/span>\n\t\t\t\t\t\t\t\t\t<\/li>\n\t\t\t\t\t\t\t\t<li class=\"elementor-icon-list-item\">\n\t\t\t\t\t\t\t\t\t\t\t<span class=\"elementor-icon-list-icon\">\n\t\t\t\t\t\t\t<svg aria-hidden=\"true\" class=\"e-font-icon-svg e-fas-check\" viewbox=\"0 0 512 512\" xmlns=\"http:\/\/www.w3.org\/2000\/svg\"><path d=\"M173.898 439.404l-166.4-166.4c-9.997-9.997-9.997-26.206 0-36.204l36.203-36.204c9.997-9.998 26.207-9.998 36.204 0L192 312.69 432.095 72.596c9.997-9.997 26.207-9.997 36.204 0l36.203 36.204c9.997 9.997 9.997 26.206 0 36.204l-294.4 294.401c-9.998 9.997-26.207 9.997-36.204-.001z\"><\/path><\/svg>\t\t\t\t\t\t<\/span>\n\t\t\t\t\t\t\t\t\t\t<span class=\"elementor-icon-list-text\">2 Jahre Garantie<\/span>\n\t\t\t\t\t\t\t\t\t<\/li>\n\t\t\t\t\t\t<\/ul>\n\t\t\t\t\t\t<\/div>\n\t\t\t\t<\/div>\n\t\t<div class=\"elementor-element elementor-element-8286afb e-con-full e-flex e-con e-child\" data-id=\"8286afb\" data-element_type=\"container\" data-e-type=\"container\">\n\t\t<div class=\"elementor-element elementor-element-d855f78 e-con-full e-flex e-con e-child\" data-id=\"d855f78\" data-element_type=\"container\" data-e-type=\"container\">\n\t\t\t\t<div class=\"elementor-element elementor-element-962fc91 priceForPolandAndDutch elementor-widget elementor-widget-shortcode\" data-id=\"962fc91\" data-element_type=\"widget\" data-e-type=\"widget\" data-widget_type=\"shortcode.default\">\n\t\t\t\t<div class=\"elementor-widget-container\">\n\t\t\t\t\t\t\t<div class=\"elementor-shortcode\"><h2>  \n  \n\n <h2>\n<\/div>\n\t\t\t\t\t\t<\/div>\n\t\t\t\t<\/div>\n\t\t\t\t<div class=\"elementor-element elementor-element-e7694c8 elementor-widget__width-auto bruttoMontaz elementor-widget elementor-widget-shortcode\" data-id=\"e7694c8\" data-element_type=\"widget\" data-e-type=\"widget\" data-widget_type=\"shortcode.default\">\n\t\t\t\t<div class=\"elementor-widget-container\">\n\t\t\t\t\t\t\t<div class=\"elementor-shortcode\">\n\n\n<\/div>\n\t\t\t\t\t\t<\/div>\n\t\t\t\t<\/div>\n\t\t\t\t<\/div>\n\t\t\t\t<\/div>\n\t\t\t\t<\/div>\n\t\t\t\t\t<\/div>\n\t\t\t\t<\/div>\n\t\t<div class=\"elementor-element elementor-element-99487c1 e-flex e-con-boxed e-con e-parent\" data-id=\"99487c1\" data-element_type=\"container\" data-e-type=\"container\">\n\t\t\t\t\t<div class=\"e-con-inner\">\n\t\t\t\t<div class=\"elementor-element elementor-element-6106b47 elementor-widget elementor-widget-html\" data-id=\"6106b47\" data-element_type=\"widget\" data-e-type=\"widget\" data-widget_type=\"html.default\">\n\t\t\t\t<div class=\"elementor-widget-container\">\n\t\t\t\t\t<div class=\"col-md-12\" style=\"background-color: #fff9e6; padding: 15px;\">\r\n                                <div class=\"bg-warning p-2 text-dark bg-opacity-10 my-4\">\r\n                                    <h4>ZENBOX PRO-Montage<\/h4>\r\n                                    <br>\r\n                                    <p>Um die h\u00f6chste Betriebsqualit\u00e4t und die vollst\u00e4ndige \u00dcbereinstimmung mit der technischen Dokumentation zu gew\u00e4hrleisten, sind die Ger\u00e4te <strong>Wir liefern ZENBOX PRO nur \u00fcber autorisierte Installateure.<\/strong><\/p>\r\n\r\n                                    <p>Wenn Sie ZENBOX PRO bestellen m\u00f6chten, geben Sie der Werkstatt bitte unsere Website und Kontaktdaten an. Wir stellen dann die erforderlichen Anweisungen und Unterlagen zur Verf\u00fcgung und liefern das Ger\u00e4t direkt an die Werkstatt.<\/p>\r\n                                    <p>Die Abrechnung erfolgt nun zwischen Ihnen und dem Installateur.<\/p>\r\n                                    <p>Dies gibt uns die Gewissheit, dass die Installation gem\u00e4\u00df unseren Standards durchgef\u00fchrt wird und Sie erhalten volle Sicherheit, Gew\u00e4hrleistung und Zuverl\u00e4ssigkeit des Systems.<\/p>\r\n\r\n                                    <strong>\ud83d\udd27 Kennst du einen Monteur\/eine Autowerkstatt deines Vertrauens?<\/strong>\r\n                                    <p>Stellen Sie dem Werkstattbesitzer \/ Autoelektronikinstallateur unsere Website zur Verf\u00fcgung \u2013 lassen Sie ihn uns anschreiben.<\/p>\r\n\r\n                                    Dadurch gewinnen Sie:\r\n\r\n                                    <ul>\r\n                                        <li>professionelle Montage der ZENBOX PRO in Ihrer vertrauensw\u00fcrdigen Werkstatt,<\/li>\r\n                                        <li>Montage gem\u00e4\u00df unseren Standards und Dokumentation<\/li>\r\n                                        <li>voller technischer Support und Garantie,<\/li>\r\n                                        <li>die Gewissheit, dass alles so funktioniert, wie es soll \u2013 vom ersten Tag an.<\/li>\r\n                                    <\/ul>\r\n                                <\/div>\r\n                            <\/div>\t\t\t\t<\/div>\n\t\t\t\t<\/div>\n\t\t\t\t<div class=\"elementor-element elementor-element-e174d24 elementor-hidden-desktop elementor-hidden-tablet elementor-hidden-mobile elementor-widget elementor-widget-heading\" data-id=\"e174d24\" data-element_type=\"widget\" data-e-type=\"widget\" data-widget_type=\"heading.default\">\n\t\t\t\t<div class=\"elementor-widget-container\">\n\t\t\t\t\t<h4 class=\"elementor-heading-title elementor-size-default\">Skontaktuj si\u0119 z nami !<\/h4>\t\t\t\t<\/div>\n\t\t\t\t<\/div>\n\t\t\t\t<div class=\"elementor-element elementor-element-7dc51ea elementor-align-left goto-contact-form elementor-mobile-align-center elementor-widget__width-auto elementor-widget elementor-widget-button\" data-id=\"7dc51ea\" data-element_type=\"widget\" data-e-type=\"widget\" data-widget_type=\"button.default\">\n\t\t\t\t<div class=\"elementor-widget-container\">\n\t\t\t\t\t\t\t\t\t<div class=\"elementor-button-wrapper\">\n\t\t\t\t\t<a class=\"elementor-button elementor-button-link elementor-size-lg\" href=\"https:\/\/zen-box.pro\/de\/kontakt\/\">\n\t\t\t\t\t\t<span class=\"elementor-button-content-wrapper\">\n\t\t\t\t\t\t<span class=\"elementor-button-icon\">\n\t\t\t\t<svg aria-hidden=\"true\" class=\"e-font-icon-svg e-far-paper-plane\" viewbox=\"0 0 512 512\" xmlns=\"http:\/\/www.w3.org\/2000\/svg\"><path d=\"M440 6.5L24 246.4c-34.4 19.9-31.1 70.8 5.7 85.9L144 379.6V464c0 46.4 59.2 65.5 86.6 28.6l43.8-59.1 111.9 46.2c5.9 2.4 12.1 3.6 18.3 3.6 8.2 0 16.3-2.1 23.6-6.2 12.8-7.2 21.6-20 23.9-34.5l59.4-387.2c6.1-40.1-36.9-68.8-71.5-48.9zM192 464v-64.6l36.6 15.1L192 464zm212.6-28.7l-153.8-63.5L391 169.5c10.7-15.5-9.5-33.5-23.7-21.2L155.8 332.6 48 288 464 48l-59.4 387.3z\"><\/path><\/svg>\t\t\t<\/span>\n\t\t\t\t\t\t\t\t\t<span class=\"elementor-button-text\">KONTAKT<\/span>\n\t\t\t\t\t<\/span>\n\t\t\t\t\t<\/a>\n\t\t\t\t<\/div>\n\t\t\t\t\t\t\t\t<\/div>\n\t\t\t\t<\/div>\n\t\t\t\t\t<\/div>\n\t\t\t\t<\/div>\n\t\t<div class=\"elementor-element elementor-element-ead53b7 e-flex e-con-boxed e-con e-parent\" data-id=\"ead53b7\" data-element_type=\"container\" data-e-type=\"container\">\n\t\t\t\t\t<div class=\"e-con-inner\">\n\t\t<div class=\"elementor-element elementor-element-839d005 e-con-full e-flex e-con e-child\" data-id=\"839d005\" data-element_type=\"container\" data-e-type=\"container\">\n\t\t\t\t<div class=\"elementor-element elementor-element-f60e411 elementor-widget elementor-widget-shortcode\" data-id=\"f60e411\" data-element_type=\"widget\" data-e-type=\"widget\" data-no-translation=\"\" data-widget_type=\"shortcode.default\">\n\t\t\t\t<div class=\"elementor-widget-container\">\n\t\t\t\t\t<style>.elementor-element-f60e411{display:none !important}<\/style>\t\t\t\t<\/div>\n\t\t\t\t<\/div>\n\t\t\t\t<\/div>\n\t\t\t\t\t<\/div>\n\t\t\t\t<\/div>\n\t\t<div class=\"elementor-element elementor-element-73bbb8f e-flex e-con-boxed e-con e-parent\" data-id=\"73bbb8f\" data-element_type=\"container\" data-e-type=\"container\">\n\t\t\t\t\t<div class=\"e-con-inner\">\n\t\t\t\t<div class=\"elementor-element elementor-element-67c8601 elementor-widget elementor-widget-html\" data-id=\"67c8601\" data-element_type=\"widget\" data-e-type=\"widget\" data-widget_type=\"html.default\">\n\t\t\t\t<div class=\"elementor-widget-container\">\n\t\t\t\t\t<script>\r\nwindow.dataLayer = window.dataLayer || [];\r\n\r\ndocument.addEventListener('DOMContentLoaded', function(){\r\n  var form = document.querySelector('form.needs-validation');\r\n  if (!form) return;\r\n\r\n  function savePurchaseToSession(){\r\n    var transactionId = 'zb-' + Date.now();\r\n    var priceText     = document.querySelector('.razem-brutto')?.textContent || '';\r\n    var value         = parseFloat(priceText.replace(\/[^\\d\\.]\/g, '')) || 0;\r\n\r\n    var payload = {\r\n      transaction_id: transactionId,\r\n      value:          value,\r\n      currency:       'PLN',\r\n      items: [{\r\n        item_id:   'zenbox_pro',\r\n        item_name: 'ZenBOX PRO',\r\n        price:     value,\r\n        quantity:  1\r\n      }]\r\n    };\r\n\r\n    \/\/ zapisujemy do sessionStorage\r\n    sessionStorage.setItem('purchasePayload', JSON.stringify(payload));\r\n    console.debug('Saved purchase to sessionStorage \u2192', payload);\r\n  }\r\n\r\n  \/\/ przed submitem i przy klikni\u0119ciu\r\n  form.addEventListener('submit', savePurchaseToSession);\r\n  form.querySelector('[type=\"submit\"]')?.addEventListener('click', savePurchaseToSession);\r\n});\r\n<\/script>\r\n\t\t\t\t<\/div>\n\t\t\t\t<\/div>\n\t\t\t\t\t<\/div>\n\t\t\t\t<\/div>\n\t\t\t\t<\/div>","protected":false},"excerpt":{"rendered":"<p>JETZT BESTELLEN ZENBOX PRO Deaktiviert dauerhaft die folgenden Systeme: Start-Stopp, RSA, TSR, ISA So bleibt Ihr 100% sicher auf der Stra\u00dfe Hergestellt in Polen Sie verlieren nicht die Garantie Ihres Fahrzeugs Sie riskieren nichts. Sie haben 30 Tage Zeit, es zur\u00fcckzugeben Produkt mit europ\u00e4ischer E20-Homologation 2 Jahre Garantie ZENBOX PRO Distributor Tuning\u2011Shop ist unser Partner in den Niederlanden als offizieller Distributor der Marke ZENBOX PRO. [\u2026]<\/p>","protected":false},"author":1,"featured_media":0,"parent":0,"menu_order":0,"comment_status":"closed","ping_status":"closed","template":"","meta":{"_joinchat":[],"footnotes":""},"class_list":["post-180","page","type-page","status-publish","hentry"],"_links":{"self":[{"href":"https:\/\/zen-box.pro\/de\/wp-json\/wp\/v2\/pages\/180","targetHints":{"allow":["GET"]}}],"collection":[{"href":"https:\/\/zen-box.pro\/de\/wp-json\/wp\/v2\/pages"}],"about":[{"href":"https:\/\/zen-box.pro\/de\/wp-json\/wp\/v2\/types\/page"}],"author":[{"embeddable":true,"href":"https:\/\/zen-box.pro\/de\/wp-json\/wp\/v2\/users\/1"}],"replies":[{"embeddable":true,"href":"https:\/\/zen-box.pro\/de\/wp-json\/wp\/v2\/comments?post=180"}],"version-history":[{"count":189,"href":"https:\/\/zen-box.pro\/de\/wp-json\/wp\/v2\/pages\/180\/revisions"}],"predecessor-version":[{"id":2647,"href":"https:\/\/zen-box.pro\/de\/wp-json\/wp\/v2\/pages\/180\/revisions\/2647"}],"wp:attachment":[{"href":"https:\/\/zen-box.pro\/de\/wp-json\/wp\/v2\/media?parent=180"}],"curies":[{"name":"wp","href":"https:\/\/api.w.org\/{rel}","templated":true}]}}