{"id":874,"date":"2025-03-31T10:47:54","date_gmt":"2025-03-31T10:47:54","guid":{"rendered":"https:\/\/zen-box.pro\/?page_id=874"},"modified":"2025-10-15T11:01:07","modified_gmt":"2025-10-15T11:01:07","slug":"vedtaegt","status":"publish","type":"page","link":"https:\/\/zen-box.pro\/da\/vedtaegt\/","title":{"rendered":"Forordninger"},"content":{"rendered":"<div data-elementor-type=\"wp-page\" data-elementor-id=\"874\" class=\"elementor elementor-874\" data-elementor-post-type=\"page\">\n\t\t\t\t<div class=\"elementor-element elementor-element-49b7fcb e-flex e-con-boxed e-con e-parent\" data-id=\"49b7fcb\" data-element_type=\"container\" data-e-type=\"container\" data-settings=\"{&quot;background_background&quot;:&quot;classic&quot;}\">\n\t\t\t\t\t<div class=\"e-con-inner\">\n\t\t<div class=\"elementor-element elementor-element-92afc7b e-con-full e-flex e-con e-child\" data-id=\"92afc7b\" data-element_type=\"container\" data-e-type=\"container\">\n\t\t\t\t<div class=\"elementor-element elementor-element-b84a38c elementor-widget elementor-widget-heading\" data-id=\"b84a38c\" data-element_type=\"widget\" data-e-type=\"widget\" data-widget_type=\"heading.default\">\n\t\t\t\t<div class=\"elementor-widget-container\">\n\t\t\t\t\t<div class=\"elementor-heading-title elementor-size-large\">Forordninger<\/div>\t\t\t\t<\/div>\n\t\t\t\t<\/div>\n\t\t\t\t<\/div>\n\t\t<div class=\"elementor-element elementor-element-6bde8e8 elementor-hidden-mobile e-con-full e-flex e-con e-child\" data-id=\"6bde8e8\" data-element_type=\"container\" data-e-type=\"container\">\n\t\t\t\t<\/div>\n\t\t\t\t\t<\/div>\n\t\t\t\t<\/div>\n\t\t<div class=\"elementor-element elementor-element-14182772 e-flex e-con-boxed e-con e-parent\" data-id=\"14182772\" data-element_type=\"container\" data-e-type=\"container\">\n\t\t\t\t\t<div class=\"e-con-inner\">\n\t\t\t\t<div class=\"elementor-element elementor-element-2eb03911 elementor-widget elementor-widget-text-editor\" data-id=\"2eb03911\" data-element_type=\"widget\" data-e-type=\"widget\" data-widget_type=\"text-editor.default\">\n\t\t\t\t<div class=\"elementor-widget-container\">\n\t\t\t\t\t\t\t\t\t\n<h1 class=\"wp-block-heading\">ZENBOX PRO Vilk\u00e5r og betingelser<\/h1>\n\n\n\n<p>Disse regler definerer betingelserne for k\u00f8b, installation, garanti, returnering og ansvarsregler for enheden. <strong>ZENBOX PRO<\/strong>, kan k\u00f8bes via hjemmesiden <strong>zen-box.pro<\/strong>. Forordningerne er udarbejdet p\u00e5 polsk i en formel form under hensyntagen til g\u00e6ldende lovbestemmelser, is\u00e6r bestemmelser, der beskytter forbrugerrettigheder. L\u00e6s venligst reglerne omhyggeligt, f\u00f8r du k\u00f8ber ZENBOX PRO-enheden.<\/p>\n\n\n\n<h2 class=\"wp-block-heading\">1. K\u00f8bs- og installationsbetingelser<\/h2>\n\n\n\n<ul class=\"wp-block-list\">\n<li><strong>K\u00f8b af enhed:<\/strong> K\u00f8bet af ZENBOX PRO sker via hjemmesiden zen-box.pro, hvilket svarer til indg\u00e5else af en salgskontrakt mellem K\u00f8ber og S\u00e6lger (operat\u00f8ren af Zen-Box netbutikken). Efter at have afgivet ordren og foretaget betalingen, bekr\u00e6fter S\u00e6lger accept af ordren til udf\u00f8relse. S\u00e6lger leverer enheden til den angivne adresse eller stiller den til r\u00e5dighed for installation i overensstemmelse med den valgte installationsmulighed.<\/li>\n\n\n\n<li><strong>M\u00e5der at installere enheden p\u00e5:<\/strong> K\u00f8beren har to muligheder at v\u00e6lge imellem ved installation af ZENBOX PRO-enheden:<br><strong>a) Selvinstallation<\/strong> \u2013 K\u00f8ber kan selv installere enheden. S\u00e6lgeren leverer en detaljeret monterings- og betjeningsvejledning med enheden. K\u00f8ber er forpligtet til at udf\u00f8re montagen n\u00f8je i overensstemmelse med instruktionerne. S\u00e6lger er ikke ansvarlig for skader p\u00e5 enheden eller k\u00f8ret\u00f8jet som f\u00f8lge af forkert selvinstallation.<br><strong>b) Installation af en autoriseret installat\u00f8r<\/strong> \u2013 K\u00f8ber kan bruge tjenester fra et certificeret netv\u00e6rk af installat\u00f8rer, der samarbejder med S\u00e6lger. Afh\u00e6ngigt af k\u00f8bers placering vil installationsservicen blive udf\u00f8rt af en af tre udpegede partnervirksomheder (f.eks. firma X, Y eller Z). Detaljerede oplysninger om den tildelte installat\u00f8r og kontaktoplysninger vil blive givet til k\u00f8beren efter afgivelse af ordren. <strong>Installationsserviceaftale<\/strong> indg\u00e5s direkte mellem K\u00f8ber og det valgte installationsfirma - det betyder, at den ansvarlige for installationen og dens eventuelle mangler er denne. S\u00e6lger fungerer kun som mellemmand i at bringe K\u00f8ber i kontakt med en certificeret installat\u00f8r og er ikke ansvarlig for forl\u00f8bet eller resultatet af installationsydelsen leveret af en ekstern partner.<\/li>\n\n\n\n<li><strong>Enhedsindsamling og opstart:<\/strong> Efter levering af apparatet (og eventuel installation af installat\u00f8ren) b\u00f8r K\u00f8ber kontrollere, om produktet er komplet og ubeskadiget. I tilf\u00e6lde af skader under transport eller manglende varer, skal k\u00f8ber straks kontakte s\u00e6lger. ZENBOX PRO-enheden m\u00e5 kun bruges i k\u00f8ret\u00f8jer og p\u00e5 en m\u00e5de, der er i overensstemmelse med betjeningsvejledningen. Ethvert fors\u00f8g p\u00e5 selv at modificere enheden er forbudt og kan resultere i tab af garanti og ansvar for eventuelle skader.<\/li>\n<\/ul>\n\n\n\n<h2 class=\"wp-block-heading\">2. Garantibetingelser<\/h2>\n\n\n\n<ul class=\"wp-block-list\">\n<li><strong>Garantiperiode:<\/strong> ZENBOX PRO er d\u00e6kket af en garanti i en periode p\u00e5 <strong>24 m\u00e5neder<\/strong> (2 \u00e5r) fra datoen for levering af enheden til K\u00f8ber (dvs. fra datoen for modtagelse af forsendelsen med enheden eller datoen for installation af enheden - afh\u00e6ngig af hvilken h\u00e6ndelse der indtr\u00e6ffer f\u00f8rst). Det er muligt at forl\u00e6nge garantiperioden med en yderligere periode (f.eks. med 1, 2 eller 3 \u00e5r) p\u00e5 vilk\u00e5r, der er aftalt individuelt med S\u00e6lger - i et s\u00e5dant tilf\u00e6lde vil vilk\u00e5rene for den udvidede garanti blive specificeret i et separat dokument eller bilag.<\/li>\n\n\n\n<li><strong>Omfang af garanti:<\/strong> Garantien d\u00e6kker fabrikationsfejl p\u00e5 enheden og fejl, der skyldes \u00e5rsager, der er iboende i ZENBOX PRO-enheden, afsl\u00f8ret under korrekt brug. I garantiperioden forpligter S\u00e6lger (eller en enhed autoriseret af S\u00e6lger, f.eks. enhedsproducenten) sig til gratis at reparere eller udskifte enheden med en fejlfri, hvis s\u00e5danne defekter rapporteres i overensstemmelse med klageproceduren. Garantien er gyldig i Republikken Polens territorium. Eventuelle garantireparationer vil blive udf\u00f8rt hurtigst muligt, dog ikke l\u00e6ngere end 14 arbejdsdage fra datoen for levering af det defekte udstyr til servicestedet (denne periode kan forl\u00e6nges i berettigede tilf\u00e6lde, som k\u00f8ber vil blive informeret om).<\/li>\n\n\n\n<li><strong>Udelukkelser fra garantien:<\/strong> Garantien d\u00e6kker ikke skader eller defekter p\u00e5 enheden, der skyldes andre omst\u00e6ndigheder end defekter, der er iboende i det solgte produkt. Specielt d\u00e6kker garantien ikke defekter som f\u00f8lge af:<ul><li class=\"\"><strong>Forkert installation<\/strong> enhed (herunder installation i strid med betjeningsvejledningen eller udf\u00f8rt af uautoriseret personale).<\/li><li class=\"\"><strong>Ukorrekt brug<\/strong> eller brug af enheden til andre form\u00e5l end dem, den er beregnet til (f.eks. brug p\u00e5 en m\u00e5de, som ikke er beregnet af fabrikanten, i k\u00f8ret\u00f8jer, der ikke er omfattet af kompatibilitetslisten, eller interferens med enheden).<\/li><li class=\"\"><strong>G\u00f8r-det-selv \u00e6ndringer eller reparationer<\/strong> lavet af uvedkommende. Hvis du \u00e5bner enhedens hus, \u00e6ndrer k\u00f8ret\u00f8jets elektriske system ud over monteringsvejledningen eller foretager andre indgreb, bortfalder garantien.<\/li><li class=\"\"><strong>Mekanisk eller ekstern skade<\/strong> faktorer uden for S\u00e6lgers kontrol (s\u00e5som v\u00e6skeoversv\u00f8mmelse, brand, trafikulykke, sp\u00e6ndingsstigninger i k\u00f8ret\u00f8jets installation, force majeure osv.).<\/li><li class=\"\"><strong>Naturlig slitage<\/strong> komponenter, der slides under normal brug af enheden.<\/li><\/ul>Hvis nogen af de ovenn\u00e6vnte omst\u00e6ndigheder med undtagelse af garantiansvar opst\u00e5r, har S\u00e6lger ret til at n\u00e6gte at reparere eller udskifte enheden gratis. Garantirettighederne udelukker, begr\u00e6nser eller suspenderer ikke K\u00f8bers rettigheder, der f\u00f8lger af bestemmelserne om garanti for mangler ved den solgte vare (hvis relevant).<\/li>\n\n\n\n<li><strong>Klageprocedure:<\/strong> I tilf\u00e6lde af en mangel, der er omfattet af garantien, skal K\u00f8ber straks (senest inden for 14 dage efter manglen har konstateret) reklamere over for S\u00e6lger. Klagen skal indgives skriftligt eller elektronisk (e-mail) til S\u00e6lgers kontaktoplysninger angivet i disse regler, der beskriver den identificerede defekt og omst\u00e6ndighederne ved dens forekomst. S\u00e6lgeren kan bede dig om at levere enheden til et udpeget servicecenter eller punkt for at verificere defekten. Omkostningerne forbundet med at sende enheden tilbage til garantireparation afholdes af S\u00e6lger, hvis reklamationen anses for berettiget (dvs. defekten er d\u00e6kket af garantien). Hvis reklamationen accepteres, vil S\u00e6lger reparere enheden eller erstatte den med en ny og sende den tilbage til K\u00f8ber for egen regning. Hvis reklamationen afvises (f.eks. konstateres, at skaden ikke er d\u00e6kket af garantien), vil S\u00e6lger informere K\u00f8ber herom, begrundet afslaget, og om n\u00f8dvendigt returnere apparatet for K\u00f8bers regning eller, med K\u00f8bers samtykke, kan udf\u00f8re en betalt reparation p\u00e5 s\u00e6rskilte vilk\u00e5r.<\/li>\n<\/ul>\n\n\n\n<h2 class=\"wp-block-heading\">3. Returpolitik<\/h2>\n\n\n\n<ul class=\"wp-block-list\">\n<li><strong>Fortrydelsesret (retur af enhed):<\/strong> K\u00f8ber, der er forbruger, har ret til at fortryde ZENBOX PRO-salgsaftalen, der er indg\u00e5et p\u00e5 fjernsalg, uden at angive nogen grund inden for <strong>14 dage<\/strong> fra den dato, du modtager enheden. S\u00e6lger udvider frivilligt denne ret ved at tilbyde programmet &quot;Garanteret tilfredshed eller pengene tilbage&quot;, hvorefter k\u00f8beren kan fortryde kontrakten inden for <strong>30 dage<\/strong> fra datoen for installation af enheden (eller hvis enheden ikke blev installeret af et netv\u00e6rk af installat\u00f8rer - fra datoen for levering af enheden). Du kan drage fordel af den forl\u00e6ngede 30-dages returperiode, forudsat at du opfylder alle nedenst\u00e5ende krav. Retten til tilbagebetaling er ikke tilg\u00e6ngelig for en k\u00f8ber, der ikke er forbruger i lovens forstand, medmindre parterne aftaler andet.<\/li>\n\n\n\n<li><strong>Returacceptbetingelser:<\/strong> Den returnerede enhed skal v\u00e6re i u\u00e6ndret stand, dvs. den m\u00e5 ikke vise brugsspor, der g\u00e5r ud over det normale omfang af produkttestning. K\u00f8ber skal returnere enheden til <strong>original emballage<\/strong>, med et komplet s\u00e6t af modtaget tilbeh\u00f8r, kabler, instruktioner og k\u00f8bsbevis (kvittering eller faktura). Det er tilladt omhyggeligt at pakke enheden ud og installere enheden i k\u00f8ret\u00f8jet for at kontrollere dens funktion, men i tilf\u00e6lde af fortrydelse af kontrakten er k\u00f8ber forpligtet til at genoprette enheden til dens oprindelige stand og sikre den korrekt under returtransportens varighed. Hvis enheden er installeret af en autoriseret installat\u00f8r, skal K\u00f8ber tillade, at enheden demonteres, inden den returneres (det anbefales at g\u00f8re dette p\u00e5 et autoriseret installationssted). Enhver skade p\u00e5 apparatet eller k\u00f8ret\u00f8jet som f\u00f8lge af demontering foretaget af uautoriserede personer b\u00e6res af k\u00f8ber. S\u00e6lger forbeholder sig ret til at n\u00e6gte returnering eller reducere refusionsbel\u00f8bet, hvis den konstaterer, at enheden er beskadiget p\u00e5 grund af k\u00f8bers fejl eller er ufuldst\u00e6ndig.<\/li>\n\n\n\n<li><strong>Fortrydelsesprocedure:<\/strong> For at ud\u00f8ve fortrydelsesretten skal K\u00f8ber inden udl\u00f8bet af den g\u00e6ldende frist (14 eller 30 dage, afh\u00e6ngig af sagen) afgive en utvetydig erkl\u00e6ring til S\u00e6lger om fortrydelse af kontrakten. Denne erkl\u00e6ring kan sendes skriftligt til S\u00e6lgers hjemstedsadresse eller elektronisk til den angivne e-mailadresse til kontakt. S\u00e6lger vil straks bekr\u00e6fte modtagelsen af fortrydelseserkl\u00e6ringen (hvis den er sendt via e-mail \u2013 ved at sende en svarbesked). S\u00e5 er K\u00f8ber forpligtet til at returnere enheden til S\u00e6lger \u2013 den skal sendes til den af S\u00e6lger angivne lager- eller kontoradresse. <strong>Omkostningerne ved at returnere varerne<\/strong> i tilf\u00e6lde af fortrydelse af kontrakten (tilbagelevering) afholdes omkostningerne som udgangspunkt af K\u00f8ber, medmindre s\u00e6rskilte bestemmelser bestemmer andet, eller S\u00e6lger indvilliger i at d\u00e6kke disse omkostninger. Det anbefales at forsikre returforsendelsen mod tab eller beskadigelse under transporten.<\/li>\n\n\n\n<li><strong>Tilbagebetaling af betaling:<\/strong> I tilf\u00e6lde af en effektiv fortrydelse af kontrakten, anses kontrakten for ikke at v\u00e6re indg\u00e5et, og parterne returnerer til hinanden modtagne fordele. S\u00e6lger refunderer den betalte pris for enheden (og eventuelle omkostninger ved levering til k\u00f8ber) inden for h\u00f8jst 14 dage fra datoen for modtagelse af erkl\u00e6ringen om fortrydelse af kontrakten. S\u00e6lger kan tilbageholde tilbagebetalingen, indtil enheden er modtaget tilbage, eller K\u00f8ber freml\u00e6gger bevis for at sende den tilbage, afh\u00e6ngigt af hvilken h\u00e6ndelse, der indtr\u00e6ffer f\u00f8rst. Tilbagebetaling vil ske ved hj\u00e6lp af den samme betalingsmetode, som k\u00f8beren brugte i den oprindelige transaktion, medmindre k\u00f8beren udtrykkeligt accepterer en anden form for refusion. Hvor betalingen for enheden blev afregnet direkte mellem k\u00f8beren og en certificeret installat\u00f8r (f.eks. som en del af en montageservice), kan det v\u00e6re n\u00f8dvendigt at aftale detaljerne om afregning af refusionen for installationsservicen med det relevante installationsfirma i overensstemmelse med vilk\u00e5rene i en separat serviceaftale.<\/li>\n<\/ul>\n\n\n\n<h2 class=\"wp-block-heading\">4. Ansvar for fejl og funktionsbegr\u00e6nsninger<\/h2>\n\n\n\n<ul class=\"wp-block-list\">\n<li><strong>Enhedens egenskaber:<\/strong> ZENBOX PRO er en elektronisk enhed, der integreres med k\u00f8ret\u00f8jets elektroniske system for at <strong>permanent deaktivering af Start-Stop-systemet og RSA-systemet<\/strong> (Road Sign Assist) p\u00e5 udvalgte bilmodeller. Installation af enheden bevidst og permanent deaktiverer de specificerede k\u00f8ret\u00f8jsfunktioner, hvilket er den tilsigtede effekt af dens drift. K\u00f8ber anerkender, at installation af enheden \u00e6ndrer k\u00f8ret\u00f8jets fabriksindstillinger vedr\u00f8rende driften af Start-Stop- og\/eller RSA-systemerne. ZENBOX PRO b\u00f8r kun bruges i k\u00f8ret\u00f8jer, der er angivet i produktspecifikationerne som underst\u00f8ttede modeller.<\/li>\n\n\n\n<li><strong>Kompatibilitetsbegr\u00e6nsninger:<\/strong> Selvom ZENBOX PRO er designet til at v\u00e6re kompatibel med en lang r\u00e6kke k\u00f8ret\u00f8jsm\u00e6rker og -modeller, kan der v\u00e6re tilf\u00e6lde, hvor enhedens funktionalitet vil v\u00e6re begr\u00e6nset. For nogle k\u00f8ret\u00f8jsmodeller eller deres specifikke udstyrsversioner er Start-Stop- eller RSA-systemet muligvis ikke helt deaktiveret, eller k\u00f8ret\u00f8jet kan vise fejlmeddelelser eller have andre uforudsete bivirkninger som f\u00f8lge af enhedens drift. S\u00e5danne situationer kan skyldes individuelle forskelle i k\u00f8ret\u00f8jets indbyggede software, design\u00e6ndringer indf\u00f8rt af k\u00f8ret\u00f8jsproducenten eller andre faktorer uden for S\u00e6lgers kontrol. S\u00e6lger g\u00f8r alt for at give en opdateret liste over kompatible k\u00f8ret\u00f8jer og kendte funktionsbegr\u00e6nsninger p\u00e5 produktsiden. Det anbefales, at k\u00f8beren inden k\u00f8b sikrer sig (f.eks. ved at konsultere s\u00e6lgeren), at hans k\u00f8ret\u00f8j er blandt de modeller, der underst\u00f8ttes af ZENBOX PRO.<\/li>\n\n\n\n<li><strong>Intet ansvar for uforenelighed:<\/strong> S\u00e6lger er ikke ansvarlig for eventuel inkompatibilitet af ZENBOX PRO-enheden med et specifikt k\u00f8ret\u00f8j af k\u00f8beren eller for ufuldst\u00e6ndig betjening af enhedens funktioner i et givet k\u00f8ret\u00f8j, medmindre \u00e5rsagen til en s\u00e5dan inkompatibilitet eller begr\u00e6nsninger skyldes en defekt i selve enheden. Med andre ord, s\u00e5fremt enheden som s\u00e5dan er funktionel, men ikke fuldt ud opfylder sine form\u00e5l p\u00e5 grund af en given k\u00f8ret\u00f8jsmodels karakteristika, udg\u00f8r dette ikke grundlag for eventuelle krav mod S\u00e6lger, bortset fra K\u00f8bers eventuelle udnyttelse af returretten inden for den fastsatte frist (i overensstemmelse med punkt 3 ovenfor). S\u00e6lgers ansvar i tilf\u00e6lde af fysiske defekter ved enheden er begr\u00e6nset til forpligtelserne i henhold til den ydede garanti (punkt 2 ovenfor) og garantibestemmelserne, hvis det er relevant.<\/li>\n\n\n\n<li><strong>Fejl og skader for\u00e5rsaget under brug:<\/strong> S\u00e6lger er ikke ansvarlig for skader p\u00e5 k\u00f8ret\u00f8jet eller for personskade p\u00e5 tredjemand som f\u00f8lge af brugen af k\u00f8ret\u00f8jet. <strong>forkert brug<\/strong> ZENBOX PRO enheder. Is\u00e6r er ethvert ansvar fra S\u00e6lger udelukket, hvis K\u00f8ber: (a) brugte enheden i modstrid med instruktionerne eller dets tilsigtede form\u00e5l, (b) ignorerede advarsler eller anbefalinger vedr\u00f8rende installation og brug, (c) foretaget uautoriserede \u00e6ndringer af k\u00f8ret\u00f8jets installation eller selve enheden. S\u00e6lger er heller ikke ansvarlig for <strong>indirekte effekter<\/strong> deaktivering af Start-Stop- eller RSA-systemer, s\u00e5som \u00e6ndringer i br\u00e6ndstofforbrug, udst\u00f8dningsemissioner, betjening af andre k\u00f8reassistentsystemer eller et muligt brud p\u00e5 k\u00f8ret\u00f8jsfabrikantens garanti. K\u00f8beren anerkender, at eventuelle konsekvenser, som f\u00f8lge af bevidst deaktivering af k\u00f8ret\u00f8jets sikkerheds- eller effektivitetssystemer (Start-Stop, RSA, osv.) ved brug af ZENBOX PRO-enheden er K\u00f8bers ansvar som den bevidste bruger af denne enhed. Intet i disse regler begr\u00e6nser S\u00e6lgers ansvar i det omfang et s\u00e5dant ansvar ikke kan udelukkes eller begr\u00e6nses i henhold til g\u00e6ldende lovgivning (f.eks. i tilf\u00e6lde af skade for\u00e5rsaget fors\u00e6tligt af S\u00e6lger).<\/li>\n<\/ul>\n\n\n\n<h2 class=\"wp-block-heading\">5. Afsluttende bestemmelser<\/h2>\n\n\n\n<ul class=\"wp-block-list\">\n<li><strong>\u00c6ndringer i vedt\u00e6gterne:<\/strong> S\u00e6lger forbeholder sig retten til at foretage \u00e6ndringer i disse regler af vigtige \u00e5rsager, s\u00e5som \u00e6ndringer i lovbestemmelser, udvidelse eller \u00e6ndring af produkttilbuddet, \u00e6ndringer i betalings- eller leveringsmetoder eller behovet for at pr\u00e6cisere bestemmelserne i reglerne. K\u00f8bere vil blive informeret om eventuelle planlagte \u00e6ndringer af Reglerne ved hj\u00e6lp af en meddelelse offentliggjort p\u00e5 S\u00e6lgers hjemmeside (zen-box.pro) eller via e-mail (i tilf\u00e6lde af at have en kundekonto eller nyhedsbrevsabonnement) mindst 14 dage i forvejen f\u00f8r datoen for \u00e6ndringernes ikrafttr\u00e6den. Ordrer afgivet f\u00f8r datoen for ikrafttr\u00e6den af den nye ordlyd af Reglementet vil blive opfyldt efter de tidligere principper, medmindre bestemmelserne i de \u00e6ndrede Regler er mere fordelagtige for K\u00f8ber (i hvilket tilf\u00e6lde de ogs\u00e5 kan g\u00e6lde for ordrer afgivet tidligere med K\u00f8bers samtykke).<\/li>\n\n\n\n<li><strong>G\u00e6ldende lovbestemmelser:<\/strong> I forhold, der ikke er reguleret af disse bestemmelser, finder de relevante bestemmelser anvendelse. <strong>bestemmelser i polsk lov<\/strong>, navnlig lov af 23. april 1964 \u2013 civilloven (lovtidsskrift 1964, nr. 16, punkt 93, med senere \u00e6ndringer) og \u2013 i forhold til k\u00f8bere, der er forbrugere \u2013 lov af 30. maj 2014 om forbrugerrettigheder (lovtidsskrift 2014, som \u00e6ndret nr. 827). Bestemmelserne i reglementet har ikke til form\u00e5l at udelukke eller begr\u00e6nse nogen forbrugerrettigheder, der er givet ham i henhold til ufravigelige lovbestemmelser - i tilf\u00e6lde af en konflikt mellem bestemmelserne i reglementet og disse bestemmelser, har lovens bestemmelser forrang.<\/li>\n\n\n\n<li><strong>Bil\u00e6ggelse af tvister:<\/strong> Eventuelle tvister mellem S\u00e6lger og K\u00f8ber, der opst\u00e5r fra ZENBOX PRO-enhedssalgskontrakten eller fra disse Regler, vil i f\u00f8rste omgang blive l\u00f8st i mindelighed. K\u00f8beren kan bruge udenretslige metoder til at afg\u00f8re klager og forf\u00f8lge krav (f.eks. m\u00e6gling, voldgift ved handelsinspektionen, ODR-platformen tilg\u00e6ngelig p\u00e5 http:\/\/ec.europa.eu\/consumers\/odr). Hvis en mindelig bil\u00e6ggelse af tvisten ikke er mulig, vil den kompetente domstol til at l\u00f8se tvisten v\u00e6re den domstol med lokal og materiel jurisdiktion i overensstemmelse med loven.<\/li>\n\n\n\n<li><strong>Kontaktoplysninger og kundesupport:<\/strong> I tilf\u00e6lde af sp\u00f8rgsm\u00e5l vedr\u00f8rende driften af produktet, reklamationer, \u00f8nsket om at ud\u00f8ve returretten eller andre sp\u00f8rgsm\u00e5l i forbindelse med k\u00f8b og brug af ZENBOX PRO, kan K\u00f8ber kontakte S\u00e6lger via f\u00f8lgende kanaler:<ul><li class=\"\"><strong>E-mailadresse:<\/strong> info@zen-box.pro<strong>Telefon hotline:<\/strong> +48 732 080 889 (\u00e5bent hverdage 9:00\u201317:00)<strong>Korrespondanceadresse:<\/strong> st. Mi\u0119dzyleska 4, 50-514 Wroclaw, Polen.<\/li><\/ul>S\u00e6lger bestr\u00e6ber sig p\u00e5 at sikre, at kommunikationen med kunderne forl\u00f8ber problemfrit, og at klager behandles p\u00e5 kortest mulig tid. Teknisk og indholdsm\u00e6ssig support til ZENBOX PRO-brugere er tilg\u00e6ngelig p\u00e5 ovenst\u00e5ende kontaktoplysninger.<\/li>\n\n\n\n<li><strong>Vedt\u00e6gternes ikrafttr\u00e6den:<\/strong> Disse vilk\u00e5r og betingelser tr\u00e6der i kraft p\u00e5 datoen for offentligg\u00f8relsen p\u00e5 hjemmesiden zen-box.pro og g\u00e6lder for alle ordrer, der afgives fra denne dato. Reglerne udg\u00f8r en integreret del af den salgskontrakt, som S\u00e6lger har indg\u00e5et med K\u00f8ber. Ved at afgive en ordre bekr\u00e6fter K\u00f8ber, at han eller hun har l\u00e6st Reglerne og accepterer deres bestemmelser.<\/li>\n<\/ul>\n\t\t\t\t\t\t\t\t<\/div>\n\t\t\t\t<\/div>\n\t\t\t\t\t<\/div>\n\t\t\t\t<\/div>\n\t\t\t\t<\/div>","protected":false},"excerpt":{"rendered":"<p>Vilk\u00e5r og betingelser ZENBOX PRO vilk\u00e5r og betingelser Disse vilk\u00e5r og betingelser definerer vilk\u00e5r og betingelser for k\u00f8b, installation, garanti, returnering og ansvarsregler for ZENBOX PRO-enheden, som kan k\u00f8bes via webstedet zen-box.pro. Forordningerne er udarbejdet p\u00e5 polsk i en formel form under hensyntagen til g\u00e6ldende lovbestemmelser, is\u00e6r bestemmelser, der beskytter forbrugerrettigheder. L\u00e6s venligst reglerne omhyggeligt inden [\u2026]<\/p>","protected":false},"author":1,"featured_media":0,"parent":0,"menu_order":0,"comment_status":"closed","ping_status":"closed","template":"","meta":{"_joinchat":[],"footnotes":""},"class_list":["post-874","page","type-page","status-publish","hentry"],"_links":{"self":[{"href":"https:\/\/zen-box.pro\/da\/wp-json\/wp\/v2\/pages\/874","targetHints":{"allow":["GET"]}}],"collection":[{"href":"https:\/\/zen-box.pro\/da\/wp-json\/wp\/v2\/pages"}],"about":[{"href":"https:\/\/zen-box.pro\/da\/wp-json\/wp\/v2\/types\/page"}],"author":[{"embeddable":true,"href":"https:\/\/zen-box.pro\/da\/wp-json\/wp\/v2\/users\/1"}],"replies":[{"embeddable":true,"href":"https:\/\/zen-box.pro\/da\/wp-json\/wp\/v2\/comments?post=874"}],"version-history":[{"count":3,"href":"https:\/\/zen-box.pro\/da\/wp-json\/wp\/v2\/pages\/874\/revisions"}],"predecessor-version":[{"id":2726,"href":"https:\/\/zen-box.pro\/da\/wp-json\/wp\/v2\/pages\/874\/revisions\/2726"}],"wp:attachment":[{"href":"https:\/\/zen-box.pro\/da\/wp-json\/wp\/v2\/media?parent=874"}],"curies":[{"name":"wp","href":"https:\/\/api.w.org\/{rel}","templated":true}]}}